{"id":67524,"date":"2023-02-08T11:45:30","date_gmt":"2023-02-08T10:45:30","guid":{"rendered":"https:\/\/www.light-style.eu\/conditions-generales-de-vente-de-la-boutique\/"},"modified":"2025-01-13T17:42:18","modified_gmt":"2025-01-13T16:42:18","slug":"conditions-generales-de-vente-de-la-boutique","status":"publish","type":"page","link":"https:\/\/www.light-style.eu\/fr\/notre-galerie-dart-pour-votre-murale\/conditions-generales-de-vente-de-la-boutique\/","title":{"rendered":"Conditions g\u00e9n\u00e9rales de vente"},"content":{"rendered":"<h1>Termes et conditions<\/h1>\n<p><a href=\"http:\/\/www.deutsche-anwaltshotline.de\/recht-auf-ihrer-website\/agb-generator\" rel=\"nofollow\">CGV cr\u00e9\u00e9es<\/a> via le g\u00e9n\u00e9rateur de la Deutsche Anwaltshotline AG<\/p>\n<h2>Contractante<\/h2>\n<p>Sur la base des pr\u00e9sentes conditions g\u00e9n\u00e9rales de vente (CGV), l\u2019accord entre le client et<br \/>\nFotostudio Light-Style<br \/>\nrepr\u00e9sent\u00e9 par Andreas M\u00f6ller<br \/>\nAdresse : Jahnstr. 7 63517 Registre du commerce de Rodenbach :  <\/p>\n<p> [Handelsregister]\nNum\u00e9ro d\u2019immatriculation au registre du commerce :  [Handelsregisternummer]\nNum\u00e9ro d\u2019identification \u00e0 la TVA : DE243380881<br \/>\n, ci-apr\u00e8s d\u00e9nomm\u00e9 le prestataire, le contrat est conclu.<\/p>\n<h2>Objet de l\u2019accord<\/h2>\n<p>Ce contrat r\u00e9git la vente de nouveaux biens et services via la boutique en ligne du prestataire. Pour les d\u00e9tails de l\u2019offre respective, il faut se r\u00e9f\u00e9rer \u00e0 la description du produit sur la page de l\u2019offre. <\/p>\n<h2>Contrat<\/h2>\n<p>Le contrat est conclu dans le cadre de transactions commerciales \u00e9lectroniques via le syst\u00e8me de boutique ou par d\u2019autres moyens de communication \u00e0 distance tels que le t\u00e9l\u00e9phone et l\u2019e-mail. Les offres pr\u00e9sent\u00e9es repr\u00e9sentent une invitation non contraignante \u00e0 soumettre une offre par la commande du client, que le fournisseur peut ensuite accepter. Le processus de commande pour la conclusion d\u2019un contrat dans le syst\u00e8me de boutique comprend les \u00e9tapes suivantes :  <\/p>\n<ul>\n<li>S\u00e9lection de l\u2019offre dans les sp\u00e9cifications souhait\u00e9es (taille, couleur, nombre)<\/li>\n<li>Ajouter l\u2019offre au panier<\/li>\n<li>Appuyer sur le bouton \u00ab commander \u00bb<\/li>\n<li>Saisie de l\u2019adresse de facturation et de livraison<\/li>\n<li>S\u00e9lection du mode de paiement<\/li>\n<li>R\u00e9vision et traitement de la commande et de toutes les participations<\/li>\n<li>Appuyer sur le bouton \u00ab commander contre r\u00e9mun\u00e9ration \u00bb<\/li>\n<li>E-mail de confirmation de la r\u00e9ception de la commande<\/li>\n<\/ul>\n<p>En plus du syst\u00e8me de boutique, les commandes peuvent \u00e9galement \u00eatre pass\u00e9es via des moyens de communication \u00e0 distance (t\u00e9l\u00e9phone\/e-mail), ce qui signifie que le processus de commande pour la conclusion du contrat comprend les \u00e9tapes suivantes :<\/p>\n<ul>\n<li>Appelez la hotline de commande \/ envoyez l\u2019e-mail de commande<\/li>\n<li>E-mail de confirmation de la r\u00e9ception de la commande<\/li>\n<\/ul>\n<p>Le contrat est conclu avec l\u2019envoi de la confirmation de commande.<\/p>\n<h2>Dur\u00e9e du contrat<\/h2>\n<p>Le contrat est conclu pour une dur\u00e9e ind\u00e9termin\u00e9e.<\/p>\n<h2>Propri\u00e9t\u00e9<\/h2>\n<p>Jusqu\u2019au paiement int\u00e9gral, les marchandises livr\u00e9es restent la propri\u00e9t\u00e9 du fournisseur.<\/p>\n<h2>Dispositions<\/h2>\n<p>Le Prestataire se r\u00e9serve le droit de ne pas fournir le service promis en cas d\u2019indisponibilit\u00e9.<\/p>\n<h2>Prix, frais d\u2019exp\u00e9dition, frais de retour<\/h2>\n<p>Tous les prix sont des prix finaux et incluent la TVA. En plus des prix finaux, il y a d\u2019autres frais en fonction du mode d\u2019exp\u00e9dition, qui seront affich\u00e9s avant l\u2019exp\u00e9dition de la commande. S\u2019il existe un droit de r\u00e9tractation et qu\u2019il l\u2019utilise, le client supporte les frais de retour.  <\/p>\n<h2>Modalit\u00e9s de paiement<\/h2>\n<p>Le client ne dispose que des options de paiement suivantes : pr\u00e9l\u00e8vement automatique, prestataire de services de paiement (PayPal), paiement en esp\u00e8ces \u00e0 l\u2019encaissement, carte de cr\u00e9dit. D\u2019autres modes de paiement ne sont pas propos\u00e9s et seront rejet\u00e9s.<br \/>\nLe montant de la facture sera collect\u00e9 par le fournisseur par pr\u00e9l\u00e8vement automatique sur la base de l\u2019autorisation de pr\u00e9l\u00e8vement par le client sur le compte indiqu\u00e9 par le client. Lorsque vous faites appel \u00e0 un service de s\u00e9questre\/prestataire de services de paiement, il permet au fournisseur et au client de traiter le paiement entre eux. Dans ce cas, le service de s\u00e9questre\/prestataire de services de paiement transmet le paiement du client au prestataire. Vous trouverez de plus amples informations sur le site web du prestataire de services de s\u00e9questre\/de paiement concern\u00e9. Le montant de la facture peut \u00e9galement \u00eatre pay\u00e9 en esp\u00e8ces dans les locaux commerciaux du fournisseur pendant les heures normales de bureau, en d\u00e9duisant les frais d\u2019exp\u00e9dition factur\u00e9s. En cas de paiement par carte de cr\u00e9dit, le client doit \u00eatre le titulaire de la carte. La carte de cr\u00e9dit sera d\u00e9bit\u00e9e apr\u00e8s l\u2019exp\u00e9dition de la marchandise. Le Client est tenu de payer ou de transf\u00e9rer le montant indiqu\u00e9 sur le compte indiqu\u00e9 sur la facture dans les 14 jours suivant la r\u00e9ception de la facture. Le paiement est d\u00fb sans d\u00e9duction \u00e0 compter de la date de facturation. Apr\u00e8s l\u2019expiration du d\u00e9lai de paiement, qui est donc d\u00e9termin\u00e9 par le calendrier, le client est en d\u00e9faut m\u00eame sans rappel.          <\/p>\n<h2>Conditions de livraison<\/h2>\n<p>Les marchandises seront exp\u00e9di\u00e9es imm\u00e9diatement apr\u00e8s confirmation de la r\u00e9ception du paiement. En moyenne, l\u2019exp\u00e9dition a lieu au plus tard apr\u00e8s 14 jours. L\u2019entrepreneur s\u2019engage \u00e0 livrer dans les 21 jours suivant la r\u00e9ception de la commande. Le d\u00e9lai de livraison standard est de 10 jours, sauf indication contraire dans la description de l\u2019article. Le fournisseur n\u2019exp\u00e9die pas directement. La commande sera exp\u00e9di\u00e9e par le fabricant d\u00e8s que la totalit\u00e9 de la commande y sera en stock. Le client sera imm\u00e9diatement inform\u00e9 de tout retard.      <\/p>\n<h2>Garantie<\/h2>\n<p>Si le client est un entrepreneur, la p\u00e9riode de garantie pour les marchandises neuves est limit\u00e9e \u00e0 un an. Si le client est un entrepreneur, la garantie est exclue pour les biens d\u2019occasion. Si le client est un consommateur, la p\u00e9riode de garantie pour les biens d\u2019occasion est limit\u00e9e \u00e0 un an. Cela ne s\u2019applique pas aux demandes de dommages et int\u00e9r\u00eats du client en raison d\u2019une atteinte \u00e0 la vie, \u00e0 l\u2019int\u00e9grit\u00e9 physique, \u00e0 la sant\u00e9 ou \u00e0 des obligations contractuelles essentielles, qui doivent n\u00e9cessairement \u00eatre remplies pour atteindre l\u2019objectif contractuel. Cela ne s\u2019applique pas non plus aux demandes de dommages et int\u00e9r\u00eats suite \u00e0 une n\u00e9gligence grave ou \u00e0 une violation intentionnelle des obligations par le fournisseur ou son repr\u00e9sentant l\u00e9gal ou son auxiliaire d\u2019ex\u00e9cution. Pour le reste, les dispositions l\u00e9gales s\u2019appliquent.     <\/p>\n<h2>Contrat<\/h2>\n<p>Le texte du contrat est stock\u00e9 par le fournisseur. Le client n\u2019a aucun moyen d\u2019acc\u00e9der directement au texte du contrat enregistr\u00e9. Le client peut corriger les erreurs de saisie lors du processus de commande. Pour ce faire, il peut proc\u00e9der comme suit : Par e-mail \u00e0 Contact@studio-light-style.de en pr\u00e9cisant le num\u00e9ro de commande.   <\/p>\n<h2>Droit de r\u00e9tractation et service client<\/h2>\n<p>Les r\u00e8gles relatives aux contrats \u00e0 distance ne s\u2019appliquent pas aux clients qui sont des entrepreneurs. Par cons\u00e9quent, ces clients n\u2019ont pas droit \u00e0 un droit de r\u00e9tractation correspondant sur la base d\u2019un contrat \u00e0 distance. Le fournisseur n\u2019admet pas non plus une telle situation.  <\/p>\n<h2>D\u00e9menti<\/h2>\n<p>Les demandes de dommages et int\u00e9r\u00eats du client sont exclues, sauf indication contraire pour les raisons suivantes. Cela s\u2019applique \u00e9galement au repr\u00e9sentant et au mandataire du fournisseur si le client fait valoir des droits \u00e0 dommages et int\u00e9r\u00eats \u00e0 leur encontre. Sont exclues les demandes de dommages et int\u00e9r\u00eats du client en raison d\u2019une atteinte \u00e0 la vie, \u00e0 l\u2019int\u00e9grit\u00e9 physique, \u00e0 la sant\u00e9 ou \u00e0 des obligations contractuelles essentielles, qui doivent n\u00e9cessairement \u00eatre remplies pour atteindre l\u2019objectif contractuel. Cela ne s\u2019applique pas non plus aux demandes de dommages et int\u00e9r\u00eats suite \u00e0 une n\u00e9gligence grave ou \u00e0 une violation intentionnelle des obligations par le fournisseur ou son repr\u00e9sentant l\u00e9gal ou son auxiliaire d\u2019ex\u00e9cution.   <\/p>\n<h2>Langue, juridiction et droit applicable<\/h2>\n<p>Le contrat est r\u00e9dig\u00e9 en allemand. La poursuite de l\u2019ex\u00e9cution de la relation contractuelle se fera en allemand. Le droit de la R\u00e9publique f\u00e9d\u00e9rale d\u2019Allemagne s\u2019applique exclusivement. Pour les consommateurs, cela ne s\u2019applique que dans la mesure o\u00f9 cela ne restreint pas les dispositions l\u00e9gales du pays dans lequel le client a son domicile ou sa r\u00e9sidence habituelle. Le for juridique est le si\u00e8ge social du fournisseur pour les litiges avec des clients qui ne sont pas des consommateurs, des personnes morales de droit public ou des fonds sp\u00e9ciaux de droit public.    <\/p>\n<h2>Vie priv\u00e9e<\/h2>\n<p>Dans le cadre de l\u2019initiation, de la conclusion, de l\u2019ex\u00e9cution et de la r\u00e9siliation d\u2019un contrat d\u2019achat sur la base des pr\u00e9sentes CGV, des donn\u00e9es sont collect\u00e9es, stock\u00e9es et trait\u00e9es par le fournisseur. Cela se fait dans le cadre des dispositions l\u00e9gales. Le Fournisseur ne transmet aucune donn\u00e9e personnelle du Client \u00e0 des tiers, sauf s\u2019il y serait l\u00e9galement tenu ou si le Client y a express\u00e9ment consenti au pr\u00e9alable. Si un tiers est utilis\u00e9 pour des services en relation avec le traitement des processus de traitement, les dispositions de la loi f\u00e9d\u00e9rale sur la protection des donn\u00e9es sont respect\u00e9es. Les donn\u00e9es fournies par le client dans le cadre de la commande seront trait\u00e9es exclusivement dans le but de vous contacter dans le cadre de l\u2019ex\u00e9cution du contrat et uniquement aux fins pour lesquelles le client a fourni les donn\u00e9es. Les donn\u00e9es ne seront transmises \u00e0 la soci\u00e9t\u00e9 de transport qui prend en charge la livraison des marchandises conform\u00e9ment \u00e0 la commande que dans la mesure o\u00f9 cela est n\u00e9cessaire. Les donn\u00e9es de paiement seront transmises \u00e0 la banque charg\u00e9e du paiement. Si le fournisseur est soumis \u00e0 des dur\u00e9es de conservation de nature commerciale ou fiscale, la conservation de certaines donn\u00e9es peut prendre jusqu\u2019\u00e0 dix ans. Lors de la visite de la boutique en ligne du fournisseur, des donn\u00e9es anonymis\u00e9es qui ne tirent pas et n\u2019ont pas l\u2019intention de tirer des conclusions sur les donn\u00e9es personnelles, en particulier l\u2019adresse IP, la date, l\u2019heure, le type de navigateur, le syst\u00e8me d\u2019exploitation et les pages visit\u00e9es, sont enregistr\u00e9es. \u00c0 la demande du client, les donn\u00e9es personnelles seront supprim\u00e9es, corrig\u00e9es ou bloqu\u00e9es dans le cadre des dispositions l\u00e9gales. Des informations sur toutes les donn\u00e9es personnelles du client sont disponibles gratuitement. Pour toute question ou demande de suppression, de rectification ou de blocage des donn\u00e9es personnelles ainsi que de collecte, de traitement et d\u2019utilisation, le client peut s\u2019adresser \u00e0 l\u2019adresse suivante : Fotostudio Light-Style, Andreas M\u00f6ller, Jahnstr. 7 63517 Rodenbach 06184-930505 contact@studio-light-style.de.            <\/p>\n<h2>Clause de sauvegarde<\/h2>\n<p>La nullit\u00e9 de l\u2019une quelconque des dispositions des pr\u00e9sentes CGV n\u2019aura aucun effet sur la validit\u00e9 des autres dispositions.<\/p>\n","protected":false},"excerpt":{"rendered":"<p>Termes et conditions CGV cr\u00e9\u00e9es via le g\u00e9n\u00e9rateur de la Deutsche Anwaltshotline AG Contractante Sur la base des pr\u00e9sentes conditions g\u00e9n\u00e9rales de vente (CGV), l\u2019accord entre le client et Fotostudio Light-Style repr\u00e9sent\u00e9 par Andreas M\u00f6ller Adresse : Jahnstr. 7 63517 Registre du commerce de Rodenbach : [Handelsregister] Num\u00e9ro d\u2019immatriculation au registre du commerce : [Handelsregisternummer]&hellip;<\/p>\n","protected":false},"author":1,"featured_media":0,"parent":67560,"menu_order":0,"comment_status":"closed","ping_status":"closed","template":"","meta":{"advanced_seo_description":"","jetpack_seo_html_title":"","jetpack_seo_noindex":false,"ngg_post_thumbnail":0,"footnotes":""},"class_list":["post-67524","page","type-page","status-publish","hentry","entry","no-media"],"jetpack_likes_enabled":true,"jetpack_sharing_enabled":true,"_links":{"self":[{"href":"https:\/\/www.light-style.eu\/fr\/wp-json\/wp\/v2\/pages\/67524","targetHints":{"allow":["GET"]}}],"collection":[{"href":"https:\/\/www.light-style.eu\/fr\/wp-json\/wp\/v2\/pages"}],"about":[{"href":"https:\/\/www.light-style.eu\/fr\/wp-json\/wp\/v2\/types\/page"}],"author":[{"embeddable":true,"href":"https:\/\/www.light-style.eu\/fr\/wp-json\/wp\/v2\/users\/1"}],"replies":[{"embeddable":true,"href":"https:\/\/www.light-style.eu\/fr\/wp-json\/wp\/v2\/comments?post=67524"}],"version-history":[{"count":0,"href":"https:\/\/www.light-style.eu\/fr\/wp-json\/wp\/v2\/pages\/67524\/revisions"}],"up":[{"embeddable":true,"href":"https:\/\/www.light-style.eu\/fr\/wp-json\/wp\/v2\/pages\/67560"}],"wp:attachment":[{"href":"https:\/\/www.light-style.eu\/fr\/wp-json\/wp\/v2\/media?parent=67524"}],"curies":[{"name":"wp","href":"https:\/\/api.w.org\/{rel}","templated":true}]}}