{"id":67573,"date":"2023-02-08T11:45:37","date_gmt":"2023-02-08T10:45:37","guid":{"rendered":"https:\/\/www.light-style.eu\/notre-galerie-dart-pour-votre-murale\/votre-panier\/"},"modified":"2024-09-23T13:11:23","modified_gmt":"2024-09-23T11:11:23","slug":"votre-panier","status":"publish","type":"page","link":"https:\/\/www.light-style.eu\/fr\/notre-galerie-dart-pour-votre-murale\/votre-panier\/","title":{"rendered":"Votre panier"},"content":{"rendered":"<p style=\"text-align: center;\">Je suis heureux que vous ayez trouv\u00e9 quelque chose de convenable.<\/p>\n<p style=\"text-align: center;\">Ici vous pouvez voir l\u2019aper\u00e7u de vos peintures murales s\u00e9lectionn\u00e9es.<\/p>\n<p style=\"text-align: center;\">Toutes les peintures murales de cette boutique sont consciencieusement r\u00e9alis\u00e9es individuellement pour vous, de sorte que les retours ne sont possibles que pour les photos endommag\u00e9es ou les erreurs de laboratoire grossi\u00e8res.<\/p>\n<p style=\"text-align: center;\"><strong><\/strong><\/p>\n","protected":false},"excerpt":{"rendered":"<p>Je suis heureux que vous ayez trouv\u00e9 quelque chose de convenable. Ici vous pouvez voir l\u2019aper\u00e7u de vos peintures murales s\u00e9lectionn\u00e9es. Toutes les peintures murales de cette boutique sont consciencieusement r\u00e9alis\u00e9es individuellement pour vous, de sorte que les retours ne sont possibles que pour les photos endommag\u00e9es ou les erreurs de laboratoire grossi\u00e8res.<\/p>\n","protected":false},"author":1,"featured_media":0,"parent":67560,"menu_order":0,"comment_status":"closed","ping_status":"closed","template":"","meta":{"advanced_seo_description":"","jetpack_seo_html_title":"","jetpack_seo_noindex":false,"ngg_post_thumbnail":0,"footnotes":""},"class_list":["post-67573","page","type-page","status-publish","hentry","entry","no-media"],"jetpack_likes_enabled":true,"jetpack_sharing_enabled":true,"_links":{"self":[{"href":"https:\/\/www.light-style.eu\/fr\/wp-json\/wp\/v2\/pages\/67573","targetHints":{"allow":["GET"]}}],"collection":[{"href":"https:\/\/www.light-style.eu\/fr\/wp-json\/wp\/v2\/pages"}],"about":[{"href":"https:\/\/www.light-style.eu\/fr\/wp-json\/wp\/v2\/types\/page"}],"author":[{"embeddable":true,"href":"https:\/\/www.light-style.eu\/fr\/wp-json\/wp\/v2\/users\/1"}],"replies":[{"embeddable":true,"href":"https:\/\/www.light-style.eu\/fr\/wp-json\/wp\/v2\/comments?post=67573"}],"version-history":[{"count":0,"href":"https:\/\/www.light-style.eu\/fr\/wp-json\/wp\/v2\/pages\/67573\/revisions"}],"up":[{"embeddable":true,"href":"https:\/\/www.light-style.eu\/fr\/wp-json\/wp\/v2\/pages\/67560"}],"wp:attachment":[{"href":"https:\/\/www.light-style.eu\/fr\/wp-json\/wp\/v2\/media?parent=67573"}],"curies":[{"name":"wp","href":"https:\/\/api.w.org\/{rel}","templated":true}]}}