{"id":67715,"date":"2023-02-08T11:46:08","date_gmt":"2023-02-08T10:46:08","guid":{"rendered":"https:\/\/www.light-style.eu\/photographie\/contact\/"},"modified":"2025-11-04T11:50:05","modified_gmt":"2025-11-04T10:50:05","slug":"contact","status":"publish","type":"page","link":"https:\/\/www.light-style.eu\/fr\/photographie\/contact\/","title":{"rendered":"Contact"},"content":{"rendered":"\n<hr class=\"wp-block-separator has-alpha-channel-opacity is-style-wide\"\/>\n\n<p class=\"has-text-align-center has-black-color has-text-color has-link-color wp-elements-e357c59f13c8334abd3bb2206167bf35\">Ici, vous avez maintenant la possibilit\u00e9 de nous envoyer des questions ou des suggestions. Vous trouverez l&rsquo;itin\u00e9raire vers le studio ci-dessous. <\/p>\n\n<figure class=\"wp-block-image alignright size-full is-resized\"><a href=\"https:\/\/www.light-style.eu\/fr\/photographie\/votre-photographe-landi\/euer-fotograf-der-andi-16-2\/\"><img data-recalc-dims=\"1\" loading=\"lazy\" decoding=\"async\" width=\"800\" height=\"1200\" src=\"https:\/\/i0.wp.com\/www.light-style.eu\/studiosite\/wp-content\/uploads\/2022\/01\/euer-fotograf-der-andi-15.jpg?resize=800%2C1200&#038;ssl=1\" alt=\"\" class=\"wp-image-54284\" style=\"width:101px;height:auto\" srcset=\"https:\/\/i0.wp.com\/www.light-style.eu\/studiosite\/wp-content\/uploads\/2022\/01\/euer-fotograf-der-andi-15.jpg?w=800&amp;ssl=1 800w, https:\/\/i0.wp.com\/www.light-style.eu\/studiosite\/wp-content\/uploads\/2022\/01\/euer-fotograf-der-andi-15.jpg?resize=200%2C300&amp;ssl=1 200w, https:\/\/i0.wp.com\/www.light-style.eu\/studiosite\/wp-content\/uploads\/2022\/01\/euer-fotograf-der-andi-15.jpg?resize=768%2C1152&amp;ssl=1 768w, https:\/\/i0.wp.com\/www.light-style.eu\/studiosite\/wp-content\/uploads\/2022\/01\/euer-fotograf-der-andi-15.jpg?resize=600%2C900&amp;ssl=1 600w\" sizes=\"auto, (max-width: 800px) 100vw, 800px\" \/><\/a><\/figure>\n\n<p class=\"has-text-align-center has-black-color has-text-color has-link-color wp-elements-781362cb93662755f461f0aa11bbfc64\">Je me r\u00e9jouis de vos messages. <\/p>\n\n<p class=\"has-text-align-right has-black-color has-text-color has-link-color wp-elements-62c8ed141f42caef3425be13a402d5cc\">Votre Andi<\/p>\n\n<hr class=\"wp-block-separator has-alpha-channel-opacity is-style-wide\"\/>\n\n<h4 class=\"wp-block-heading has-vivid-cyan-blue-color has-text-color\"><a href=\"#Anfahrt\" data-type=\"internal\" data-id=\"#Anfahrt\"><span style=\"text-decoration: underline;\">Voyage<\/span><\/a><\/h4>\n\n<p class=\"has-text-align-left has-text-color has-link-color wp-elements-1065bb6fc06596586e7fb521642e11ad\" style=\"color:#6717b1\"><a href=\"https:\/\/www.light-style.eu\/Blog\/meinungen\/\" target=\"_blank\" rel=\"noreferrer noopener\">Nos avis<\/a><\/p>\n\n<p class=\"has-text-align-center has-accent-background-color has-text-color has-background has-medium-font-size\" style=\"color:#f2c07a\"><strong><em><a href=\"https:\/\/www.light-style.eu\/fr\/photographie\/prenez-rendez-vous-maintenant\/\">Ou r\u00e9servez directement votre rendez-vous dans l&rsquo;outil de r\u00e9servation \u2013 cliquez ici<\/a><\/em><\/strong><\/p>\n\n<p class=\"has-text-align-center\"><span style=\"font-size: 21px;\">Par t\u00e9l\u00e9phone au studio au num\u00e9ro <a href=\"tel:06184930505\">+(49) (0)6184-930505<\/a><\/span><\/p>\n\n<p class=\"has-text-align-center\"><span style=\"font-size: 18px;\">Par la poste : <a href=\"mailto:contact@light-style.eu\">Publipostage<\/a><\/span><\/p>\n\n<p class=\"has-text-align-center has-text-color has-link-color wp-elements-df34ef31437d0a105064a7624e28eab8\" style=\"color:#05a268;font-size:4px\"><span style=\"font-size: 16px; color: #339966;\"><span style=\"font-size: 16px; color: #339966;\">R\u00e8glement de l\u2019UE sur la protection des donn\u00e9es: En cliquant sur le lien de publipostage, vous reconnaissez que les donn\u00e9es stock\u00e9es dans le courrier seront stock\u00e9es par nous. Vous trouverez de plus amples informations sur notre <a style=\"color: #339966;\" href=\"https:\/\/www.light-style.eu\/studiosite\/agbs\/datenschutz\/\" target=\"_blank\" rel=\"noopener noreferrer\">page sur la protection de nos donn\u00e9es<\/a>. Malheureusement, le r\u00e8glement de l&rsquo;UE nous oblige \u00e0 vous informer du stockage, et aussi du fait que vous pouvez ensuite demander par \u00e9crit la suppression des donn\u00e9es. <\/span><br\/><\/span><\/p>\n<div class=\"wp-block-vcex-contact-form\"><div class=\"vcex-contact-form wpex-form-modern\" data-ajaxurl=\"https:\/\/www.light-style.eu\/studiosite\/wp-admin\/admin-ajax.php\" data-notice-success=\"Nous vous remercions pour votre message. Nous y r\u00e9pondrons dans les plus brefs d\u00e9lais. \" data-notice-error=\"The following error occurred: {{error}}\" data-subject=\"Mail von Website\" data-nonce=\"723ae882ad\"><form class=\"vcex-contact-form__form\"><div class=\"vcex-contact-form__fields wpex-mb-15 wpex-flex wpex-flex-col wpex-gap-15\"><div class=\"vcex-contact-form__name wpex-flex-grow\"><label class=\"screen-reader-text\" for=\"vcex-contact-form__69f56b88dbae4-name\">Dein Name<sup class=\"vcex-contact-form__required\">*<\/sup><\/label><input class=\"vcex-contact-form__input wpex-w-100\" type=\"text\" id=\"vcex-contact-form__69f56b88dbae4-name\" name=\"vcex_cf_name\" required placeholder=\"Dein Name*\"><\/div><div class=\"vcex-contact-form__email wpex-flex-grow\"><label class=\"screen-reader-text\" for=\"vcex-contact-form__69f56b88dbae4-email\">Deine Email Adresse<sup class=\"vcex-contact-form__required\">*<\/sup><\/label><input class=\"vcex-contact-form__input wpex-w-100\" type=\"email\" id=\"vcex-contact-form__69f56b88dbae4-email\" name=\"vcex_cf_email\" required placeholder=\"Deine Email Adresse*\"><\/div><\/div><div class=\"vcex-contact-form__message wpex-mb-15\"><label class=\"screen-reader-text\" for=\"vcex-contact-form__69f56b88dbae4-message\">Was k\u00f6nnen wir f\u00fcr Dich tun?<\/label><textarea rows=\"8\" class=\"vcex-contact-form__textarea wpex-align-top wpex-w-100\" id=\"vcex-contact-form__69f56b88dbae4-message\" name=\"vcex_cf_message\" required placeholder=\"Was k\u00f6nnen wir f\u00fcr Dich tun?\"><\/textarea><\/div><div class=\"vcex-contact-form__privacy wpex-flex wpex-items-center wpex-gap-5 wpex-mb-15\"><input type=\"checkbox\" class=\"vcex-contact-form__checkbox\" id=\"vcex-contact-form__69f56b88dbae4-privacy\" name=\"vcex_cf_privacy\" required><label class=\"vcex-contact-form__label wpex-block\" for=\"vcex-contact-form__69f56b88dbae4-privacy\">DSGVO anerkannt<\/label><\/div><button class=\"vcex-contact-form__submit vcex-contact-form__submit--full wpex-flex wpex-w-100 wpex-text-1em wpex-items-center wpex-gap-10 wpex-justify-center wpex-opacity-100 theme-button\"><span class=\"vcex-contact-form__submit-text\">Senden<\/span><span class=\"vcex-contact-form__spinner wpex-icon wpex-hidden\"><svg height=\"20\" width=\"20\" class=\"wpex-animate-spin wpex-opacity-5\" xmlns=\"http:\/\/www.w3.org\/2000\/svg\" viewBox=\"0 0 16 16\" fill=\"currentColor\"><path fill-rule=\"evenodd\" d=\"M8 3a5 5 0 1 0 4.546 2.914.5.5 0 0 1 .908-.417A6 6 0 1 1 8 2z\"\/><path d=\"M8 4.466V.534a.25.25 0 0 1 .41-.192l2.36 1.966c.12.1.12.284 0 .384L8.41 4.658A.25.25 0 0 1 8 4.466\"\/><\/svg><\/span><\/button><div class=\"vcex-contact-form__notice wpex-hidden wpex-alert wpex-mt-15 wpex-mb-0\" role=\"alert\" aria-live=\"assertive\" tabindex=\"-1\"><\/div><\/form><div class=\"vcex-contact-form__overlay wpex-hidden\"><\/div><\/div><\/div>\n<hr class=\"wp-block-separator has-css-opacity is-style-wide\"\/>\n\n<h4 class=\"wp-block-heading has-text-align-center\" id=\"Anfahrt\">Vous nous trouverez ici<\/h4>\n\n<p class=\"has-text-align-center has-small-font-size\">\r\n            \r\n            \r\n            \r\n            <a name='map3'><\/a>\r\n            \r\n            \r\n            \r\n            \r\n            <div class=\"wpgmza_map \"  id=\"wpgmza_map_3\" style=\"display:block; overflow:auto; width:100%; height:700px; float:left;\" data-settings='{\"id\":\"3\",\"map_title\":\"meine Karte\",\"map_width\":\"100\",\"map_height\":\"700\",\"map_start_lat\":\"50.20826243989029\",\"map_start_lng\":\"9.015691500000006\",\"map_start_location\":\"50.14349205366415,9.01522399009138\",\"map_start_zoom\":\"12\",\"default_marker\":\"\\\/\\\/www.light-style.eu\\\/studiosite\\\/wp-content\\\/plugins\\\/wp-google-maps\\\/images\\\/spotlight-poi3.png\",\"type\":\"1\",\"alignment\":\"3\",\"directions_enabled\":\"1\",\"styling_enabled\":\"0\",\"styling_json\":\"\",\"active\":\"0\",\"kml\":\"\",\"bicycle\":\"0\",\"traffic\":\"1\",\"dbox\":\"5\",\"dbox_width\":\"60\",\"listmarkers\":\"0\",\"listmarkers_advanced\":\"0\",\"filterbycat\":\"0\",\"ugm_enabled\":\"0\",\"ugm_category_enabled\":\"0\",\"fusion\":\"\",\"map_width_type\":\"%\",\"map_height_type\":\"px\",\"mass_marker_support\":\"0\",\"ugm_access\":\"0\",\"order_markers_by\":\"1\",\"order_markers_choice\":\"2\",\"show_user_location\":\"1\",\"default_to\":\"Fotostudio Light-Style, Jahnstra\\u00dfe, Rodenbach, Deutschland\",\"other_settings\":{\"wpgmza_store_locator_restrict\":\"de\",\"wpgmza_sl_animation\":\"2\",\"store_locator_query_string\":\"PLZ \\\/ Adresse:\",\"store_locator_name_string\":\"Title \\\/ Description:\",\"store_locator_default_address\":\"\",\"wpgmza_dbox_width_type\":\"%\",\"map_max_zoom\":\"3\",\"map_min_zoom\":\"21\",\"sl_stroke_color\":\"#000000\",\"sl_stroke_opacity\":\"0.25\",\"sl_fill_color\":\"#000000\",\"sl_fill_opacity\":\"0.15\",\"click_open_link\":true,\"transport_layer\":false,\"iw_primary_color\":\"#ffffff\",\"iw_accent_color\":\"#75ddfb\",\"iw_text_color\":\"#000000\",\"wpgmza_iw_type\":\"0\",\"list_markers_by\":\"0\",\"push_in_map\":\"\",\"push_in_map_placement\":\"9\",\"wpgmza_push_in_map_width\":\"\",\"wpgmza_push_in_map_height\":\"\",\"wpgmza_theme_data\":\"[]\",\"upload_default_ul_marker\":\"\\\/\\\/www.light-style.eu\\\/studiosite\\\/wp-content\\\/plugins\\\/wp-google-maps\\\/images\\\/spotlight-poi3.png\",\"upload_default_sl_marker\":\"\",\"shortcodeAttributes\":{\"id\":\"3\"},\"action\":\"wpgmza_save_map\",\"redirect_to\":\"\\\/studiosite\\\/wp-admin\\\/admin-post.php\",\"map_id\":\"3\",\"http_referer\":\"\\\/studiosite\\\/wp-admin\\\/admin.php?page=wp-google-maps-menu&amp;amp;action=edit&amp;amp;map_id=3\",\"wpgmza_id\":\"3\",\"wpgmza_start_location\":\"50.20826243989029,9.015691500000006\",\"wpgmza_start_zoom\":\"12\",\"directions_box_style\":\"default\",\"default_from\":\"\",\"directions_behaviour\":\"intelligent\",\"force_google_directions_app\":true,\"directions_route_origin_icon\":\"https:\\\/\\\/www.light-style.eu\\\/studiosite\\\/wp-content\\\/plugins\\\/wp-google-maps\\\/images\\\/spotlight-poi2.png\",\"directions_origin_retina\":false,\"directions_route_destination_icon\":\"https:\\\/\\\/www.light-style.eu\\\/studiosite\\\/wp-content\\\/plugins\\\/wp-google-maps\\\/images\\\/spotlight-poi2.png\",\"directions_destination_retina\":false,\"directions_route_stroke_color\":\"#eb58e3\",\"directions_route_stroke_weight\":\"4\",\"directions_route_stroke_opacity\":\"0.8\",\"directions_fit_bounds_to_route\":true,\"store_locator_enabled\":false,\"store_locator_search_area\":\"auto\",\"wpgmza_store_locator_radius_style\":\"legacy\",\"wpgmza_store_locator_default_radius\":\"10\",\"store_locator_auto_area_max_zoom\":\"\",\"store_locator_distance\":false,\"wpgmza_store_locator_position\":false,\"store_locator_show_distance\":false,\"store_locator_category\":false,\"wpgmza_store_locator_use_their_location\":false,\"wpgmza_store_locator_bounce\":true,\"upload_default_sl_marker_retina\":false,\"wpgmza_store_locator_hide_before_search\":false,\"store_locator_name_search\":false,\"store_locator_not_found_message\":\"\",\"retina\":false,\"wpgmza_map_align\":\"1\",\"upload_default_ul_marker_retina\":false,\"jump_to_nearest_marker_on_initialization\":false,\"automatically_pan_to_users_location\":true,\"override_users_location_zoom_level\":false,\"override_users_location_zoom_levels\":\"\",\"show_distance_from_location\":false,\"fit_maps_bounds_to_markers\":false,\"fit_maps_bounds_to_markers_after_filtering\":false,\"hide_point_of_interest\":true,\"wpgmza_zoom_on_marker_click\":false,\"wpgmza_zoom_on_marker_click_slider\":\"\",\"close_infowindow_on_map_click\":true,\"disable_lightbox_images\":false,\"use_Raw_Jpeg_Coordinates\":false,\"polygon_labels\":false,\"disable_polygon_info_windows\":false,\"enable_advanced_custom_fields_integration\":false,\"enable_toolset_woocommerce_integration\":false,\"only_load_markers_within_viewport\":false,\"wpgmza_listmarkers_by\":\"4\",\"wpgmza_marker_listing_position\":false,\"wpgmza_push_in_map\":false,\"wpgmza_push_in_map_placement\":\"1\",\"zoom_level_on_marker_listing_override\":false,\"zoom_level_on_marker_listing_click\":\"\",\"datatable_no_result_message\":\"\",\"remove_search_box_datables\":false,\"dataTable_pagination_style\":\"default\",\"datatable_search_string\":\"\",\"datatable_result_start\":\"\",\"datatable_result_of\":\"\",\"datatable_result_to\":\"\",\"datatable_result_total\":\"\",\"datatable_result_show\":\"\",\"datatable_result_entries\":\"\",\"wpgmza_savemap\":\"Save Map \\u00bb\",\"store_locator_location_placeholder\":\"\",\"enable_marker_labels\":false,\"zoom_level_mobile_override_enabled\":false,\"zoom_level_mobile_override\":\"\",\"marker_listing_disable_zoom\":false,\"store_locator_style\":\"modern\",\"wpgmza_theme\":\"0\"}}' data-map-id='3' data-shortcode-attributes='{\"id\":\"3\"}'> <\/div>\r\n            \r\n            <div data-wpgmza-table data-wpgmza-php-class=\"WPGMZA\\MarkerListing\\BasicList\" data-wpgmza-rest-api-route=\"\/marker-listing\/\" data-wpgmza-marker-listing=\"true\" class=\"wpgmza_marker_list_class\" style=\"width:100%;\" data-wpgmza-ajax-parameters='{\"map_id\":\"3\"}' id=\"wpgmza_marker_list_3\"><\/div>   \r\n        <div style=\"display:block; width:100%;\">\r\n\t\t\t\t\r\n\t\t\t\t<div class=\"wpgmza-directions-box wpgmaps_directions_outer_div style-default\" data-map-id=\"3\" style=\"width:60%;float:none;overflow:auto;clear:both;\" id=\"wpgmaps_directions_edit_3\">\n\t<h2 class=\"wpgmza-directions-box__title\">Obtenir l'itin\u00e9raire<\/h2>\n\t\n\t<div class=\"wpgmza-directions-box-inner\" id=\"wpgmaps_directions_editbox_3\">\n\t\t<div class=\"wpgmza-directions-actions wpgmza-form-field\">\n\t\t\t<div class=\"wpgmza-directions__travel-mode\">\n\t\t\t\t<span class=\"wpgmza-travel-mode-option wpgmza-travel-option__selected\" data-mode=\"driving\">\n\t\t\t\t\t<img data-recalc-dims=\"1\" src=\"https:\/\/i0.wp.com\/www.light-style.eu\/studiosite\/wp-content\/plugins\/wp-google-maps-pro\/images\/icons\/directions_car.png?w=980&#038;ssl=1\">\n\t\t\t\t<\/span>\n\t\t\t\t<span class=\"wpgmza-travel-mode-option\" data-mode=\"walking\">\n\t\t\t\t\t<img data-recalc-dims=\"1\" src=\"https:\/\/i0.wp.com\/www.light-style.eu\/studiosite\/wp-content\/plugins\/wp-google-maps-pro\/images\/icons\/directions_walking.png?w=980&#038;ssl=1\">\n\t\t\t\t<\/span>\n\t\t\t\t<span class=\"wpgmza-travel-mode-option\" data-mode=\"transit\">\n\t\t\t\t\t<img data-recalc-dims=\"1\" src=\"https:\/\/i0.wp.com\/www.light-style.eu\/studiosite\/wp-content\/plugins\/wp-google-maps-pro\/images\/icons\/directions_transit.png?w=980&#038;ssl=1\">\n\t\t\t\t<\/span>\n\t\t\t\t<span class=\"wpgmza-travel-mode-option\" data-mode=\"bicycling\">\n\t\t\t\t\t<img data-recalc-dims=\"1\" src=\"https:\/\/i0.wp.com\/www.light-style.eu\/studiosite\/wp-content\/plugins\/wp-google-maps-pro\/images\/icons\/directions_bike.png?w=980&#038;ssl=1\">\n\t\t\t\t<\/span>\n\t\t\t<\/div>\n\n\t\t\t<div class=\"wpgmza-directions-locations\">\n\t\t\t\t<div class=\"wpgmza-directions-from wpgmza-form-field\">\n\n\t\t\t\t\t<i class=\"wpgmza-directions-from__icon fa fa-circle\"><\/i>\n\t\t\t\n\t\t\t\t\t<label class=\"wpgmza-form-field__label\" for=\"wpgmza_input_from_3\">\n\t\t\t\t\t\tDe\t\t\t\t\t<\/label>\n\t\t\t\t\t\n\t\t\t\t\t<input class=\"wpgmza-address wpgmza-directions-from wpgmza-form-field__input\" type=\"text\" placeholder=\"De\" value=\"\" id=\"wpgmza_input_from_3\" aria-label=\"De\">\n\t\t\t\t\n\t\t\t\t<\/div>\n\n\t\t\t\t<div class=\"wpgmza-directions-to wpgmza-form-field wpgmaps_to_row\">\n\n\t\t\t\t\t<i class=\"wpgmza-directions-to__icon fa fas fa-map-marker\"><\/i>\n\n\t\t\t\t\t<label class=\"wpgmza-form-field__label\" for=\"wpgmza_input_to_3\">\n\t\t\t\t\t\tVers\t\t\t\t\t<\/label>\n\t\t\t\t\t<input class=\"wpgmza-address wpgmza-form-field__input wpgmza-directions-to\" type=\"text\" placeholder=\"Vers\" value=\"Fotostudio Light-Style, Jahnstra\u00dfe, Rodenbach, Deutschland\" id=\"wpgmza_input_to_3\" aria-label=\"Vers\">\n\t\t\t\t<\/div>\n\t\t\t\t\n\t\t\t\t<div class=\"wpgmza-waypoint-via wpgmza-form-field wpgmza-form-field--no-pad wpgmaps_via wpgmaps_template\">\n\n\t\t\t\t\t<i class=\"wpgmza-directions-from__icon fa fa-circle\"><\/i>\n\t\t\t\t\n\t\t\t\t\t<input class=\"wpgmza-waypoint-via wpgmza-form-field__input wpgmaps_via\" type=\"text\" placeholder=\"Via\">\n\t\t\t\t\t\n\t\t\t\t\t<button href=\"javascript:%20;\" class=\"wpgmza_remove_via\">\n\t\t\t\t\t\t<i class=\"fa fa-times\"><\/i>\n\t\t\t\t\t<\/button>\n\t\t\t\t\t\n\t\t\t\t<\/div>\n\t\t\t\t\n\t\t\t\t<div class=\"wpgmza-add-waypoint wpgmza-form-field wpgmza-form-field--no-pad wpgmaps_add_waypoint\">\n\t\t\t\t\t<div class=\"wpgmaps_add_waypoint\">\n\t\t\t\t\t\t<a href=\"javascript:%20;\" class=\"wpgmaps_add_waypoint\" mapid=\"3\">\n\t\t\t\t\t\t\t<i class=\"fa fa-plus-circle\" aria-hidden=\"true\"><\/i>\n\t\t\t\t\t\t\tAjouter un polygone\t\t\t\t\t\t<\/a>\n\t\t\t\t\t<\/div>\n\t\t\t\t<\/div>\n\t\t\t<\/div>\n\n\t\t\t<div class=\"wpgmza-hidden\">\n\t\t\t<label class=\"wpgmza-travel-mode wpgmza-form-field__label\" for=\"wpgmza_dir_type_3\">\n\t\t\t\tPour\t\t\t<\/label>\n\t\t\t<select class=\"wpgmza-travel-mode wpgmza-form-field__input\" name=\"wpgmza_dir_type_3\" id=\"wpgmza_dir_type_3\" aria-label=\"Pour\">\n\t\t\t\t<option value=\"driving\">\n\t\t\t\t\tEn voiture\t\t\t\t<\/option>\n\t\t\t\t<option value=\"walking\">\n\t\t\t\t\t\u00c0 pied\t\t\t\t<\/option>\n\t\t\t\t<option value=\"transit\">\n\t\t\t\t\tEn transport en commun\t\t\t\t<\/option>\n\t\t\t\t<option value=\"bicycling\">\n\t\t\t\t\t\u00c0 v\u00e9lo\t\t\t\t<\/option>\n\t\t\t<\/select>\n\t\t\t<\/div>\n\t\t<\/div>\n\t\t\t\n\t\t<div class=\"wpgmza-directions-options__section\">\n\t\t\t<a href=\"javascript:;\" class=\"wpgmza-show-directions-options\" id=\"wpgmza_show_options_3\" mapid=\"3\">\n\t\t\t\tafficher les options\t\t\t<\/a>\n\t\t\t\n\t\t\t<a href=\"javascript:;\" class=\"wpgmza-hide-directions-options\" id=\"wpgmza_hide_options_3\" mapid=\"3\">\n\t\t\t\tCacher les options\t\t\t<\/a>\n\t\t\t\n\t\t\t<div class=\"wpgmza-directions-options wpgmza-form-field wpgmza-form-field--no-pad wpgmza_dir_options\">\n\t\t\t\t<label class=\"class\">\n\t\t\t\t\t<input type=\"checkbox\" class=\"wpgmza-avoid-tolls\" value=\"tolls\" name=\"wpgmza_tolls_3\" id=\"wpgmza_tolls_3\">\n\t\t\t\t\t\u00c9viter les p\u00e9ages\t\t\t\t<\/label>\n\t\t\t\t<label class=\"class\">\n\t\t\t\t\t<input type=\"checkbox\" class=\"wpgmza-avoid-highways\" value=\"highways\" name=\"wpgmza_highways_3\" id=\"wpgmza_highways_3\">\n\t\t\t\t\t\u00c9viter les autoroutes\t\t\t\t<\/label>\n\t\t\t\t<label class=\"class\">\n\t\t\t\t\t<input type=\"checkbox\" class=\"wpgmza-avoid-ferries\" value=\"ferries\" name=\"wpgmza_ferries_3\" id=\"wpgmza_ferries_3\">\n\t\t\t\t\t\u00c9viter les ferries\t\t\t\t<\/label>\n\t\t\t<\/div>\n\t\t<\/div>\n\t\t\n\t<\/div>\n\t\n\t<div class=\"wpgmza-directions-buttons wpgmza-form-field wpgmaps_to_row\">\n\t\t<input class=\"wpgmza-get-directions wpgmaps_get_directions\" onclick=\"javascript: ;\" type=\"button\" value=\"Proc\u00e9der\" id=\"3\">\n\t\t\n\t\t<span class=\"wpgmza-directions-result__buttons\">\n\t\t\t<a class=\"wpgmza-print-directions\" style=\"display: none;\" onclick=\"javascript: ;\" mapid=\"3\">\n\t\t\t\timprimer les instructions\t\t\t<\/a>\n\t\t\t\n\t\t\t<a class=\"wpgmza-reset-directions\" style=\"display: none;\" onclick=\"javascript: ;\" mapid=\"3\">\n\t\t\t\tR\u00e9initialiser les directions\t\t\t<\/a>\n\t\t<\/span>\n\t<\/div>\n<\/div>\r\n\t\t\t\t\r\n\t\t\t\t<div id=\"wpgmaps_directions_notification_3\" style=\"display:none;\">Recherche des itin\u00e9raires\u2026...<\/div>\r\n\t\t\t\t\r\n\t\t\t\t<div id=\"wpgmaps_directions_reset_3\" style=\"display:none;\">\r\n\r\n\t\t\t\t\t<a href='javascript:void(0)' onclick='wpgmza_reset_directions(3);' id='wpgmaps_reset_directions' title='R\u00e9initialiser les directions'>R\u00e9initialiser les directions<\/a>\r\n\t\t\t\t\t<br \/>\r\n\t\t\t\t\t<a href='javascript: ;' id='wpgmaps_print_directions_3' target='_blank' title='imprimer les instructions'>imprimer les instructions<\/a>\r\n\t\t\t\t<\/div>\r\n\t\t\t\t\r\n\t\t\t\t<div id=\"directions_panel_3\"><\/div>\r\n\r\n\t\t\t<\/div>\n\n<hr class=\"wp-block-separator has-css-opacity is-style-wide\"\/>\n\n<figure class=\"wp-block-image aligncenter is-resized\"><a href=\"https:\/\/www.light-style.eu\/bonjour\/willkommen\/baby-babybauch\/b17b0202-3\/\"><img data-recalc-dims=\"1\" loading=\"lazy\" decoding=\"async\" width=\"800\" height=\"1200\" src=\"https:\/\/i0.wp.com\/www.light-style.eu\/studiosite\/wp-content\/uploads\/2016\/09\/baby-babybauch.jpg?resize=800%2C1200&#038;ssl=1\" alt=\"\" class=\"wp-image-884\" style=\"width:294px;height:441px\" srcset=\"https:\/\/i0.wp.com\/www.light-style.eu\/studiosite\/wp-content\/uploads\/2016\/09\/baby-babybauch.jpg?w=200&amp;ssl=1 200w, https:\/\/i0.wp.com\/www.light-style.eu\/studiosite\/wp-content\/uploads\/2016\/09\/baby-babybauch.jpg?w=768&amp;ssl=1 768w, https:\/\/i0.wp.com\/www.light-style.eu\/studiosite\/wp-content\/uploads\/2016\/09\/baby-babybauch.jpg?w=600&amp;ssl=1 600w, https:\/\/i0.wp.com\/www.light-style.eu\/studiosite\/wp-content\/uploads\/2016\/09\/baby-babybauch.jpg?w=800&amp;ssl=1 800w\" sizes=\"auto, (max-width: 800px) 100vw, 800px\" \/><\/a><\/figure>\n\n<p><\/p>\n","protected":false},"excerpt":{"rendered":"<p>Ici, vous avez maintenant la possibilit\u00e9 de nous envoyer des questions ou des suggestions. Vous trouverez l&rsquo;itin\u00e9raire vers le studio ci-dessous. Je me r\u00e9jouis de vos messages. Votre Andi Voyage Nos avis Ou r\u00e9servez directement votre rendez-vous dans l&rsquo;outil de r\u00e9servation \u2013 cliquez ici Par t\u00e9l\u00e9phone au studio au num\u00e9ro +(49) (0)6184-930505 Par la poste&hellip;<\/p>\n","protected":false},"author":1,"featured_media":0,"parent":66744,"menu_order":10,"comment_status":"closed","ping_status":"closed","template":"","meta":{"advanced_seo_description":"","jetpack_seo_html_title":"","jetpack_seo_noindex":false,"ngg_post_thumbnail":0,"footnotes":""},"class_list":["post-67715","page","type-page","status-publish","hentry","entry","no-media"],"jetpack_likes_enabled":true,"jetpack_sharing_enabled":true,"_links":{"self":[{"href":"https:\/\/www.light-style.eu\/fr\/wp-json\/wp\/v2\/pages\/67715","targetHints":{"allow":["GET"]}}],"collection":[{"href":"https:\/\/www.light-style.eu\/fr\/wp-json\/wp\/v2\/pages"}],"about":[{"href":"https:\/\/www.light-style.eu\/fr\/wp-json\/wp\/v2\/types\/page"}],"author":[{"embeddable":true,"href":"https:\/\/www.light-style.eu\/fr\/wp-json\/wp\/v2\/users\/1"}],"replies":[{"embeddable":true,"href":"https:\/\/www.light-style.eu\/fr\/wp-json\/wp\/v2\/comments?post=67715"}],"version-history":[{"count":0,"href":"https:\/\/www.light-style.eu\/fr\/wp-json\/wp\/v2\/pages\/67715\/revisions"}],"up":[{"embeddable":true,"href":"https:\/\/www.light-style.eu\/fr\/wp-json\/wp\/v2\/pages\/66744"}],"wp:attachment":[{"href":"https:\/\/www.light-style.eu\/fr\/wp-json\/wp\/v2\/media?parent=67715"}],"curies":[{"name":"wp","href":"https:\/\/api.w.org\/{rel}","templated":true}]}}