{"id":68108,"date":"2023-02-08T11:49:31","date_gmt":"2023-02-08T10:49:31","guid":{"rendered":"https:\/\/www.light-style.eu\/empreinte\/"},"modified":"2023-02-08T11:49:31","modified_gmt":"2023-02-08T10:49:31","slug":"empreinte","status":"publish","type":"page","link":"https:\/\/www.light-style.eu\/fr\/termes-et-conditions\/empreinte\/","title":{"rendered":"Empreinte"},"content":{"rendered":"<h1 style=\"text-align: center;\">Empreinte<\/h1>\n<h2 style=\"text-align: center;\">Informations selon \u00a7 5 TMG:<\/h2>\n<p style=\"text-align: center;\">Andreas Moeller<br \/>\nPhoto Studio Light-Style<br \/>\nRue de la Jahnstrasse 7<br \/>\n63517 Rodenbach, Allemagne<\/p>\n<h2 style=\"text-align: center;\">Contact:<\/h2>\n<table class=\" aligncenter\" style=\"height: 75px;\" width=\"301\">\n<tbody>\n<tr>\n<td>T\u00e9l\u00e9phone:<\/td>\n<td>06184-930 505<\/td>\n<\/tr>\n<tr>\n<td style=\"text-align: center;\">Messagerie \u00e9lectronique:<\/td>\n<td style=\"text-align: center;\">contact@studio-light-style.de<\/td>\n<\/tr>\n<\/tbody>\n<\/table>\n<h2 style=\"text-align: center;\">Num\u00e9ro de TVA :<\/h2>\n<p style=\"text-align: center;\">Num\u00e9ro d\u2019identification de la taxe de vente selon \u00a7 27 une loi sur la taxe de vente:<br \/>\nDE243380881<\/p>\n<h2 style=\"text-align: center;\">Informations sur l\u2019assurance responsabilit\u00e9 civile professionnelle :<\/h2>\n<p style=\"text-align: center;\">Nom et si\u00e8ge social de la soci\u00e9t\u00e9:<\/p>\n<p style=\"text-align: center;\">&nbsp;&nbsp;&nbsp;&nbsp;&nbsp;&nbsp;&nbsp;&nbsp;&nbsp;&nbsp;&nbsp;&nbsp;&nbsp;&nbsp;&nbsp;&nbsp;&nbsp;&nbsp;&nbsp;&nbsp;&nbsp;&nbsp;&nbsp;&nbsp;&nbsp;&nbsp;&nbsp;&nbsp;&nbsp;&nbsp;&nbsp;&nbsp;&nbsp;&nbsp;&nbsp;&nbsp;&nbsp;&nbsp;&nbsp;&nbsp;&nbsp;&nbsp;&nbsp;&nbsp;&nbsp;&nbsp;&nbsp;&nbsp;&nbsp;&nbsp;&nbsp;&nbsp;&nbsp;&nbsp;&nbsp;&nbsp;&nbsp;&nbsp;&nbsp;&nbsp;&nbsp;&nbsp;&nbsp;&nbsp;&nbsp;&nbsp;&nbsp;&nbsp;&nbsp;&nbsp;&nbsp;&nbsp;&nbsp;&nbsp;&nbsp;&nbsp;&nbsp;&nbsp;&nbsp;&nbsp;&nbsp;&nbsp;&nbsp;&nbsp;&nbsp;&nbsp;&nbsp;&nbsp;&nbsp;&nbsp;&nbsp;&nbsp;&nbsp;&nbsp;&nbsp;&nbsp;&nbsp;&nbsp;&nbsp;&nbsp;&nbsp;&nbsp;&nbsp;&nbsp;&nbsp;&nbsp;&nbsp;&nbsp;&nbsp;&nbsp;&nbsp;&nbsp;&nbsp;&nbsp;&nbsp;&nbsp;&nbsp;&nbsp;&nbsp;&nbsp;&nbsp;&nbsp;&nbsp;&nbsp;&nbsp;&nbsp;&nbsp;&nbsp;&nbsp;&nbsp;&nbsp;&nbsp;&nbsp;&nbsp;&nbsp;&nbsp;&nbsp;&nbsp;&nbsp;&nbsp;&nbsp;&nbsp;&nbsp;&nbsp;&nbsp;&nbsp;&nbsp;  Assurance Nuremberg<\/p>\n<p style=\"text-align: center;\">Domaine d\u2019application de l\u2019assurance: dans le monde entier<\/p>\n<h2 style=\"text-align: center;\">Responsable du contenu selon \u00a7 55 Abs. 2 RStV:<\/h2>\n<p style=\"text-align: center;\">Andreas Moeller<br \/>\nRue de la Jahnstrasse 7<br \/>\n63517 Rodenbach, Allemagne<\/p>\n<p style=\"text-align: center;\">Source : <em><br \/>\n  <a href=\"https:\/\/www.e-recht24.de\">eRecht24<\/a><br \/>\n<\/em><\/p>\n<h1 style=\"text-align: center;\">D\u00e9menti<\/h1>\n<p><strong>Responsabilit\u00e9 pour le contenu<\/strong><\/p>\n<p>En tant que prestataire de services, nous sommes en conformit\u00e9 avec \u00a7 7 Abs.1 TMG est responsable de son propre contenu sur ces pages conform\u00e9ment aux lois g\u00e9n\u00e9rales. Toutefois, conform\u00e9ment aux \u00a7\u00a7 8 \u00e0 10 TMG, nous ne sommes pas tenus, en tant que prestataire de services, de surveiller les informations transmises ou stock\u00e9es par des tiers ou d\u2019enqu\u00eater sur des circonstances indiquant une activit\u00e9 ill\u00e9gale. Les obligations de supprimer ou de bloquer l\u2019utilisation des informations conform\u00e9ment aux lois g\u00e9n\u00e9rales ne sont pas affect\u00e9es. Toutefois, la responsabilit\u00e9 \u00e0 cet \u00e9gard n\u2019est possible qu\u2019\u00e0 partir du moment o\u00f9 l\u2019on a connaissance d\u2019une infraction concr\u00e8te. D\u00e8s notification de telles violations, nous supprimerons imm\u00e9diatement ce contenu.<\/p>\n<p><strong>Responsabilit\u00e9 pour les liens<\/strong><\/p>\n<p>Notre offre contient des liens vers des sites Web externes de tiers, sur le contenu desquels nous n\u2019avons aucune influence. Par cons\u00e9quent, nous ne pouvons assumer aucune responsabilit\u00e9 pour ces contenus externes. Le fournisseur ou l\u2019exploitant respectif des pages est toujours responsable du contenu des pages li\u00e9es. Les pages li\u00e9es ont \u00e9t\u00e9 v\u00e9rifi\u00e9es pour d\u2019\u00e9ventuelles violations de la loi au moment de la liaison. Les contenus ill\u00e9gaux n\u2019\u00e9taient pas reconnaissables au moment de la cr\u00e9ation du lien. Cependant, un contr\u00f4le permanent du contenu des pages li\u00e9es n\u2019est pas raisonnable sans preuve concr\u00e8te d\u2019une infraction. D\u00e8s notification de violations de la loi, nous supprimerons imm\u00e9diatement ces liens.<\/p>\n<p><strong>Copyright<\/strong><\/p>\n<p>Les contenus et les \u0153uvres cr\u00e9\u00e9s par les exploitants du site sur ces pages sont soumis \u00e0 la loi allemande sur le droit d\u2019auteur. La reproduction, le traitement, la distribution et tout type d\u2019exploitation en dehors des limites du droit d\u2019auteur n\u00e9cessitent le consentement \u00e9crit de l\u2019auteur ou du cr\u00e9ateur respectif. Les t\u00e9l\u00e9chargements et les copies de ce site ne sont autoris\u00e9s que pour un usage priv\u00e9 et non commercial. Dans la mesure o\u00f9 le contenu de ce site n\u2019a pas \u00e9t\u00e9 cr\u00e9\u00e9 par l\u2019exploitant, les droits d\u2019auteur de tiers sont respect\u00e9s. En particulier, le contenu de tiers est marqu\u00e9 comme tel. Si vous avez n\u00e9anmoins connaissance d\u2019une violation du droit d\u2019auteur, veuillez nous en informer. D\u00e8s notification de violations de la loi, nous supprimerons imm\u00e9diatement ce contenu.<\/p>\n<p>&nbsp;<\/p>\n<div class=\"ig_attention\">\n<p>&nbsp;<\/p>\n<\/div>\n<h1>Politique de confidentialit\u00e9:<\/h1>\n<p><strong>Vie priv\u00e9e<\/strong><\/p>\n<p>Les exploitants de ces pages prennent la protection de vos donn\u00e9es personnelles tr\u00e8s au s\u00e9rieux. Nous traitons vos donn\u00e9es personnelles de mani\u00e8re confidentielle et conform\u00e9ment aux dispositions l\u00e9gales en mati\u00e8re de protection des donn\u00e9es et \u00e0 la pr\u00e9sente d\u00e9claration de protection des donn\u00e9es.<\/p>\n<p>L\u2019utilisation de notre site Web est g\u00e9n\u00e9ralement possible sans fournir de donn\u00e9es personnelles. Dans la mesure o\u00f9 des donn\u00e9es personnelles (par ex. nom, adresse ou adresses e-mail) sont collect\u00e9es sur nos pages, cela se fait toujours sur une base volontaire dans la mesure du possible. Ces donn\u00e9es ne seront pas transmises \u00e0 des tiers sans votre consentement expr\u00e8s.<\/p>\n<p>Nous attirons votre attention sur le fait que la transmission de donn\u00e9es sur Internet (par exemple lors de la communication par e-mail) peut pr\u00e9senter des failles de s\u00e9curit\u00e9. Une protection compl\u00e8te des donn\u00e9es contre l\u2019acc\u00e8s par des tiers n\u2019est pas possible.<\/p>\n<p>&nbsp;<\/p>\n<p><strong>Politique de confidentialit\u00e9 pour l\u2019utilisation des plugins Facebook (bouton J\u2019aime)<\/strong><\/p>\n<p>Des plugins du r\u00e9seau social Facebook, fournisseur Facebook Inc., 1 Hacker Way, Menlo Park, Californie 94025, USA, sont int\u00e9gr\u00e9s sur nos pages. Vous pouvez reconna\u00eetre les plugins Facebook par le logo Facebook ou le bouton \u00ab&nbsp;J\u2019aime&nbsp;\u00bb sur notre site. Un aper\u00e7u des plugins Facebook peut \u00eatre trouv\u00e9 ici: <a href=\"http:\/\/developers.facebook.com\/docs\/plugins\/\">http:\/\/developers.facebook.com\/docs\/plugins\/<\/a>.<\/p>\n<p>Lorsque vous visitez nos pages, le plugin \u00e9tablit une connexion directe entre votre navigateur et le serveur Facebook. Facebook re\u00e7oit l\u2019information que vous avez visit\u00e9 notre site avec votre adresse IP. Si vous cliquez sur le bouton \u00ab J\u2019aime \u00bb de Facebook alors que vous \u00eates connect\u00e9 \u00e0 votre compte Facebook, vous pouvez lier le contenu de nos pages \u00e0 votre profil Facebook. Cela permet \u00e0 Facebook d\u2019associer votre visite sur nos pages \u00e0 votre compte utilisateur. Nous attirons votre attention sur le fait qu\u2019en tant que fournisseur des pages, nous n\u2019avons aucune connaissance du contenu des donn\u00e9es transmises ou de leur utilisation par Facebook. Vous trouverez de plus amples informations dans la politique de confidentialit\u00e9 de Facebook \u00e0 <a href=\"http:\/\/de-de.facebook.com\/policy.php\">l\u2019adresse http:\/\/de-de.facebook.com\/policy.php<\/a>.<\/p>\n<p>Si vous ne souhaitez pas que Facebook puisse associer votre visite sur nos pages \u00e0 votre compte utilisateur Facebook, veuillez vous d\u00e9connecter de votre compte utilisateur Facebook.<\/p>\n<p>&nbsp;<\/p>\n<p><strong>Politique de confidentialit\u00e9 pour l\u2019utilisation de Google Analytics<\/strong><\/p>\n<p>Ce site Web utilise les&nbsp; fonctions du service d\u2019analyse Web Google Analytics. Le fournisseur est Google Inc. 1600 Amphitheatre Parkway Mountain View, CA 94043, \u00c9tats-Unis. Google Analytics utilise des \u00ab cookies \u00bb. Il s\u2019agit de fichiers texte qui sont stock\u00e9s sur votre ordinateur et permettent une analyse de votre utilisation du site Web. Les informations g\u00e9n\u00e9r\u00e9es par le cookie concernant votre utilisation de ce site Web sont g\u00e9n\u00e9ralement transmises \u00e0 un serveur de Google aux \u00c9tats-Unis et y sont stock\u00e9es.<\/p>\n<p>Toutefois, si l\u2019anonymisation IP est activ\u00e9e sur ce site Web, votre adresse IP sera pr\u00e9alablement raccourcie par Google dans les \u00c9tats membres de l\u2019Union europ\u00e9enne ou dans d\u2019autres \u00c9tats contractants de l\u2019accord sur l\u2019Espace \u00e9conomique europ\u00e9en. Ce n\u2019est que dans des cas exceptionnels que l\u2019adresse IP compl\u00e8te sera transmise \u00e0 un serveur de Google aux \u00c9tats-Unis et y sera raccourcie. Au nom de l\u2019exploitant de ce site Web, Google utilisera ces informations pour \u00e9valuer votre utilisation du site Web, pour compiler des rapports sur l\u2019activit\u00e9 du site Web et pour fournir d\u2019autres services li\u00e9s \u00e0 l\u2019activit\u00e9 du site Web et \u00e0 l\u2019utilisation d\u2019Internet \u00e0 l\u2019exploitant du site Web. L\u2019adresse IP transmise par votre navigateur dans le cadre de Google Analytics ne sera pas fusionn\u00e9e avec d\u2019autres donn\u00e9es de Google.<\/p>\n<p>Vous pouvez emp\u00eacher le stockage de cookies en configurant votre logiciel de navigation en cons\u00e9quence ; Cependant, nous attirons votre attention sur le fait que, dans ce cas, vous ne pourrez peut-\u00eatre pas utiliser toutes les fonctions de ce site Web dans leur int\u00e9gralit\u00e9. Vous pouvez \u00e9galement emp\u00eacher Google de collecter les donn\u00e9es g\u00e9n\u00e9r\u00e9es par le cookie et relatives \u00e0 votre utilisation du site Web (y compris votre adresse IP) et de traiter ces donn\u00e9es par Google en t\u00e9l\u00e9chargeant et en installant le plug-in de navigateur disponible sous le lien suivant : <a href=\"http:\/\/tools.google.com\/dlpage\/gaoptout?hl=de\">http:\/\/tools.google.com\/dlpage\/gaoptout?hl=de<\/a><\/p>\n<p>&nbsp;<\/p>\n<p><strong>Politique de confidentialit\u00e9 pour l\u2019utilisation de Google +1<\/strong><\/p>\n<p>Nos pages utilisent les fonctions de Google +1. Le fournisseur est Google Inc. 1600 Amphitheatre Parkway Mountain View, CA 94043,&nbsp; \u00c9tats-Unis.<\/p>\n<p>Collecte et partage d\u2019informations : Le bouton Google +1 vous permet de publier des informations dans le monde entier. via le bouton Google +1, vous et les autres utilisateurs recevez un contenu personnalis\u00e9 de Google et de nos partenaires. Google stocke \u00e0 la fois les informations dont vous disposez de +1 pour un \u00e9l\u00e9ment de contenu et des informations sur la page que vous avez consult\u00e9e lorsque vous avez cliqu\u00e9 sur +1. Votre +1 peut \u00eatre affich\u00e9 sous forme d\u2019indices avec votre nom de profil et votre photo dans les services Google, tels que dans les r\u00e9sultats de recherche ou dans votre profil Google, ou ailleurs sur les sites Web et les annonces sur Internet. Google enregistre des informations sur vos activit\u00e9s +1 afin d\u2019am\u00e9liorer les services Google pour vous et les autres. Pour utiliser le bouton Google +1, vous avez besoin d\u2019un profil Google public visible dans le monde entier, qui doit contenir au moins le nom choisi pour le profil. Ce nom est utilis\u00e9 dans tous les services Google. Dans certains cas, ce nom peut remplacer un autre nom que vous avez utilis\u00e9 lors du partage de contenu via votre compte Google. L\u2019identit\u00e9 de votre profil Google peut \u00eatre affich\u00e9e aux utilisateurs qui connaissent votre adresse e-mail ou qui disposent d\u2019autres informations d\u2019identification vous concernant.<\/p>\n<p>Utilisation des informations collect\u00e9es : Outre les utilisations d\u00e9crites ci-dessus, les informations que vous fournissez seront utilis\u00e9es conform\u00e9ment aux R\u00e8gles de confidentialit\u00e9 applicables de Google. Google peut publier des statistiques r\u00e9sum\u00e9es sur les activit\u00e9s +1 des utilisateurs ou les transmettre aux utilisateurs et aux partenaires, tels que les \u00e9diteurs, les annonceurs ou les sites Web affili\u00e9s.<\/p>\n<p>&nbsp;<\/p>\n<p><strong>Politique de confidentialit\u00e9 pour l\u2019utilisation d\u2019Instagram<\/strong><\/p>\n<p>Les fonctions du service Instagram sont int\u00e9gr\u00e9es dans nos pages. Ces fonctions sont propos\u00e9es par Instagram Inc., 1601 Willow Road, Menlo Park, CA, 94025, \u00c9tats-Unis. Si vous \u00eates connect\u00e9 \u00e0 votre compte Instagram, vous pouvez lier le contenu de nos pages \u00e0 votre profil Instagram en cliquant sur le bouton Instagram. Cela permet \u00e0 Instagram d\u2019attribuer la visite de nos pages \u00e0 votre compte utilisateur. Nous attirons votre attention sur le fait qu\u2019en tant que fournisseur des pages, nous n\u2019avons aucune connaissance du contenu des donn\u00e9es transmises ou de leur utilisation par Instagram.<\/p>\n<p>Vous trouverez de plus amples informations dans la politique de confidentialit\u00e9 d\u2019Instagram : <a href=\"http:\/\/instagram.com\/about\/legal\/privacy\/\">http:\/\/instagram.com\/about\/legal\/privacy\/<\/a><\/p>\n<p>&nbsp;<\/p>\n<p><strong>Politique de confidentialit\u00e9 pour l\u2019utilisation de LinkedIn<\/strong><\/p>\n<p>Notre site Web utilise les fonctions du r\u00e9seau LinkedIn. Le fournisseur est LinkedIn Corporation, 2029 Stierlin Court, Mountain View, CA 94043, \u00c9tats-Unis. Chaque fois que vous acc\u00e9dez \u00e0 l\u2019une de nos pages contenant des fonctions LinkedIn, une connexion aux serveurs LinkedIn est \u00e9tablie. LinkedIn est inform\u00e9 que vous avez visit\u00e9 notre site Web avec votre adresse IP. Si vous cliquez sur le bouton \u00ab Recommander \u00bb de LinkedIn et que vous \u00eates connect\u00e9 \u00e0 votre compte LinkedIn, LinkedIn est en mesure d\u2019attribuer votre visite sur notre site Web \u00e0 vous et \u00e0 votre compte utilisateur. Nous attirons votre attention sur le fait qu\u2019en tant que fournisseur des pages, nous n\u2019avons aucune connaissance du contenu des donn\u00e9es transmises ou de leur utilisation par LinkedIn.<\/p>\n<p>Vous trouverez de plus amples informations dans la politique de confidentialit\u00e9 de LinkedIn \u00e0 l\u2019adresse suivante : <a href=\"https:\/\/www.linkedin.com\/legal\/privacy-policy\">https:\/\/www.linkedin.com\/legal\/privacy-policy<\/a><\/p>\n<p>&nbsp;<\/p>\n<p><strong>Politique de confidentialit\u00e9 pour l\u2019utilisation de Pinterest<\/strong><\/p>\n<p>Sur notre site, nous utilisons des plugins sociaux du r\u00e9seau social Pinterest, exploit\u00e9 par Pinterest Inc., 635 High Street, Palo Alto, CA, 94301, \u00c9tats-Unis (\u00ab Pinterest \u00bb). Lorsque vous visitez une page qui contient un tel plugin, votre navigateur \u00e9tablit une connexion directe avec les serveurs Pinterest. Le plugin transmet les donn\u00e9es de journal au serveur Pinterest aux \u00c9tats-Unis. Ces donn\u00e9es de journal peuvent inclure votre adresse IP, l\u2019adresse des sites Web visit\u00e9s qui contiennent \u00e9galement des fonctionnalit\u00e9s Pinterest, le type et les param\u00e8tres du navigateur, la date et l\u2019heure de la demande, la fa\u00e7on dont vous utilisez Pinterest et les cookies.<\/p>\n<p>Vous trouverez de plus amples informations sur l\u2019objectif, l\u2019\u00e9tendue et le traitement et l\u2019utilisation ult\u00e9rieurs des donn\u00e9es par Pinterest, ainsi que sur vos droits et options en mati\u00e8re de protection de votre vie priv\u00e9e, consultez la politique de confidentialit\u00e9 de Pinterest : <a href=\"https:\/\/about.pinterest.com\/de\/privacy-policy\">https:\/\/about.pinterest.com\/de\/privacy-policy<\/a><\/p>\n<p>&nbsp;<\/p>\n<p><strong>Politique de confidentialit\u00e9 pour l\u2019utilisation de Piwik<\/strong><\/p>\n<p>Ce site Web utilise le service d\u2019analyse Web open source Piwik. Piwik utilise des \u00ab cookies \u00bb. Il s\u2019agit de fichiers texte qui sont stock\u00e9s sur votre ordinateur et permettent une analyse de votre utilisation du site Web. \u00c0 cette fin, les informations g\u00e9n\u00e9r\u00e9es par le cookie sur l\u2019utilisation de ce site Web sont stock\u00e9es sur notre serveur. L\u2019adresse IP est anonymis\u00e9e avant le stockage.<\/p>\n<p>Les informations g\u00e9n\u00e9r\u00e9es par le cookie sur l\u2019utilisation de ce site Web ne seront pas transmises \u00e0 des tiers. Vous pouvez emp\u00eacher le stockage de cookies en configurant votre logiciel de navigation en cons\u00e9quence ; Cependant, nous attirons votre attention sur le fait que, dans ce cas, vous ne pourrez peut-\u00eatre pas utiliser toutes les fonctions de ce site Web dans leur int\u00e9gralit\u00e9.<\/p>\n<p>Si vous n\u2019\u00eates pas d\u2019accord avec le stockage et l\u2019utilisation de vos donn\u00e9es, vous pouvez d\u00e9sactiver le stockage et l\u2019utilisation ici. Dans ce cas, un cookie opt-out est stock\u00e9 dans votre navigateur, ce qui emp\u00eache Piwik de stocker des donn\u00e9es d\u2019utilisation. Si vous supprimez vos cookies, le cookie de d\u00e9sactivation Piwik sera \u00e9galement supprim\u00e9. L\u2019opt-out doit \u00eatre r\u00e9activ\u00e9 lorsque vous visitez \u00e0 nouveau notre site.<\/p>\n<p><em><strong><a href=\"http:\/\/piwik.org\/docs\/privacy\/\" target=\"_blank\" rel=\"nofollow noopener noreferrer\">[Hier PIWIK iframe-Code einf\u00fcgen]  (Cliquez pour les instructions)<\/a><\/strong><\/em><\/p>\n<p>&nbsp;<\/p>\n<p><strong>Politique de confidentialit\u00e9 pour l\u2019utilisation de Tumblr<\/strong><\/p>\n<p>Nos pages utilisent les boutons du service Tumblr. Le fournisseur est Tumblr, Inc., 35 East 21st St, 10th Floor, New York, NY 10010, \u00c9tats-Unis. Ces boutons vous permettent de partager un article ou une page sur Tumblr ou de suivre le fournisseur sur Tumblr. Lorsque vous visitez l\u2019un de nos sites Web avec un bouton Tumblr, le navigateur \u00e9tablit une connexion directe avec les serveurs Tumblr. Nous n\u2019avons aucune influence sur la quantit\u00e9 de donn\u00e9es que Tumblr collecte et transmet \u00e0 l\u2019aide de ce plugin. Selon l\u2019\u00e9tat actuel, l\u2019adresse IP de l\u2019utilisateur et l\u2019URL du site Web respectif sont transmises.<\/p>\n<p>Vous trouverez de plus amples informations dans la politique de confidentialit\u00e9 de Tumblr \u00e0 <a href=\"http:\/\/www.tumblr.com\/policy\/de\/privacy\">l\u2019adresse http:\/\/www.tumblr.com\/policy\/de\/privacy<\/a>.<\/p>\n<p>&nbsp;<\/p>\n<p><strong>Politique de confidentialit\u00e9 pour l\u2019utilisation de Twitter<\/strong><\/p>\n<p>Les fonctions du service Twitter sont int\u00e9gr\u00e9es dans nos pages. Ces fonctions sont propos\u00e9es par Twitter Inc., 1355 Market Street, Suite 900, San Francisco, CA 94103, \u00c9tats-Unis. En utilisant Twitter et la fonction \u00ab Re-Tweet \u00bb, les sites Web que vous visitez sont li\u00e9s \u00e0 votre compte Twitter et port\u00e9s \u00e0 la connaissance des autres utilisateurs. Les donn\u00e9es sont \u00e9galement transmises \u00e0 Twitter. Nous attirons votre attention sur le fait qu\u2019en tant que fournisseur des pages, nous n\u2019avons aucune connaissance du contenu des donn\u00e9es transmises ou de leur utilisation par Twitter. Vous trouverez de plus amples informations dans la politique de confidentialit\u00e9 de Twitter \u00e0 l\u2019adresse  <a href=\"http:\/\/twitter.com\/privacy\">http:\/\/twitter.com\/privacy<\/a>.<\/p>\n<p>Vous pouvez modifier vos param\u00e8tres de confidentialit\u00e9 sur Twitter dans les param\u00e8tres du compte sous <a href=\"http:\/\/twitter.com\/account\/settings\">http:\/\/twitter.com\/account\/settings<\/a> .<\/p>\n<p>&nbsp;<\/p>\n<p><strong>Politique de confidentialit\u00e9 pour l\u2019utilisation de YouTube<\/strong><\/p>\n<p>Notre site Web utilise des plugins de YouTube, qui est exploit\u00e9 par Google. L\u2019exploitant des pages est YouTube, LLC, 901 Cherry Ave., San Bruno, CA 94066, \u00c9tats-Unis. Lorsque vous visitez l\u2019une de nos pages \u00e9quip\u00e9es d\u2019un plugin YouTube, une connexion aux serveurs YouTube est \u00e9tablie. Le serveur YouTube est inform\u00e9 des pages que vous avez visit\u00e9es.<br \/>\nSi vous \u00eates connect\u00e9 \u00e0 votre compte YouTube, vous permettez \u00e0 YouTube d\u2019attribuer votre comportement de navigation directement \u00e0 votre profil personnel. Vous pouvez emp\u00eacher cela en vous d\u00e9connectant de votre compte YouTube.<\/p>\n<p>Vous trouverez de plus amples informations sur le traitement des donn\u00e9es des utilisateurs dans la politique de confidentialit\u00e9 de YouTube \u00e0 <a href=\"https:\/\/www.google.de\/intl\/de\/policies\/privacy\">l\u2019adresse https:\/\/www.google.de\/intl\/de\/policies\/privacy<\/a><\/p>\n<p>&nbsp;<\/p>\n<p><strong>Cookies<\/strong><\/p>\n<p>Certaines pages Internet utilisent des cookies. Les cookies n\u2019endommagent pas votre ordinateur et ne contiennent pas de virus. Les cookies servent \u00e0 rendre notre offre plus conviviale, efficace et s\u00e9curis\u00e9e. Les cookies sont de petits fichiers texte qui sont stock\u00e9s sur votre ordinateur et stock\u00e9s par votre navigateur.<\/p>\n<p>La plupart des cookies que nous utilisons sont des \u00ab cookies de session \u00bb. Ils sont automatiquement supprim\u00e9s \u00e0 la fin de votre visite. D\u2019autres cookies restent stock\u00e9s sur votre appareil jusqu\u2019\u00e0 ce que vous les supprimiez. Ces cookies nous permettent de reconna\u00eetre votre navigateur lors de votre prochaine visite.<\/p>\n<p>Vous pouvez configurer votre navigateur de mani\u00e8re \u00e0 \u00eatre inform\u00e9 de la configuration des cookies et \u00e0 n\u2019autoriser les cookies que dans des cas individuels, exclure l\u2019acceptation des cookies dans certains cas ou de mani\u00e8re g\u00e9n\u00e9rale et activer la suppression automatique des cookies lors de la fermeture du navigateur. La d\u00e9sactivation des cookies peut limiter la fonctionnalit\u00e9 de ce site Web.<\/p>\n<p>&nbsp;<\/p>\n<p><strong>Contact<\/strong><\/p>\n<p>Si vous nous envoyez des demandes via le formulaire de contact, vos coordonn\u00e9es du formulaire de demande, y compris les coordonn\u00e9es que vous y avez fournies, seront stock\u00e9es par nous dans le but de traiter la demande et en cas de questions de suivi. Nous ne transmettrons pas ces donn\u00e9es sans votre consentement.<\/p>\n<p>&nbsp;<\/p>\n<p><strong>Opposition aux courriers publicitaires<\/strong><\/p>\n<p>L\u2019utilisation des donn\u00e9es de contact publi\u00e9es dans le cadre de l\u2019obligation d\u2019impression pour l\u2019envoi de mat\u00e9riel publicitaire et d\u2019information non sollicit\u00e9 est interdite. Les exploitants des pages se r\u00e9servent express\u00e9ment le droit d\u2019intenter une action en justice en cas d\u2019envoi non sollicit\u00e9 d\u2019informations publicitaires, telles que des spams.<\/p>\n<p>&nbsp;<\/p>\n<p><strong>Donn\u00e9es de la newsletter<\/strong><\/p>\n<p>Si vous souhaitez recevoir la newsletter propos\u00e9e sur le site, nous avons besoin d\u2019une adresse e-mail de votre part ainsi que d\u2019informations nous permettant de v\u00e9rifier que vous \u00eates le propri\u00e9taire de l\u2019adresse e-mail fournie et que vous acceptez de recevoir la newsletter. D\u2019autres donn\u00e9es ne seront pas collect\u00e9es. Nous utilisons ces donn\u00e9es exclusivement pour l\u2019envoi des informations demand\u00e9es et ne les transmettons pas \u00e0 des tiers.<\/p>\n<p>Vous pouvez r\u00e9voquer \u00e0 tout moment votre consentement au stockage des donn\u00e9es, de l\u2019adresse e-mail et de leur utilisation pour l\u2019envoi de la newsletter, par exemple via le lien \u00ab se d\u00e9sabonner \u00bb dans la newsletter.<\/p>\n","protected":false},"excerpt":{"rendered":"<p>Empreinte Informations selon \u00a7 5 TMG: Andreas Moeller Photo Studio Light-Style Rue de la Jahnstrasse 7 63517 Rodenbach, Allemagne Contact: T\u00e9l\u00e9phone: 06184-930 505 Messagerie \u00e9lectronique: contact@studio-light-style.de Num\u00e9ro de TVA : Num\u00e9ro d\u2019identification de la taxe de vente selon \u00a7 27 une loi sur la taxe de vente: DE243380881 Informations sur l\u2019assurance responsabilit\u00e9 civile professionnelle :&hellip;<\/p>\n","protected":false},"author":1,"featured_media":0,"parent":68114,"menu_order":15,"comment_status":"closed","ping_status":"closed","template":"","meta":{"advanced_seo_description":"","jetpack_seo_html_title":"","jetpack_seo_noindex":false,"ngg_post_thumbnail":0,"footnotes":""},"class_list":["post-68108","page","type-page","status-publish","hentry","entry","no-media"],"jetpack_likes_enabled":true,"jetpack_sharing_enabled":true,"_links":{"self":[{"href":"https:\/\/www.light-style.eu\/fr\/wp-json\/wp\/v2\/pages\/68108","targetHints":{"allow":["GET"]}}],"collection":[{"href":"https:\/\/www.light-style.eu\/fr\/wp-json\/wp\/v2\/pages"}],"about":[{"href":"https:\/\/www.light-style.eu\/fr\/wp-json\/wp\/v2\/types\/page"}],"author":[{"embeddable":true,"href":"https:\/\/www.light-style.eu\/fr\/wp-json\/wp\/v2\/users\/1"}],"replies":[{"embeddable":true,"href":"https:\/\/www.light-style.eu\/fr\/wp-json\/wp\/v2\/comments?post=68108"}],"version-history":[{"count":0,"href":"https:\/\/www.light-style.eu\/fr\/wp-json\/wp\/v2\/pages\/68108\/revisions"}],"up":[{"embeddable":true,"href":"https:\/\/www.light-style.eu\/fr\/wp-json\/wp\/v2\/pages\/68114"}],"wp:attachment":[{"href":"https:\/\/www.light-style.eu\/fr\/wp-json\/wp\/v2\/media?parent=68108"}],"curies":[{"name":"wp","href":"https:\/\/api.w.org\/{rel}","templated":true}]}}