{"id":98044,"date":"2025-04-14T11:23:09","date_gmt":"2025-04-14T09:23:09","guid":{"rendered":"https:\/\/www.light-style.eu\/photographie\/pourquoi-sommes-nous-differents\/bienvenue\/portraits\/portraits-speciaux\/dark-angels\/"},"modified":"2025-04-14T15:11:08","modified_gmt":"2025-04-14T13:11:08","slug":"dark-angels","status":"publish","type":"page","link":"https:\/\/www.light-style.eu\/fr\/photographie\/pourquoi-sommes-nous-differents\/bienvenue\/portraits\/portraits-speciaux\/dark-angels\/","title":{"rendered":"Anges noirs"},"content":{"rendered":"\n<p>Bonjour, la nouvelle page pour le produit Anges noirs est actuellement en cours de cr\u00e9ation. Veuillez me laisser encore quelques jours. Vous pouvez d\u00e9j\u00e0 voir certains exemples et r\u00e9fl\u00e9chir si ce type de r\u00e9alisation vous conviendrait.  <\/p>\n\n<figure class=\"wp-block-image aligncenter size-full is-resized\"><a href=\"https:\/\/www.light-style.eu\/fr\/photographie\/pourquoi-sommes-nous-differents\/bienvenue\/portraits\/portraits-speciaux\/dark-angels\/black-angel-2\/\"><img data-recalc-dims=\"1\" loading=\"lazy\" decoding=\"async\" width=\"800\" height=\"1200\" src=\"https:\/\/i0.wp.com\/www.light-style.eu\/studiosite\/wp-content\/uploads\/2025\/04\/Black-Angel.jpg?resize=800%2C1200&#038;ssl=1\" alt=\"\" class=\"wp-image-98022\" style=\"width:287px;height:auto\" srcset=\"https:\/\/i0.wp.com\/www.light-style.eu\/studiosite\/wp-content\/uploads\/2025\/04\/Black-Angel.jpg?w=800&amp;ssl=1 800w, https:\/\/i0.wp.com\/www.light-style.eu\/studiosite\/wp-content\/uploads\/2025\/04\/Black-Angel.jpg?resize=200%2C300&amp;ssl=1 200w, https:\/\/i0.wp.com\/www.light-style.eu\/studiosite\/wp-content\/uploads\/2025\/04\/Black-Angel.jpg?resize=768%2C1152&amp;ssl=1 768w, https:\/\/i0.wp.com\/www.light-style.eu\/studiosite\/wp-content\/uploads\/2025\/04\/Black-Angel.jpg?resize=600%2C900&amp;ssl=1 600w\" sizes=\"auto, (max-width: 800px) 100vw, 800px\" \/><\/a><figcaption class=\"wp-element-caption\">Seules les ailes sont g\u00e9n\u00e9r\u00e9es par l&rsquo;IA, le reste utilise la technique \u00ab\u00a0traditionnelle\u00a0\u00bb de Photoshop \ud83d\ude09<\/figcaption><\/figure>\n\n<p>En effet, pour ce type de photographie, j&rsquo;utilise parfois l&rsquo;IA car la r\u00e9alisation de vraies ailes, sous diff\u00e9rentes formes, etc., serait tout simplement trop on\u00e9reuse. Je ne souhaite pas vous imposer cela, c&rsquo;est pourquoi je pr\u00e9f\u00e8re me donner la peine de les cr\u00e9er num\u00e9riquement. <\/p>\n\n<p>Certains se diront peut-\u00eatre : \u00ab\u00a0Pourquoi aller chez un photographe si une application peut le faire ?\u00a0\u00bb MAIS, premi\u00e8rement, nous consacrons 2 \u00e0 3 heures \u00e0 travailler pr\u00e9cis\u00e9ment sur votre photo (temps de traitement pur), de sorte que vous puissiez l&rsquo;accrocher en format poster sans qu&rsquo;elle ait l&rsquo;air d&rsquo;avoir \u00e9t\u00e9 r\u00e9alis\u00e9e par une application, donc de la plus haute qualit\u00e9. De plus, je peux r\u00e9pondre \u00e0 vos souhaits sp\u00e9cifiques. Ainsi, vous pourrez voir les d\u00e9tails r\u00e9alistes en format poster, sans effet de pixellisation \ud83d\ude09  <\/p>\n\n<figure class=\"wp-block-image aligncenter size-full is-resized\"><a href=\"https:\/\/www.light-style.eu\/fr\/photographie\/pourquoi-sommes-nous-differents\/bienvenue\/portraits\/portraits-speciaux\/dark-angels\/freche-unschaerfe25-074-2\/\"><img data-recalc-dims=\"1\" loading=\"lazy\" decoding=\"async\" width=\"800\" height=\"1200\" src=\"https:\/\/i0.wp.com\/www.light-style.eu\/studiosite\/wp-content\/uploads\/2025\/04\/freche-Unschaerfe25-074.jpg?resize=800%2C1200&#038;ssl=1\" alt=\"\" class=\"wp-image-98027\" style=\"width:270px;height:auto\" srcset=\"https:\/\/i0.wp.com\/www.light-style.eu\/studiosite\/wp-content\/uploads\/2025\/04\/freche-Unschaerfe25-074.jpg?w=800&amp;ssl=1 800w, https:\/\/i0.wp.com\/www.light-style.eu\/studiosite\/wp-content\/uploads\/2025\/04\/freche-Unschaerfe25-074.jpg?resize=200%2C300&amp;ssl=1 200w, https:\/\/i0.wp.com\/www.light-style.eu\/studiosite\/wp-content\/uploads\/2025\/04\/freche-Unschaerfe25-074.jpg?resize=768%2C1152&amp;ssl=1 768w, https:\/\/i0.wp.com\/www.light-style.eu\/studiosite\/wp-content\/uploads\/2025\/04\/freche-Unschaerfe25-074.jpg?resize=600%2C900&amp;ssl=1 600w\" sizes=\"auto, (max-width: 800px) 100vw, 800px\" \/><\/a><\/figure>\n\n<p>Vous obtenez donc une v\u00e9ritable \u0153uvre d&rsquo;art, non seulement en termes de traitement, mais aussi d&rsquo;\u00e9clairage, car la ma\u00eetrise de la lumi\u00e8re est notre m\u00e9tier et la mise en lumi\u00e8re cr\u00e9e l&rsquo;ambiance. Je peux vous repr\u00e9senter uniquement par la lumi\u00e8re, de mani\u00e8re lumineuse et ang\u00e9lique ou plus sombre dans le style d&rsquo;un ange d\u00e9chu.  <\/p>\n\n<p>Ne vous contentez pas d&rsquo;images sans style g\u00e9n\u00e9r\u00e9es par des applications, offrez-vous un v\u00e9ritable art. <\/p>\n\n<p>Les deux options sont bien s\u00fbr possibles ici : \u00e9rotique, \u00e9l\u00e9gant ou ange sage, selon vos souhaits.<\/p>\n\n<figure class=\"wp-block-image aligncenter size-full is-resized\"><a href=\"https:\/\/www.light-style.eu\/fr\/photographie\/pourquoi-sommes-nous-differents\/bienvenue\/portraits\/portraits-speciaux\/dark-angels\/flammender-engel-3-2\/\"><img data-recalc-dims=\"1\" loading=\"lazy\" decoding=\"async\" width=\"980\" height=\"653\" src=\"https:\/\/i0.wp.com\/www.light-style.eu\/studiosite\/wp-content\/uploads\/2025\/04\/flammender-Engel-3.jpg?resize=980%2C653&#038;ssl=1\" alt=\"\" class=\"wp-image-98032\" style=\"width:551px;height:auto\" srcset=\"https:\/\/i0.wp.com\/www.light-style.eu\/studiosite\/wp-content\/uploads\/2025\/04\/flammender-Engel-3.jpg?w=1200&amp;ssl=1 1200w, https:\/\/i0.wp.com\/www.light-style.eu\/studiosite\/wp-content\/uploads\/2025\/04\/flammender-Engel-3.jpg?resize=300%2C200&amp;ssl=1 300w, https:\/\/i0.wp.com\/www.light-style.eu\/studiosite\/wp-content\/uploads\/2025\/04\/flammender-Engel-3.jpg?resize=768%2C512&amp;ssl=1 768w, https:\/\/i0.wp.com\/www.light-style.eu\/studiosite\/wp-content\/uploads\/2025\/04\/flammender-Engel-3.jpg?resize=600%2C400&amp;ssl=1 600w\" sizes=\"auto, (max-width: 980px) 100vw, 980px\" \/><\/a><figcaption class=\"wp-element-caption\">Les structures fines sont impressionnantes, particuli\u00e8rement en grand format, c&rsquo;est pourquoi je consacre 2 \u00e0 3 heures de travail par photo lors du traitement.<\/figcaption><\/figure>\n\n<p>Si notre proposition a suscit\u00e9 votre int\u00e9r\u00eat, veuillez nous contacter au studio, r\u00e9servable via notre outil de r\u00e9servation d\u00e8s que j&rsquo;aurai termin\u00e9 ici \ud83d\ude09 Actuellement, je travaille, entre autres, sur des photographies dans le style de Lucifer, inspir\u00e9es de la s\u00e9rie t\u00e9l\u00e9vis\u00e9e am\u00e9ricaine. Soyez donc dans l&rsquo;expectative, comme je le suis moi-m\u00eame \ud83d\ude09<\/p>\n\n<p><\/p>\n","protected":false},"excerpt":{"rendered":"<p>Bonjour, la nouvelle page pour le produit Anges noirs est actuellement en cours de cr\u00e9ation. Veuillez me laisser encore quelques jours. Vous pouvez d\u00e9j\u00e0 voir certains exemples et r\u00e9fl\u00e9chir si ce type de r\u00e9alisation vous conviendrait. En effet, pour ce type de photographie, j&rsquo;utilise parfois l&rsquo;IA car la r\u00e9alisation de vraies ailes, sous diff\u00e9rentes formes,&hellip;<\/p>\n","protected":false},"author":596,"featured_media":0,"parent":67391,"menu_order":0,"comment_status":"closed","ping_status":"closed","template":"","meta":{"advanced_seo_description":"","jetpack_seo_html_title":"","jetpack_seo_noindex":false,"ngg_post_thumbnail":0,"footnotes":""},"class_list":["post-98044","page","type-page","status-publish","hentry","entry","no-media"],"jetpack_likes_enabled":true,"jetpack_sharing_enabled":true,"_links":{"self":[{"href":"https:\/\/www.light-style.eu\/fr\/wp-json\/wp\/v2\/pages\/98044","targetHints":{"allow":["GET"]}}],"collection":[{"href":"https:\/\/www.light-style.eu\/fr\/wp-json\/wp\/v2\/pages"}],"about":[{"href":"https:\/\/www.light-style.eu\/fr\/wp-json\/wp\/v2\/types\/page"}],"author":[{"embeddable":true,"href":"https:\/\/www.light-style.eu\/fr\/wp-json\/wp\/v2\/users\/596"}],"replies":[{"embeddable":true,"href":"https:\/\/www.light-style.eu\/fr\/wp-json\/wp\/v2\/comments?post=98044"}],"version-history":[{"count":0,"href":"https:\/\/www.light-style.eu\/fr\/wp-json\/wp\/v2\/pages\/98044\/revisions"}],"up":[{"embeddable":true,"href":"https:\/\/www.light-style.eu\/fr\/wp-json\/wp\/v2\/pages\/67391"}],"wp:attachment":[{"href":"https:\/\/www.light-style.eu\/fr\/wp-json\/wp\/v2\/media?parent=98044"}],"curies":[{"name":"wp","href":"https:\/\/api.w.org\/{rel}","templated":true}]}}