{"id":68135,"date":"2022-11-18T10:48:08","date_gmt":"2023-02-14T10:56:20","guid":{"rendered":"https:\/\/www.light-style.eu\/unser-foto-shop\/gateries-de-noel\/"},"modified":"2025-01-13T15:58:01","modified_gmt":"2025-01-13T14:58:01","slug":"gateries-de-noel","status":"publish","type":"product","link":"https:\/\/www.light-style.eu\/fr\/notre-boutique-photo\/gateries-de-noel\/","title":{"rendered":"G\u00e2terie de No\u00eb"},"content":{"rendered":"<p>Non seulement pendant la p\u00e9riode de No\u00ebl, le corps d\u2019une femme d\u00e9licate est d\u00e9licieux \u00e0 regarder, mais avec cette d\u00e9coration, c\u2019est un point culminant absolu avec le flair de No\u00ebl.<\/p>\n<p>Joyeux No\u00ebl dans le monde entier.<\/p>\n<p>&nbsp;<\/p>\n<p>&nbsp;<\/p>\n","protected":false},"excerpt":{"rendered":"<p>Tous nos tableaux acryliques et sur toile sont sign\u00e9s \u00e0 la main par l\u2019artiste et sont accompagn\u00e9s d\u2019un certificat d\u2019authenticit\u00e9<\/p>\n","protected":false},"featured_media":65020,"template":"","meta":{"advanced_seo_description":"","jetpack_seo_html_title":"","jetpack_seo_noindex":false,"ngg_post_thumbnail":0,"jetpack_publicize_message":"","jetpack_publicize_feature_enabled":true,"jetpack_social_post_already_shared":true,"jetpack_social_options":{"image_generator_settings":{"template":"highway","default_image_id":0,"font":"","enabled":false},"version":2}},"product_brand":[],"product_cat":[1649,1663,1650,1648,1628],"product_tag":[1689,1687,1688,1690,1684,1685,1693,1692,1686,1691],"class_list":{"0":"post-68135","1":"product","2":"type-product","3":"status-publish","4":"has-post-thumbnail","6":"product_cat-erotique","7":"product_cat-nouveaux-motifs","8":"product_cat-nu-feminin","9":"product_cat-personnes","10":"product_cat-tout","11":"product_tag-cle-de-couleur","12":"product_tag-decoration-murale","13":"product_tag-erotisme","14":"product_tag-femme","15":"product_tag-gens","16":"product_tag-litterature-erotique","17":"product_tag-motif-de-noel","18":"product_tag-noel","19":"product_tag-nu","20":"product_tag-nu-feminin","21":"pa_wandbilder-affiche-semi-brillante-40x60-cm","22":"pa_wandbilder-peinture-acrylique-20x30","23":"pa_wandbilder-peinture-acrylique-40x60","24":"pa_wandbilder-peinture-acrylique-60x90","25":"pa_wandbilder-photo-soie-mate-20x30cm","26":"pa_wandbilder-poster-satine-mat-30x45cm","27":"pa_wandbilder-poster-satine-mat-60x90cm","28":"pa_wandbilder-poster-semi-brillant-70x105cm","29":"pa_wandbilder-toile-20x30","30":"pa_wandbilder-toile-40x60","31":"pa_wandbilder-toile-60x90","32":"pa_wandbilder-toile-80-x-120-cm","33":"entry","34":"has-media","36":"first","37":"instock","38":"taxable","39":"shipping-taxable","40":"purchasable","41":"product-type-variable"},"jetpack_publicize_connections":[],"jetpack_likes_enabled":true,"jetpack_sharing_enabled":true,"_links":{"self":[{"href":"https:\/\/www.light-style.eu\/fr\/wp-json\/wp\/v2\/product\/68135","targetHints":{"allow":["GET"]}}],"collection":[{"href":"https:\/\/www.light-style.eu\/fr\/wp-json\/wp\/v2\/product"}],"about":[{"href":"https:\/\/www.light-style.eu\/fr\/wp-json\/wp\/v2\/types\/product"}],"wp:featuredmedia":[{"embeddable":true,"href":"https:\/\/www.light-style.eu\/fr\/wp-json\/wp\/v2\/media\/65020"}],"wp:attachment":[{"href":"https:\/\/www.light-style.eu\/fr\/wp-json\/wp\/v2\/media?parent=68135"}],"wp:term":[{"taxonomy":"product_brand","embeddable":true,"href":"https:\/\/www.light-style.eu\/fr\/wp-json\/wp\/v2\/product_brand?post=68135"},{"taxonomy":"product_cat","embeddable":true,"href":"https:\/\/www.light-style.eu\/fr\/wp-json\/wp\/v2\/product_cat?post=68135"},{"taxonomy":"product_tag","embeddable":true,"href":"https:\/\/www.light-style.eu\/fr\/wp-json\/wp\/v2\/product_tag?post=68135"}],"curies":[{"name":"wp","href":"https:\/\/api.w.org\/{rel}","templated":true}]}}