{"id":68285,"date":"2018-11-08T15:16:00","date_gmt":"2023-02-15T08:16:14","guid":{"rendered":"https:\/\/www.light-style.eu\/unser-foto-shop\/suisse-saxonne-bastei-2018-531\/"},"modified":"2025-01-14T11:29:10","modified_gmt":"2025-01-14T10:29:10","slug":"saechsische-schweiz-bastei-2018-531-2","status":"publish","type":"product","link":"https:\/\/www.light-style.eu\/fr\/notre-boutique-photo\/saechsische-schweiz-bastei-2018-531-2\/","title":{"rendered":"Suisse saxonne-Bastei-2018-531"},"content":{"rendered":"<p>La Saxe a une nature merveilleuse, en partie sauvage et rude. Voici l\u2019un des b\u00e2timents les plus importants de Saxe, le Bastei.<\/p>\n<p>Ici, c\u2019\u00e9tait la nuit la vue du bastion jusqu\u2019aux villages. La lumi\u00e8re uniforme des villages ressemble presque \u00e0 une coul\u00e9e de lave.<\/p>\n","protected":false},"excerpt":{"rendered":"<p>Tous nos tableaux acryliques et sur toile sont sign\u00e9s \u00e0 la main par l\u2019artiste et sont accompagn\u00e9s d\u2019un certificat d\u2019authenticit\u00e9<\/p>\n","protected":false},"featured_media":66829,"template":"","meta":{"advanced_seo_description":"","jetpack_seo_html_title":"","jetpack_seo_noindex":false,"ngg_post_thumbnail":0,"jetpack_publicize_message":"","jetpack_publicize_feature_enabled":true,"jetpack_social_post_already_shared":true,"jetpack_social_options":{"image_generator_settings":{"template":"highway","default_image_id":0,"font":"","enabled":false},"version":2}},"product_brand":[],"product_cat":[395],"product_tag":[1696,1719,1695,1694,1717,1721],"class_list":{"0":"post-68285","1":"product","2":"type-product","3":"status-publish","4":"has-post-thumbnail","6":"product_cat-all","7":"product_tag-allemagne","8":"product_tag-bastion-fr","9":"product_tag-europe-fr","10":"product_tag-pays","11":"product_tag-saxe","12":"product_tag-suisse-saxonne","13":"pa_wandbilder-affiche-semi-brillante-40x60-cm","14":"pa_wandbilder-peinture-acrylique-20x30","15":"pa_wandbilder-peinture-acrylique-40x60","16":"pa_wandbilder-peinture-acrylique-60x90","17":"pa_wandbilder-photo-soie-mate-20x30cm","18":"pa_wandbilder-poster-satine-mat-30x45cm","19":"pa_wandbilder-poster-satine-mat-60x90cm","20":"pa_wandbilder-poster-semi-brillant-70x105cm","21":"pa_wandbilder-toile-20x30","22":"pa_wandbilder-toile-40x60","23":"pa_wandbilder-toile-60x90","24":"pa_wandbilder-toile-80-x-120-cm","25":"entry","26":"has-media","28":"first","29":"instock","30":"taxable","31":"shipping-taxable","32":"purchasable","33":"product-type-variable"},"jetpack_publicize_connections":[],"jetpack_likes_enabled":true,"jetpack_sharing_enabled":true,"_links":{"self":[{"href":"https:\/\/www.light-style.eu\/fr\/wp-json\/wp\/v2\/product\/68285","targetHints":{"allow":["GET"]}}],"collection":[{"href":"https:\/\/www.light-style.eu\/fr\/wp-json\/wp\/v2\/product"}],"about":[{"href":"https:\/\/www.light-style.eu\/fr\/wp-json\/wp\/v2\/types\/product"}],"wp:featuredmedia":[{"embeddable":true,"href":"https:\/\/www.light-style.eu\/fr\/wp-json\/wp\/v2\/media\/66829"}],"wp:attachment":[{"href":"https:\/\/www.light-style.eu\/fr\/wp-json\/wp\/v2\/media?parent=68285"}],"wp:term":[{"taxonomy":"product_brand","embeddable":true,"href":"https:\/\/www.light-style.eu\/fr\/wp-json\/wp\/v2\/product_brand?post=68285"},{"taxonomy":"product_cat","embeddable":true,"href":"https:\/\/www.light-style.eu\/fr\/wp-json\/wp\/v2\/product_cat?post=68285"},{"taxonomy":"product_tag","embeddable":true,"href":"https:\/\/www.light-style.eu\/fr\/wp-json\/wp\/v2\/product_tag?post=68285"}],"curies":[{"name":"wp","href":"https:\/\/api.w.org\/{rel}","templated":true}]}}