{"id":68293,"date":"2018-11-08T15:02:38","date_gmt":"2023-02-15T08:16:16","guid":{"rendered":"https:\/\/www.light-style.eu\/unser-foto-shop\/maurice-2018-208\/"},"modified":"2025-01-14T11:26:24","modified_gmt":"2025-01-14T10:26:24","slug":"maurice-2018-208","status":"publish","type":"product","link":"https:\/\/www.light-style.eu\/fr\/notre-boutique-photo\/maurice-2018-208\/","title":{"rendered":"Maurice 2018-208"},"content":{"rendered":"<p>L\u2019\u00eele Maurice, que puis-je dire, un r\u00eave, je ne vois rien pour le d\u00e9crire davantage,&#8230;&#8230;&#8230;&#8230;<\/p>\n","protected":false},"excerpt":{"rendered":"<p>Tous nos tableaux acryliques et sur toile sont sign\u00e9s \u00e0 la main par l\u2019artiste et sont accompagn\u00e9s d\u2019un certificat d\u2019authenticit\u00e9<\/p>\n","protected":false},"featured_media":66821,"template":"","meta":{"advanced_seo_description":"","jetpack_seo_html_title":"","jetpack_seo_noindex":false,"ngg_post_thumbnail":0,"jetpack_publicize_message":"","jetpack_publicize_feature_enabled":true,"jetpack_social_post_already_shared":true,"jetpack_social_options":{"image_generator_settings":{"template":"highway","default_image_id":0,"font":"","enabled":false},"version":2}},"product_brand":[],"product_cat":[1639,1645,1658,1655,1660,1628],"product_tag":[1718,1722,1720,1713,1694,1716],"class_list":{"0":"post-68293","1":"product","2":"type-product","3":"status-publish","4":"has-post-thumbnail","6":"product_cat-des-pays","7":"product_cat-maurice","8":"product_cat-mer","9":"product_cat-nature-fr","10":"product_cat-plage","11":"product_cat-tout","12":"product_tag-coucher-de-soleil","13":"product_tag-maurice","14":"product_tag-mer","15":"product_tag-nature-fr","16":"product_tag-pays","17":"product_tag-plage","18":"pa_wandbilder-affiche-semi-brillante-40x60-cm","19":"pa_wandbilder-peinture-acrylique-20x30","20":"pa_wandbilder-peinture-acrylique-40x60","21":"pa_wandbilder-peinture-acrylique-60x90","22":"pa_wandbilder-photo-soie-mate-20x30cm","23":"pa_wandbilder-poster-satine-mat-30x45cm","24":"pa_wandbilder-poster-satine-mat-60x90cm","25":"pa_wandbilder-poster-semi-brillant-70x105cm","26":"pa_wandbilder-toile-20x30","27":"pa_wandbilder-toile-40x60","28":"pa_wandbilder-toile-60x90","29":"pa_wandbilder-toile-80-x-120-cm","30":"entry","31":"has-media","33":"first","34":"instock","35":"taxable","36":"shipping-taxable","37":"purchasable","38":"product-type-variable"},"jetpack_publicize_connections":[],"jetpack_likes_enabled":true,"jetpack_sharing_enabled":true,"_links":{"self":[{"href":"https:\/\/www.light-style.eu\/fr\/wp-json\/wp\/v2\/product\/68293","targetHints":{"allow":["GET"]}}],"collection":[{"href":"https:\/\/www.light-style.eu\/fr\/wp-json\/wp\/v2\/product"}],"about":[{"href":"https:\/\/www.light-style.eu\/fr\/wp-json\/wp\/v2\/types\/product"}],"wp:featuredmedia":[{"embeddable":true,"href":"https:\/\/www.light-style.eu\/fr\/wp-json\/wp\/v2\/media\/66821"}],"wp:attachment":[{"href":"https:\/\/www.light-style.eu\/fr\/wp-json\/wp\/v2\/media?parent=68293"}],"wp:term":[{"taxonomy":"product_brand","embeddable":true,"href":"https:\/\/www.light-style.eu\/fr\/wp-json\/wp\/v2\/product_brand?post=68293"},{"taxonomy":"product_cat","embeddable":true,"href":"https:\/\/www.light-style.eu\/fr\/wp-json\/wp\/v2\/product_cat?post=68293"},{"taxonomy":"product_tag","embeddable":true,"href":"https:\/\/www.light-style.eu\/fr\/wp-json\/wp\/v2\/product_tag?post=68293"}],"curies":[{"name":"wp","href":"https:\/\/api.w.org\/{rel}","templated":true}]}}