{"id":68369,"date":"2018-11-10T18:07:06","date_gmt":"2023-02-15T08:31:56","guid":{"rendered":"https:\/\/www.light-style.eu\/unser-foto-shop\/mer-du-nord-2018-393\/"},"modified":"2025-01-14T10:10:06","modified_gmt":"2025-01-14T09:10:06","slug":"mer-du-nord-2018-393","status":"publish","type":"product","link":"https:\/\/www.light-style.eu\/fr\/notre-boutique-photo\/mer-du-nord-2018-393\/","title":{"rendered":"Mer du Nord 2018-393"},"content":{"rendered":"<p>Notre belle c\u00f4te allemande. Phoques, ports de p\u00eache et beaucoup de belles aurores bor\u00e9ales et cueilleurs de crabes &#8230;.. Je peux dire que m\u00eame en tant que vieux gar\u00e7on de Hambourg, j\u2019en fais partie \ud83d\ude09<\/p>\n","protected":false},"excerpt":{"rendered":"<p>Tous nos tableaux acryliques et sur toile sont sign\u00e9s \u00e0 la main par l\u2019artiste et sont accompagn\u00e9s d\u2019un certificat d\u2019authenticit\u00e9<\/p>\n","protected":false},"featured_media":67017,"template":"","meta":{"advanced_seo_description":"","jetpack_seo_html_title":"","jetpack_seo_noindex":false,"ngg_post_thumbnail":0,"jetpack_publicize_message":"","jetpack_publicize_feature_enabled":true,"jetpack_social_post_already_shared":true,"jetpack_social_options":{"image_generator_settings":{"template":"highway","default_image_id":0,"font":"","enabled":false},"version":2}},"product_brand":[],"product_cat":[1640,1661,1639,1658,1655,1660,1628],"product_tag":[1696,1733,1695,1715,1713,1694],"class_list":{"0":"post-68369","1":"product","2":"type-product","3":"status-publish","4":"has-post-thumbnail","6":"product_cat-allemagne","7":"product_cat-animaux","8":"product_cat-des-pays","9":"product_cat-mer","10":"product_cat-nature-fr","11":"product_cat-plage","12":"product_cat-tout","13":"product_tag-allemagne","14":"product_tag-animaux","15":"product_tag-europe-fr","16":"product_tag-mer-du-nord","17":"product_tag-nature-fr","18":"product_tag-pays","19":"pa_wandbilder-affiche-semi-brillante-40x60-cm","20":"pa_wandbilder-peinture-acrylique-20x30","21":"pa_wandbilder-peinture-acrylique-40x60","22":"pa_wandbilder-peinture-acrylique-60x90","23":"pa_wandbilder-photo-soie-mate-20x30cm","24":"pa_wandbilder-poster-satine-mat-30x45cm","25":"pa_wandbilder-poster-satine-mat-60x90cm","26":"pa_wandbilder-poster-semi-brillant-70x105cm","27":"pa_wandbilder-toile-20x30","28":"pa_wandbilder-toile-40x60","29":"pa_wandbilder-toile-60x90","30":"pa_wandbilder-toile-80-x-120-cm","31":"entry","32":"has-media","34":"first","35":"instock","36":"taxable","37":"shipping-taxable","38":"purchasable","39":"product-type-variable"},"jetpack_publicize_connections":[],"jetpack_likes_enabled":true,"jetpack_sharing_enabled":true,"_links":{"self":[{"href":"https:\/\/www.light-style.eu\/fr\/wp-json\/wp\/v2\/product\/68369","targetHints":{"allow":["GET"]}}],"collection":[{"href":"https:\/\/www.light-style.eu\/fr\/wp-json\/wp\/v2\/product"}],"about":[{"href":"https:\/\/www.light-style.eu\/fr\/wp-json\/wp\/v2\/types\/product"}],"wp:featuredmedia":[{"embeddable":true,"href":"https:\/\/www.light-style.eu\/fr\/wp-json\/wp\/v2\/media\/67017"}],"wp:attachment":[{"href":"https:\/\/www.light-style.eu\/fr\/wp-json\/wp\/v2\/media?parent=68369"}],"wp:term":[{"taxonomy":"product_brand","embeddable":true,"href":"https:\/\/www.light-style.eu\/fr\/wp-json\/wp\/v2\/product_brand?post=68369"},{"taxonomy":"product_cat","embeddable":true,"href":"https:\/\/www.light-style.eu\/fr\/wp-json\/wp\/v2\/product_cat?post=68369"},{"taxonomy":"product_tag","embeddable":true,"href":"https:\/\/www.light-style.eu\/fr\/wp-json\/wp\/v2\/product_tag?post=68369"}],"curies":[{"name":"wp","href":"https:\/\/api.w.org\/{rel}","templated":true}]}}