{"id":68755,"date":"2018-11-10T16:20:32","date_gmt":"2023-02-15T08:35:43","guid":{"rendered":"https:\/\/www.light-style.eu\/unser-foto-shop\/cuillere-fondue\/"},"modified":"2025-02-10T10:18:37","modified_gmt":"2025-02-10T09:18:37","slug":"loeffel-fondu","status":"publish","type":"product","link":"https:\/\/www.light-style.eu\/fr\/notre-boutique-photo\/loeffel-fondu\/","title":{"rendered":"Cuill\u00e8re fondue"},"content":{"rendered":"<p>Un travail cr\u00e9atif qui ne devrait pas fonctionner de cette fa\u00e7on ou presque pas dans la vie r\u00e9elle<\/p>\n","protected":false},"excerpt":{"rendered":"<p>Donnez \u00e0 votre pi\u00e8ce un accroche-regard fascinant avec l\u2019extraordinaire \u0153uvre d\u2019art \u00ab&nbsp;Molten Spoon&nbsp;\u00bb. Cette image joue habilement avec la perception et montre ce qu\u2019il est possible de faire avec une photographie cr\u00e9ative et une pinc\u00e9e d\u2019art surr\u00e9aliste. La cuill\u00e8re apparemment fondante captive le spectateur et inspire l\u2019\u00e9tonnement et la r\u00e9flexion. C\u2019est une \u0153uvre d\u2019art parfaite pour les cuisines modernes, les restaurants ou comme point culminant dans votre salon.   <\/p>\n<p>Disponible dans une vari\u00e9t\u00e9 de formats, des peintures acryliques lumineuses aux impressions sur toile fines. Tous nos tableaux acryliques et sur toile sont sign\u00e9s \u00e0 la main par l\u2019artiste et sont accompagn\u00e9s d\u2019un certificat d\u2019authenticit\u00e9. Apportez ce chef-d\u2019\u0153uvre de la photographie cr\u00e9ative chez vous et ajoutez un accent fort \u00e0 votre int\u00e9rieur !<\/p>\n","protected":false},"featured_media":66964,"template":"","meta":{"advanced_seo_description":"","jetpack_seo_html_title":"","jetpack_seo_noindex":false,"ngg_post_thumbnail":0,"jetpack_publicize_message":"","jetpack_publicize_feature_enabled":true,"jetpack_social_post_already_shared":true,"jetpack_social_options":{"image_generator_settings":{"template":"highway","default_image_id":0,"font":"","enabled":false},"version":2}},"product_brand":[],"product_cat":[1667,1631,1628],"product_tag":[1726,1750,1748],"class_list":{"0":"post-68755","1":"product","2":"type-product","3":"status-publish","4":"has-post-thumbnail","6":"product_cat-nature-morte","7":"product_cat-ouvrages-dart","8":"product_cat-tout","9":"product_tag-cuisine","10":"product_tag-oeuvre","11":"product_tag-restaurant-fr","12":"pa_wandbilder-affiche-semi-brillante-40x60-cm","13":"pa_wandbilder-peinture-acrylique-20x30","14":"pa_wandbilder-peinture-acrylique-40x60","15":"pa_wandbilder-peinture-acrylique-60x90","16":"pa_wandbilder-photo-soie-mate-20x30cm","17":"pa_wandbilder-poster-satine-mat-30x45cm","18":"pa_wandbilder-poster-satine-mat-60x90cm","19":"pa_wandbilder-poster-semi-brillant-70x105cm","20":"pa_wandbilder-toile-20x30","21":"pa_wandbilder-toile-40x60","22":"pa_wandbilder-toile-60x90","23":"pa_wandbilder-toile-80-x-120-cm","24":"entry","25":"has-media","27":"first","28":"instock","29":"taxable","30":"shipping-taxable","31":"purchasable","32":"product-type-variable"},"jetpack_publicize_connections":[],"jetpack_likes_enabled":true,"jetpack_sharing_enabled":true,"_links":{"self":[{"href":"https:\/\/www.light-style.eu\/fr\/wp-json\/wp\/v2\/product\/68755","targetHints":{"allow":["GET"]}}],"collection":[{"href":"https:\/\/www.light-style.eu\/fr\/wp-json\/wp\/v2\/product"}],"about":[{"href":"https:\/\/www.light-style.eu\/fr\/wp-json\/wp\/v2\/types\/product"}],"wp:featuredmedia":[{"embeddable":true,"href":"https:\/\/www.light-style.eu\/fr\/wp-json\/wp\/v2\/media\/66964"}],"wp:attachment":[{"href":"https:\/\/www.light-style.eu\/fr\/wp-json\/wp\/v2\/media?parent=68755"}],"wp:term":[{"taxonomy":"product_brand","embeddable":true,"href":"https:\/\/www.light-style.eu\/fr\/wp-json\/wp\/v2\/product_brand?post=68755"},{"taxonomy":"product_cat","embeddable":true,"href":"https:\/\/www.light-style.eu\/fr\/wp-json\/wp\/v2\/product_cat?post=68755"},{"taxonomy":"product_tag","embeddable":true,"href":"https:\/\/www.light-style.eu\/fr\/wp-json\/wp\/v2\/product_tag?post=68755"}],"curies":[{"name":"wp","href":"https:\/\/api.w.org\/{rel}","templated":true}]}}