{"id":68756,"date":"2018-11-10T15:40:53","date_gmt":"2023-02-15T08:35:43","guid":{"rendered":"https:\/\/www.light-style.eu\/unser-foto-shop\/lingerie-mode-2017-78\/"},"modified":"2025-01-14T10:42:30","modified_gmt":"2025-01-14T09:42:30","slug":"lingerie-mode-2017-78","status":"publish","type":"product","link":"https:\/\/www.light-style.eu\/fr\/notre-boutique-photo\/lingerie-mode-2017-78\/","title":{"rendered":"Lingerie-Mode-2017-78"},"content":{"rendered":"<p>Eh bien, si la demoiselle a \u00e9galement post\u00e9 ici devant son prince \u00e0 ce moment-l\u00e0? \ud83d\ude09<\/p>\n<p>&nbsp;<\/p>\n","protected":false},"excerpt":{"rendered":"<p>Tous nos tableaux acryliques et sur toile sont sign\u00e9s \u00e0 la main par l\u2019artiste et sont accompagn\u00e9s d\u2019un certificat d\u2019authenticit\u00e9<\/p>\n","protected":false},"featured_media":66987,"template":"","meta":{"advanced_seo_description":"","jetpack_seo_html_title":"","jetpack_seo_noindex":false,"ngg_post_thumbnail":0,"jetpack_publicize_message":"","jetpack_publicize_feature_enabled":true,"jetpack_social_post_already_shared":true,"jetpack_social_options":{"image_generator_settings":{"template":"highway","default_image_id":0,"font":"","enabled":false},"version":2}},"product_brand":[],"product_cat":[1649,1650,1648,1628],"product_tag":[1684,1685],"class_list":{"0":"post-68756","1":"product","2":"type-product","3":"status-publish","4":"has-post-thumbnail","6":"product_cat-erotique","7":"product_cat-nu-feminin","8":"product_cat-personnes","9":"product_cat-tout","10":"product_tag-gens","11":"product_tag-litterature-erotique","12":"pa_wandbilder-affiche-semi-brillante-40x60-cm","13":"pa_wandbilder-peinture-acrylique-20x30","14":"pa_wandbilder-peinture-acrylique-40x60","15":"pa_wandbilder-peinture-acrylique-60x90","16":"pa_wandbilder-photo-soie-mate-20x30cm","17":"pa_wandbilder-poster-satine-mat-30x45cm","18":"pa_wandbilder-poster-satine-mat-60x90cm","19":"pa_wandbilder-poster-semi-brillant-70x105cm","20":"pa_wandbilder-toile-20x30","21":"pa_wandbilder-toile-40x60","22":"pa_wandbilder-toile-60x90","23":"pa_wandbilder-toile-80-x-120-cm","24":"entry","25":"has-media","27":"first","28":"instock","29":"taxable","30":"shipping-taxable","31":"purchasable","32":"product-type-variable"},"jetpack_publicize_connections":[],"jetpack_likes_enabled":true,"jetpack_sharing_enabled":true,"_links":{"self":[{"href":"https:\/\/www.light-style.eu\/fr\/wp-json\/wp\/v2\/product\/68756","targetHints":{"allow":["GET"]}}],"collection":[{"href":"https:\/\/www.light-style.eu\/fr\/wp-json\/wp\/v2\/product"}],"about":[{"href":"https:\/\/www.light-style.eu\/fr\/wp-json\/wp\/v2\/types\/product"}],"wp:featuredmedia":[{"embeddable":true,"href":"https:\/\/www.light-style.eu\/fr\/wp-json\/wp\/v2\/media\/66987"}],"wp:attachment":[{"href":"https:\/\/www.light-style.eu\/fr\/wp-json\/wp\/v2\/media?parent=68756"}],"wp:term":[{"taxonomy":"product_brand","embeddable":true,"href":"https:\/\/www.light-style.eu\/fr\/wp-json\/wp\/v2\/product_brand?post=68756"},{"taxonomy":"product_cat","embeddable":true,"href":"https:\/\/www.light-style.eu\/fr\/wp-json\/wp\/v2\/product_cat?post=68756"},{"taxonomy":"product_tag","embeddable":true,"href":"https:\/\/www.light-style.eu\/fr\/wp-json\/wp\/v2\/product_tag?post=68756"}],"curies":[{"name":"wp","href":"https:\/\/api.w.org\/{rel}","templated":true}]}}