{"id":68861,"date":"2018-11-09T11:52:43","date_gmt":"2023-02-15T08:35:59","guid":{"rendered":"https:\/\/www.light-style.eu\/unser-foto-shop\/pays-bas-2017-728\/"},"modified":"2025-01-14T10:57:47","modified_gmt":"2025-01-14T09:57:47","slug":"pays-bas-2017-728","status":"publish","type":"product","link":"https:\/\/www.light-style.eu\/fr\/notre-boutique-photo\/pays-bas-2017-728\/","title":{"rendered":"Pays-Bas 2017-728"},"content":{"rendered":"<p>Ces plages sans fin sont tout simplement g\u00e9niales, et en raison de la m\u00e9t\u00e9o, nous y \u00e9tions seuls en ao\u00fbt \ud83d\ude09<\/p>\n","protected":false},"excerpt":{"rendered":"<p>Tous nos tableaux acryliques et sur toile sont sign\u00e9s \u00e0 la main par l\u2019artiste et sont accompagn\u00e9s d\u2019un certificat d\u2019authenticit\u00e9<\/p>\n","protected":false},"featured_media":66676,"template":"","meta":{"advanced_seo_description":"","jetpack_seo_html_title":"","jetpack_seo_noindex":false,"ngg_post_thumbnail":0,"jetpack_publicize_message":"","jetpack_publicize_feature_enabled":true,"jetpack_social_post_already_shared":true,"jetpack_social_options":{"image_generator_settings":{"template":"highway","default_image_id":0,"font":"","enabled":false},"version":2}},"product_brand":[],"product_cat":[1639,1642,1658,1655,1660,1628],"product_tag":[1695,1737,1713,1694,1716],"class_list":{"0":"post-68861","1":"product","2":"type-product","3":"status-publish","4":"has-post-thumbnail","6":"product_cat-des-pays","7":"product_cat-hollande","8":"product_cat-mer","9":"product_cat-nature-fr","10":"product_cat-plage","11":"product_cat-tout","12":"product_tag-europe-fr","13":"product_tag-hollande","14":"product_tag-nature-fr","15":"product_tag-pays","16":"product_tag-plage","17":"pa_wandbilder-affiche-semi-brillante-40x60-cm","18":"pa_wandbilder-peinture-acrylique-20x30","19":"pa_wandbilder-peinture-acrylique-40x60","20":"pa_wandbilder-peinture-acrylique-60x90","21":"pa_wandbilder-photo-soie-mate-20x30cm","22":"pa_wandbilder-poster-satine-mat-30x45cm","23":"pa_wandbilder-poster-satine-mat-60x90cm","24":"pa_wandbilder-poster-semi-brillant-70x105cm","25":"pa_wandbilder-toile-20x30","26":"pa_wandbilder-toile-40x60","27":"pa_wandbilder-toile-60x90","28":"pa_wandbilder-toile-80-x-120-cm","29":"entry","30":"has-media","32":"first","33":"instock","34":"taxable","35":"shipping-taxable","36":"purchasable","37":"product-type-variable"},"jetpack_publicize_connections":[],"jetpack_likes_enabled":true,"jetpack_sharing_enabled":true,"_links":{"self":[{"href":"https:\/\/www.light-style.eu\/fr\/wp-json\/wp\/v2\/product\/68861","targetHints":{"allow":["GET"]}}],"collection":[{"href":"https:\/\/www.light-style.eu\/fr\/wp-json\/wp\/v2\/product"}],"about":[{"href":"https:\/\/www.light-style.eu\/fr\/wp-json\/wp\/v2\/types\/product"}],"wp:featuredmedia":[{"embeddable":true,"href":"https:\/\/www.light-style.eu\/fr\/wp-json\/wp\/v2\/media\/66676"}],"wp:attachment":[{"href":"https:\/\/www.light-style.eu\/fr\/wp-json\/wp\/v2\/media?parent=68861"}],"wp:term":[{"taxonomy":"product_brand","embeddable":true,"href":"https:\/\/www.light-style.eu\/fr\/wp-json\/wp\/v2\/product_brand?post=68861"},{"taxonomy":"product_cat","embeddable":true,"href":"https:\/\/www.light-style.eu\/fr\/wp-json\/wp\/v2\/product_cat?post=68861"},{"taxonomy":"product_tag","embeddable":true,"href":"https:\/\/www.light-style.eu\/fr\/wp-json\/wp\/v2\/product_tag?post=68861"}],"curies":[{"name":"wp","href":"https:\/\/api.w.org\/{rel}","templated":true}]}}