{"id":68937,"date":"2018-11-08T16:40:49","date_gmt":"2023-02-15T08:36:25","guid":{"rendered":"https:\/\/www.light-style.eu\/unser-foto-shop\/suisse-saxonne-bastei-2018-507\/"},"modified":"2025-01-14T10:53:13","modified_gmt":"2025-01-14T09:53:13","slug":"saechsische-schweiz-bastei-2018-507","status":"publish","type":"product","link":"https:\/\/www.light-style.eu\/fr\/notre-boutique-photo\/saechsische-schweiz-bastei-2018-507\/","title":{"rendered":"Suisse saxonne-Bastei-2018-507"},"content":{"rendered":"<p>La Saxe a une nature merveilleuse, en partie sauvage et rude. Voici l\u2019un des b\u00e2timents les plus importants de Saxe, le Bastei.<\/p>\n<p>Aussi la zone autour du bastion vous invite \u00e0 la marche et \u00e0 la randonn\u00e9e, vous avez une vue magnifique<\/p>\n","protected":false},"excerpt":{"rendered":"<p>Tous nos tableaux acryliques et sur toile sont sign\u00e9s \u00e0 la main par l\u2019artiste et sont accompagn\u00e9s d\u2019un certificat d\u2019authenticit\u00e9<\/p>\n","protected":false},"featured_media":66827,"template":"","meta":{"advanced_seo_description":"","jetpack_seo_html_title":"","jetpack_seo_noindex":false,"ngg_post_thumbnail":0,"jetpack_publicize_message":"","jetpack_publicize_feature_enabled":true,"jetpack_social_post_already_shared":true,"jetpack_social_options":{"image_generator_settings":{"template":"highway","default_image_id":0,"font":"","enabled":false},"version":2}},"product_brand":[],"product_cat":[1640,1639,1655,1628],"product_tag":[1696,1719,1695,1694,1717,1721],"class_list":{"0":"post-68937","1":"product","2":"type-product","3":"status-publish","4":"has-post-thumbnail","6":"product_cat-allemagne","7":"product_cat-des-pays","8":"product_cat-nature-fr","9":"product_cat-tout","10":"product_tag-allemagne","11":"product_tag-bastion-fr","12":"product_tag-europe-fr","13":"product_tag-pays","14":"product_tag-saxe","15":"product_tag-suisse-saxonne","16":"pa_wandbilder-affiche-semi-brillante-40x60-cm","17":"pa_wandbilder-peinture-acrylique-20x30","18":"pa_wandbilder-peinture-acrylique-40x60","19":"pa_wandbilder-peinture-acrylique-60x90","20":"pa_wandbilder-photo-soie-mate-20x30cm","21":"pa_wandbilder-poster-satine-mat-30x45cm","22":"pa_wandbilder-poster-satine-mat-60x90cm","23":"pa_wandbilder-poster-semi-brillant-70x105cm","24":"pa_wandbilder-toile-20x30","25":"pa_wandbilder-toile-40x60","26":"pa_wandbilder-toile-60x90","27":"pa_wandbilder-toile-80-x-120-cm","28":"entry","29":"has-media","31":"first","32":"instock","33":"taxable","34":"shipping-taxable","35":"purchasable","36":"product-type-variable"},"jetpack_publicize_connections":[],"jetpack_likes_enabled":true,"jetpack_sharing_enabled":true,"_links":{"self":[{"href":"https:\/\/www.light-style.eu\/fr\/wp-json\/wp\/v2\/product\/68937","targetHints":{"allow":["GET"]}}],"collection":[{"href":"https:\/\/www.light-style.eu\/fr\/wp-json\/wp\/v2\/product"}],"about":[{"href":"https:\/\/www.light-style.eu\/fr\/wp-json\/wp\/v2\/types\/product"}],"wp:featuredmedia":[{"embeddable":true,"href":"https:\/\/www.light-style.eu\/fr\/wp-json\/wp\/v2\/media\/66827"}],"wp:attachment":[{"href":"https:\/\/www.light-style.eu\/fr\/wp-json\/wp\/v2\/media?parent=68937"}],"wp:term":[{"taxonomy":"product_brand","embeddable":true,"href":"https:\/\/www.light-style.eu\/fr\/wp-json\/wp\/v2\/product_brand?post=68937"},{"taxonomy":"product_cat","embeddable":true,"href":"https:\/\/www.light-style.eu\/fr\/wp-json\/wp\/v2\/product_cat?post=68937"},{"taxonomy":"product_tag","embeddable":true,"href":"https:\/\/www.light-style.eu\/fr\/wp-json\/wp\/v2\/product_tag?post=68937"}],"curies":[{"name":"wp","href":"https:\/\/api.w.org\/{rel}","templated":true}]}}