{"id":69488,"date":"2018-11-08T11:30:28","date_gmt":"2023-02-15T08:42:12","guid":{"rendered":"https:\/\/www.light-style.eu\/unser-foto-shop\/cafe-amour\/"},"modified":"2025-01-14T12:12:29","modified_gmt":"2025-01-14T11:12:29","slug":"amour-du-cafe","status":"publish","type":"product","link":"https:\/\/www.light-style.eu\/fr\/notre-boutique-photo\/amour-du-cafe\/","title":{"rendered":"Caf\u00e9 &amp; Amour"},"content":{"rendered":"<p>Voici les choses les plus importantes de la vie r\u00e9sum\u00e9es en une seule image \ud83d\ude09 Caf\u00e9 &amp; amour, de quoi ai-je besoin de plus \ud83d\ude09<\/p>\n","protected":false},"excerpt":{"rendered":"<p>Tous nos tableaux acryliques et sur toile sont sign\u00e9s \u00e0 la main par l\u2019artiste et sont accompagn\u00e9s d\u2019un certificat d\u2019authenticit\u00e9<\/p>\n","protected":false},"featured_media":66798,"template":"","meta":{"advanced_seo_description":"","jetpack_seo_html_title":"","jetpack_seo_noindex":false,"ngg_post_thumbnail":0,"jetpack_publicize_message":"","jetpack_publicize_feature_enabled":true,"jetpack_social_post_already_shared":true,"jetpack_social_options":{"image_generator_settings":{"template":"highway","default_image_id":0,"font":"","enabled":false},"version":2}},"product_brand":[],"product_cat":[1635,1633,1664,1628],"product_tag":[1698,1707,1755,1726,1729,1704,1727],"class_list":{"0":"post-69488","1":"product","2":"type-product","3":"status-publish","4":"has-post-thumbnail","6":"product_cat-breuvages","7":"product_cat-manger-boire","8":"product_cat-romantique","9":"product_cat-tout","10":"product_tag-amour","11":"product_tag-boissons","12":"product_tag-cafe","13":"product_tag-cuisine","14":"product_tag-photo-du-bar","15":"product_tag-romantisme","16":"product_tag-travail-en-studio","17":"pa_wandbilder-affiche-semi-brillante-40x60-cm","18":"pa_wandbilder-peinture-acrylique-20x30","19":"pa_wandbilder-peinture-acrylique-40x60","20":"pa_wandbilder-peinture-acrylique-60x90","21":"pa_wandbilder-photo-soie-mate-20x30cm","22":"pa_wandbilder-poster-satine-mat-30x45cm","23":"pa_wandbilder-poster-satine-mat-60x90cm","24":"pa_wandbilder-poster-semi-brillant-70x105cm","25":"pa_wandbilder-toile-20x30","26":"pa_wandbilder-toile-40x60","27":"pa_wandbilder-toile-60x90","28":"pa_wandbilder-toile-80-x-120-cm","29":"entry","30":"has-media","32":"first","33":"instock","34":"taxable","35":"shipping-taxable","36":"purchasable","37":"product-type-variable"},"jetpack_publicize_connections":[],"jetpack_likes_enabled":true,"jetpack_sharing_enabled":true,"_links":{"self":[{"href":"https:\/\/www.light-style.eu\/fr\/wp-json\/wp\/v2\/product\/69488","targetHints":{"allow":["GET"]}}],"collection":[{"href":"https:\/\/www.light-style.eu\/fr\/wp-json\/wp\/v2\/product"}],"about":[{"href":"https:\/\/www.light-style.eu\/fr\/wp-json\/wp\/v2\/types\/product"}],"wp:featuredmedia":[{"embeddable":true,"href":"https:\/\/www.light-style.eu\/fr\/wp-json\/wp\/v2\/media\/66798"}],"wp:attachment":[{"href":"https:\/\/www.light-style.eu\/fr\/wp-json\/wp\/v2\/media?parent=69488"}],"wp:term":[{"taxonomy":"product_brand","embeddable":true,"href":"https:\/\/www.light-style.eu\/fr\/wp-json\/wp\/v2\/product_brand?post=69488"},{"taxonomy":"product_cat","embeddable":true,"href":"https:\/\/www.light-style.eu\/fr\/wp-json\/wp\/v2\/product_cat?post=69488"},{"taxonomy":"product_tag","embeddable":true,"href":"https:\/\/www.light-style.eu\/fr\/wp-json\/wp\/v2\/product_tag?post=69488"}],"curies":[{"name":"wp","href":"https:\/\/api.w.org\/{rel}","templated":true}]}}