{"id":69563,"date":"2022-11-18T10:43:11","date_gmt":"2023-02-15T14:59:21","guid":{"rendered":"https:\/\/www.light-style.eu\/unser-foto-shop\/embrasser-mon-as-1\/"},"modified":"2025-01-13T15:58:12","modified_gmt":"2025-01-13T14:58:12","slug":"kiss-my-as-1","status":"publish","type":"product","link":"https:\/\/www.light-style.eu\/fr\/notre-boutique-photo\/kiss-my-as-1\/","title":{"rendered":"Embrasser mon As -1"},"content":{"rendered":"<p>Je pense que le corps d\u2019un homme ne peut pas \u00eatre d\u00e9fini plus parfaitement. Pas trop et tous les muscles peuvent \u00eatre vus. Les deux sexes sont susceptibles d\u2019\u00eatre jaloux, les femmes parce qu\u2019elles aimeraient s\u2019appuyer l\u2019une sur l\u2019autre et nous les hommes parce que nous aimerions avoir un tel corps. Mais une quantit\u00e9 infinie de travail et de discipline est n\u00e9cessaire, d\u2019o\u00f9 mon respect absolu. Dans le bon environnement, c\u2019est un accroche-regard garanti.   <\/p>\n<p>&nbsp;<\/p>\n<p>&nbsp;<\/p>\n","protected":false},"excerpt":{"rendered":"<p>Tous nos tableaux acryliques et sur toile sont sign\u00e9s \u00e0 la main par l\u2019artiste et sont accompagn\u00e9s d\u2019un certificat d\u2019authenticit\u00e9<\/p>\n","protected":false},"featured_media":64940,"template":"","meta":{"advanced_seo_description":"","jetpack_seo_html_title":"","jetpack_seo_noindex":false,"ngg_post_thumbnail":0,"jetpack_publicize_message":"","jetpack_publicize_feature_enabled":true,"jetpack_social_post_already_shared":true,"jetpack_social_options":{"image_generator_settings":{"template":"highway","default_image_id":0,"font":"","enabled":false},"version":2}},"product_brand":[],"product_cat":[1649,1665,1651,1648,1628],"product_tag":[1689,1687,1688,1684,1806,1685,1807],"class_list":{"0":"post-69563","1":"product","2":"type-product","3":"status-publish","4":"has-post-thumbnail","6":"product_cat-erotique","7":"product_cat-noir-et-blanc","8":"product_cat-nu-masculin","9":"product_cat-personnes","10":"product_cat-tout","11":"product_tag-cle-de-couleur","12":"product_tag-decoration-murale","13":"product_tag-erotisme","14":"product_tag-gens","15":"product_tag-hommes","16":"product_tag-litterature-erotique","17":"product_tag-nu-masculin","18":"pa_wandbilder-affiche-semi-brillante-40x60-cm","19":"pa_wandbilder-peinture-acrylique-20x30","20":"pa_wandbilder-peinture-acrylique-40x60","21":"pa_wandbilder-peinture-acrylique-60x90","22":"pa_wandbilder-photo-soie-mate-20x30cm","23":"pa_wandbilder-poster-satine-mat-30x45cm","24":"pa_wandbilder-poster-satine-mat-60x90cm","25":"pa_wandbilder-poster-semi-brillant-70x105cm","26":"pa_wandbilder-toile-20x30","27":"pa_wandbilder-toile-40x60","28":"pa_wandbilder-toile-60x90","29":"pa_wandbilder-toile-80-x-120-cm","30":"entry","31":"has-media","33":"first","34":"instock","35":"taxable","36":"shipping-taxable","37":"purchasable","38":"product-type-variable"},"jetpack_publicize_connections":[],"jetpack_likes_enabled":true,"jetpack_sharing_enabled":true,"_links":{"self":[{"href":"https:\/\/www.light-style.eu\/fr\/wp-json\/wp\/v2\/product\/69563","targetHints":{"allow":["GET"]}}],"collection":[{"href":"https:\/\/www.light-style.eu\/fr\/wp-json\/wp\/v2\/product"}],"about":[{"href":"https:\/\/www.light-style.eu\/fr\/wp-json\/wp\/v2\/types\/product"}],"wp:featuredmedia":[{"embeddable":true,"href":"https:\/\/www.light-style.eu\/fr\/wp-json\/wp\/v2\/media\/64940"}],"wp:attachment":[{"href":"https:\/\/www.light-style.eu\/fr\/wp-json\/wp\/v2\/media?parent=69563"}],"wp:term":[{"taxonomy":"product_brand","embeddable":true,"href":"https:\/\/www.light-style.eu\/fr\/wp-json\/wp\/v2\/product_brand?post=69563"},{"taxonomy":"product_cat","embeddable":true,"href":"https:\/\/www.light-style.eu\/fr\/wp-json\/wp\/v2\/product_cat?post=69563"},{"taxonomy":"product_tag","embeddable":true,"href":"https:\/\/www.light-style.eu\/fr\/wp-json\/wp\/v2\/product_tag?post=69563"}],"curies":[{"name":"wp","href":"https:\/\/api.w.org\/{rel}","templated":true}]}}