{"id":69937,"date":"2022-01-29T09:37:21","date_gmt":"2023-02-15T15:57:40","guid":{"rendered":"https:\/\/www.light-style.eu\/unser-foto-shop\/fairyland-6\/"},"modified":"2025-01-13T16:10:30","modified_gmt":"2025-01-13T15:10:30","slug":"maerchenland-6","status":"publish","type":"product","link":"https:\/\/www.light-style.eu\/fr\/notre-boutique-photo\/maerchenland-6\/","title":{"rendered":"Fairyland 6"},"content":{"rendered":"<p>Il \u00e9tait une fois&#8230;&#8230; Ainsi, chaque histoire pourrait commencer dans ce paysage. Cette fois, nous \u00e9tions dans les montagnes de gr\u00e8s de l\u2019Elbe. Les paysages que nous avons pu capturer ici \u00e9taient incroyables. Voici quelques endroits tr\u00e8s mystiques. Derri\u00e8re chaque pierre, vous pouvez soup\u00e7onner des nains et des elfes \u2013 tout simplement un conte de f\u00e9es<\/p>\n<p>Les cascades ont quelque chose de sp\u00e9cial. Le pouvoir de la nature lorsqu\u2019elle se fraye un chemin \u00e0 travers la roche.<\/p>\n","protected":false},"excerpt":{"rendered":"<p>Tous nos tableaux acryliques et sur toile sont sign\u00e9s \u00e0 la main par l\u2019artiste et sont accompagn\u00e9s d\u2019un certificat d\u2019authenticit\u00e9<\/p>\n","protected":false},"featured_media":54360,"template":"","meta":{"advanced_seo_description":"","jetpack_seo_html_title":"","jetpack_seo_noindex":false,"ngg_post_thumbnail":0,"jetpack_publicize_message":"","jetpack_publicize_feature_enabled":true,"jetpack_social_post_already_shared":true,"jetpack_social_options":{"image_generator_settings":{"template":"highway","default_image_id":0,"font":"","enabled":false},"version":2}},"product_brand":[],"product_cat":[1640,1655,1628,1659],"product_tag":[1687,1770,1805,1713,1814],"class_list":{"0":"post-69937","1":"product","2":"type-product","3":"status-publish","4":"has-post-thumbnail","6":"product_cat-allemagne","7":"product_cat-nature-fr","8":"product_cat-tout","9":"product_cat-usine","10":"product_tag-decoration-murale","11":"product_tag-fleur","12":"product_tag-macro-fr","13":"product_tag-nature-fr","14":"product_tag-usine","15":"pa_wandbilder-peinture-acrylique-20x30","16":"pa_wandbilder-peinture-acrylique-40x60","17":"pa_wandbilder-peinture-acrylique-60x90","18":"pa_wandbilder-photo-soie-mate-20x30cm","19":"pa_wandbilder-poster-satine-mat-30x45cm","20":"pa_wandbilder-poster-satine-mat-60x90cm","21":"pa_wandbilder-poster-semi-brillant-70x105cm","22":"pa_wandbilder-toile-20x30","23":"pa_wandbilder-toile-40x60","24":"pa_wandbilder-toile-60x90","25":"pa_wandbilder-toile-80-x-120-cm","26":"entry","27":"has-media","29":"first","30":"instock","31":"taxable","32":"shipping-taxable","33":"purchasable","34":"product-type-variable"},"jetpack_publicize_connections":[],"jetpack_likes_enabled":true,"jetpack_sharing_enabled":true,"_links":{"self":[{"href":"https:\/\/www.light-style.eu\/fr\/wp-json\/wp\/v2\/product\/69937","targetHints":{"allow":["GET"]}}],"collection":[{"href":"https:\/\/www.light-style.eu\/fr\/wp-json\/wp\/v2\/product"}],"about":[{"href":"https:\/\/www.light-style.eu\/fr\/wp-json\/wp\/v2\/types\/product"}],"wp:featuredmedia":[{"embeddable":true,"href":"https:\/\/www.light-style.eu\/fr\/wp-json\/wp\/v2\/media\/54360"}],"wp:attachment":[{"href":"https:\/\/www.light-style.eu\/fr\/wp-json\/wp\/v2\/media?parent=69937"}],"wp:term":[{"taxonomy":"product_brand","embeddable":true,"href":"https:\/\/www.light-style.eu\/fr\/wp-json\/wp\/v2\/product_brand?post=69937"},{"taxonomy":"product_cat","embeddable":true,"href":"https:\/\/www.light-style.eu\/fr\/wp-json\/wp\/v2\/product_cat?post=69937"},{"taxonomy":"product_tag","embeddable":true,"href":"https:\/\/www.light-style.eu\/fr\/wp-json\/wp\/v2\/product_tag?post=69937"}],"curies":[{"name":"wp","href":"https:\/\/api.w.org\/{rel}","templated":true}]}}