{"id":69979,"date":"2022-11-17T15:05:37","date_gmt":"2023-02-15T15:57:59","guid":{"rendered":"https:\/\/www.light-style.eu\/unser-foto-shop\/whisky-terminer-la-journee-1\/"},"modified":"2025-01-13T16:11:05","modified_gmt":"2025-01-13T15:11:05","slug":"whisky-finish-the-day-1","status":"publish","type":"product","link":"https:\/\/www.light-style.eu\/fr\/notre-boutique-photo\/whisky-finish-the-day-1\/","title":{"rendered":"Whisky \u2013 Fin de la journ\u00e9e 1"},"content":{"rendered":"<p>le bon vieux whisky, en tant qu\u2019amateur avou\u00e9 de cette m\u00e9decine traditionnelle miracle \ud83d\ude09 Je suis aussi toujours fascin\u00e9 par l\u2019histoire. Et j\u2019y suis venu d\u2019un point de vue m\u00e9dical. \u00c0 l\u2019\u00e9tranger, j\u2019avais pris l\u2019habitude de d\u00e9guster un bon whisky apr\u00e8s le d\u00eener. Que puis-je dire, depuis lors j\u2019ai tol\u00e9r\u00e9 toute la nourriture du monde \ud83d\ude09 Si vous souhaitez en savoir plus sur le whisky, vous \u00eates les bienvenus    <\/p>\n<p> <a href=\"https:\/\/www.planet-wissen.de\/gesellschaft\/trinken\/whisky\/index.html\" target=\"_blank\" rel=\"noopener\">ici. Vous avez trouv\u00e9 cette page <\/a>  Tr\u00e8s r\u00e9v\u00e9lateur. Voici sur la photo un whisky de la collection Jameson. J\u2019en suis venu \u00e0 appr\u00e9cier ce whisky comme une substance bon march\u00e9 et bonne. Selon la routine quotidienne, parfois la plus douce ou parfois la plus fum\u00e9e. C\u2019est ainsi que la journ\u00e9e peut se terminer<\/p>\n","protected":false},"excerpt":{"rendered":"<p>Tous nos tableaux acryliques et sur toile sont sign\u00e9s \u00e0 la main par l\u2019artiste et sont accompagn\u00e9s d\u2019un certificat d\u2019authenticit\u00e9<\/p>\n","protected":false},"featured_media":63376,"template":"","meta":{"advanced_seo_description":"","jetpack_seo_html_title":"","jetpack_seo_noindex":false,"ngg_post_thumbnail":0,"jetpack_publicize_message":"","jetpack_publicize_feature_enabled":true,"jetpack_social_post_already_shared":true,"jetpack_social_options":{"image_generator_settings":{"template":"highway","default_image_id":0,"font":"","enabled":false},"version":2}},"product_brand":[],"product_cat":[1635,1633,1637,1628],"product_tag":[1707,1909,1709,1708],"class_list":{"0":"post-69979","1":"product","2":"type-product","3":"status-publish","4":"has-post-thumbnail","6":"product_cat-breuvages","7":"product_cat-manger-boire","8":"product_cat-photographie-a-grande-vitesse","9":"product_cat-tout","10":"product_tag-boissons","11":"product_tag-irlande","12":"product_tag-trucs-pour-hommes","13":"product_tag-whisky-fr","14":"pa_wandbilder-peinture-acrylique-20x30","15":"pa_wandbilder-peinture-acrylique-40x60","16":"pa_wandbilder-peinture-acrylique-60x90","17":"pa_wandbilder-photo-soie-mate-20x30cm","18":"pa_wandbilder-poster-satine-mat-30x45cm","19":"pa_wandbilder-poster-satine-mat-60x90cm","20":"pa_wandbilder-poster-semi-brillant-70x105cm","21":"pa_wandbilder-toile-20x30","22":"pa_wandbilder-toile-40x60","23":"pa_wandbilder-toile-60x90","24":"pa_wandbilder-toile-80-x-120-cm","25":"entry","26":"has-media","28":"first","29":"instock","30":"taxable","31":"shipping-taxable","32":"purchasable","33":"product-type-variable"},"jetpack_publicize_connections":[],"jetpack_likes_enabled":true,"jetpack_sharing_enabled":true,"_links":{"self":[{"href":"https:\/\/www.light-style.eu\/fr\/wp-json\/wp\/v2\/product\/69979","targetHints":{"allow":["GET"]}}],"collection":[{"href":"https:\/\/www.light-style.eu\/fr\/wp-json\/wp\/v2\/product"}],"about":[{"href":"https:\/\/www.light-style.eu\/fr\/wp-json\/wp\/v2\/types\/product"}],"wp:featuredmedia":[{"embeddable":true,"href":"https:\/\/www.light-style.eu\/fr\/wp-json\/wp\/v2\/media\/63376"}],"wp:attachment":[{"href":"https:\/\/www.light-style.eu\/fr\/wp-json\/wp\/v2\/media?parent=69979"}],"wp:term":[{"taxonomy":"product_brand","embeddable":true,"href":"https:\/\/www.light-style.eu\/fr\/wp-json\/wp\/v2\/product_brand?post=69979"},{"taxonomy":"product_cat","embeddable":true,"href":"https:\/\/www.light-style.eu\/fr\/wp-json\/wp\/v2\/product_cat?post=69979"},{"taxonomy":"product_tag","embeddable":true,"href":"https:\/\/www.light-style.eu\/fr\/wp-json\/wp\/v2\/product_tag?post=69979"}],"curies":[{"name":"wp","href":"https:\/\/api.w.org\/{rel}","templated":true}]}}