{"id":70001,"date":"2022-11-17T12:17:29","date_gmt":"2023-02-15T15:58:08","guid":{"rendered":"https:\/\/www.light-style.eu\/unser-foto-shop\/les-beautes-de-milan-2\/"},"modified":"2025-01-13T16:11:21","modified_gmt":"2025-01-13T15:11:21","slug":"milan-beauty-2","status":"publish","type":"product","link":"https:\/\/www.light-style.eu\/fr\/notre-boutique-photo\/milan-beauty-2\/","title":{"rendered":"Les Beaut\u00e9s de Milan 2"},"content":{"rendered":"<p>Milan vaut toujours la peine d\u2019\u00eatre visit\u00e9e. Non seulement les beaut\u00e9s humaines attirent l\u2019attention, mais aussi l\u2019ancienne et belle architecture. Dans cette ville, le premier mot, c\u2019est la mode\u2014 vivre, profiter de la vie. Il palpite ici dans de nombreux endroits merveilleux. <\/p>\n","protected":false},"excerpt":{"rendered":"<p>Tous nos tableaux acryliques et sur toile sont sign\u00e9s \u00e0 la main par l\u2019artiste et sont accompagn\u00e9s d\u2019un certificat d\u2019authenticit\u00e9<\/p>\n","protected":false},"featured_media":63298,"template":"","meta":{"advanced_seo_description":"","jetpack_seo_html_title":"","jetpack_seo_noindex":false,"ngg_post_thumbnail":0,"jetpack_publicize_message":"","jetpack_publicize_feature_enabled":true,"jetpack_social_post_already_shared":true,"jetpack_social_options":{"image_generator_settings":{"template":"highway","default_image_id":0,"font":"","enabled":false},"version":2}},"product_brand":[],"product_cat":[1632,1668,1643,1628],"product_tag":[1766,1767,1723,1687,1804],"class_list":{"0":"post-70001","1":"product","2":"type-product","3":"status-publish","4":"has-post-thumbnail","6":"product_cat-batiments","7":"product_cat-couchers-de-soleil","8":"product_cat-italie","9":"product_cat-tout","10":"product_tag-architecture-fr","11":"product_tag-batiments","12":"product_tag-coucher-de-soleil-fr","13":"product_tag-decoration-murale","14":"product_tag-milan-fr","15":"pa_wandbilder-peinture-acrylique-20x30","16":"pa_wandbilder-peinture-acrylique-40x60","17":"pa_wandbilder-peinture-acrylique-60x90","18":"pa_wandbilder-photo-soie-mate-20x30cm","19":"pa_wandbilder-poster-satine-mat-30x45cm","20":"pa_wandbilder-poster-satine-mat-60x90cm","21":"pa_wandbilder-poster-semi-brillant-70x105cm","22":"pa_wandbilder-toile-20x30","23":"pa_wandbilder-toile-40x60","24":"pa_wandbilder-toile-60x90","25":"pa_wandbilder-toile-80-x-120-cm","26":"entry","27":"has-media","29":"first","30":"instock","31":"taxable","32":"shipping-taxable","33":"purchasable","34":"product-type-variable"},"jetpack_publicize_connections":[],"jetpack_likes_enabled":true,"jetpack_sharing_enabled":true,"_links":{"self":[{"href":"https:\/\/www.light-style.eu\/fr\/wp-json\/wp\/v2\/product\/70001","targetHints":{"allow":["GET"]}}],"collection":[{"href":"https:\/\/www.light-style.eu\/fr\/wp-json\/wp\/v2\/product"}],"about":[{"href":"https:\/\/www.light-style.eu\/fr\/wp-json\/wp\/v2\/types\/product"}],"wp:featuredmedia":[{"embeddable":true,"href":"https:\/\/www.light-style.eu\/fr\/wp-json\/wp\/v2\/media\/63298"}],"wp:attachment":[{"href":"https:\/\/www.light-style.eu\/fr\/wp-json\/wp\/v2\/media?parent=70001"}],"wp:term":[{"taxonomy":"product_brand","embeddable":true,"href":"https:\/\/www.light-style.eu\/fr\/wp-json\/wp\/v2\/product_brand?post=70001"},{"taxonomy":"product_cat","embeddable":true,"href":"https:\/\/www.light-style.eu\/fr\/wp-json\/wp\/v2\/product_cat?post=70001"},{"taxonomy":"product_tag","embeddable":true,"href":"https:\/\/www.light-style.eu\/fr\/wp-json\/wp\/v2\/product_tag?post=70001"}],"curies":[{"name":"wp","href":"https:\/\/api.w.org\/{rel}","templated":true}]}}