{"id":70042,"date":"2022-01-25T15:23:48","date_gmt":"2023-02-15T16:31:29","guid":{"rendered":"https:\/\/www.light-style.eu\/unser-foto-shop\/cafe-le-matin-2\/"},"modified":"2025-01-13T16:29:54","modified_gmt":"2025-01-13T15:29:54","slug":"cafe-le-matin-2","status":"publish","type":"product","link":"https:\/\/www.light-style.eu\/fr\/notre-boutique-photo\/cafe-le-matin-2\/","title":{"rendered":"Caf\u00e9 le matin 2"},"content":{"rendered":"<p>J\u2019adore le caf\u00e9, en fait il n\u2019a pas sa place sur le sol, tant pis, mais qu\u2019est-ce que je ne fais pas pour une photo cool \ud83d\ude09 Voici l\u2019un des enregistrements haute vitesse avec une technologie sp\u00e9ciale pour flasher en studio avec une vitesse d\u2019obturation extr\u00eamement rapide.<br \/>\nHaute r\u00e9solution, minutieusement photographi\u00e9 et non, comme vous le voyez si souvent, enregistr\u00e9 comme vid\u00e9o 4k et copi\u00e9 la meilleure image unique.<br \/>\nPar cons\u00e9quent, de grandes images de haute qualit\u00e9 sont \u00e9galement possibles.  <\/p>\n","protected":false},"excerpt":{"rendered":"<p>Tous nos tableaux acryliques et sur toile sont sign\u00e9s \u00e0 la main par l\u2019artiste et sont accompagn\u00e9s d\u2019un certificat d\u2019authenticit\u00e9<\/p>\n","protected":false},"featured_media":68030,"template":"","meta":{"advanced_seo_description":"","jetpack_seo_html_title":"","jetpack_seo_noindex":false,"ngg_post_thumbnail":0,"jetpack_publicize_message":"","jetpack_publicize_feature_enabled":true,"jetpack_social_post_already_shared":true,"jetpack_social_options":{"image_generator_settings":{"template":"highway","default_image_id":0,"font":"","enabled":false},"version":2}},"product_brand":[],"product_cat":[1635,1633,1637,1628],"product_tag":[1707,1755,1687,1727,1730],"class_list":{"0":"post-70042","1":"product","2":"type-product","3":"status-publish","4":"has-post-thumbnail","6":"product_cat-breuvages","7":"product_cat-manger-boire","8":"product_cat-photographie-a-grande-vitesse","9":"product_cat-tout","10":"product_tag-boissons","11":"product_tag-cafe","12":"product_tag-decoration-murale","13":"product_tag-travail-en-studio","14":"product_tag-vitesse","15":"pa_wandbilder-affiche-semi-brillante-40x60-cm","16":"pa_wandbilder-peinture-acrylique-20x30","17":"pa_wandbilder-peinture-acrylique-40x60","18":"pa_wandbilder-peinture-acrylique-60x90","19":"pa_wandbilder-photo-soie-mate-20x30cm","20":"pa_wandbilder-poster-satine-mat-30x45cm","21":"pa_wandbilder-poster-satine-mat-60x90cm","22":"pa_wandbilder-poster-semi-brillant-70x105cm","23":"pa_wandbilder-toile-20x30","24":"pa_wandbilder-toile-40x60","25":"pa_wandbilder-toile-60x90","26":"pa_wandbilder-toile-80-x-120-cm","27":"entry","28":"has-media","30":"first","31":"instock","32":"taxable","33":"shipping-taxable","34":"purchasable","35":"product-type-variable"},"jetpack_publicize_connections":[],"jetpack_likes_enabled":true,"jetpack_sharing_enabled":true,"_links":{"self":[{"href":"https:\/\/www.light-style.eu\/fr\/wp-json\/wp\/v2\/product\/70042","targetHints":{"allow":["GET"]}}],"collection":[{"href":"https:\/\/www.light-style.eu\/fr\/wp-json\/wp\/v2\/product"}],"about":[{"href":"https:\/\/www.light-style.eu\/fr\/wp-json\/wp\/v2\/types\/product"}],"wp:featuredmedia":[{"embeddable":true,"href":"https:\/\/www.light-style.eu\/fr\/wp-json\/wp\/v2\/media\/68030"}],"wp:attachment":[{"href":"https:\/\/www.light-style.eu\/fr\/wp-json\/wp\/v2\/media?parent=70042"}],"wp:term":[{"taxonomy":"product_brand","embeddable":true,"href":"https:\/\/www.light-style.eu\/fr\/wp-json\/wp\/v2\/product_brand?post=70042"},{"taxonomy":"product_cat","embeddable":true,"href":"https:\/\/www.light-style.eu\/fr\/wp-json\/wp\/v2\/product_cat?post=70042"},{"taxonomy":"product_tag","embeddable":true,"href":"https:\/\/www.light-style.eu\/fr\/wp-json\/wp\/v2\/product_tag?post=70042"}],"curies":[{"name":"wp","href":"https:\/\/api.w.org\/{rel}","templated":true}]}}