{"id":70064,"date":"2021-10-25T18:26:19","date_gmt":"2023-02-15T16:31:39","guid":{"rendered":"https:\/\/www.light-style.eu\/unser-foto-shop\/hors-de-mon-chemin\/"},"modified":"2025-01-13T16:29:07","modified_gmt":"2025-01-13T15:29:07","slug":"hors-de-mon-chemin","status":"publish","type":"product","link":"https:\/\/www.light-style.eu\/fr\/notre-boutique-photo\/hors-de-mon-chemin\/","title":{"rendered":"Hors de mon chemin"},"content":{"rendered":"<p>fra\u00eechement import\u00e9 du parc national Kruger \ud83d\ude09 Voici la version cool pour votre mur, garantie d\u2019attirer l\u2019attention en grand format !<\/p>\n<p>&nbsp;<\/p>\n<p>Le roi officiel des animaux est le lion, mais le vrai patron dans la nature est l\u2019\u00e9l\u00e9phant, o\u00f9 m\u00eame le lion fait de la place au point d\u2019eau. Il a lui-m\u00eame observ\u00e9 comment le grand patron a cr\u00e9\u00e9 de l\u2019espace pour sa famille au point d\u2019eau. Il \u00e9tait d\u00e9finitivement \u00e0 l\u2019avantage dans la dispute sur l\u2019endroit dans la rue \ud83d\ude09 <\/p>\n","protected":false},"excerpt":{"rendered":"<p>Tous nos tableaux acryliques et sur toile sont sign\u00e9s \u00e0 la main par l\u2019artiste et sont accompagn\u00e9s d\u2019un certificat d\u2019authenticit\u00e9<\/p>\n","protected":false},"featured_media":67948,"template":"","meta":{"advanced_seo_description":"","jetpack_seo_html_title":"","jetpack_seo_noindex":false,"ngg_post_thumbnail":0,"jetpack_publicize_message":"","jetpack_publicize_feature_enabled":true,"jetpack_social_post_already_shared":true,"jetpack_social_options":{"image_generator_settings":{"template":"highway","default_image_id":0,"font":"","enabled":false},"version":2}},"product_brand":[],"product_cat":[1641,1661,1639,1655,1628],"product_tag":[1762,1733,1718,1723,1687,1713,1694,1834],"class_list":{"0":"post-70064","1":"product","2":"type-product","3":"status-publish","4":"has-post-thumbnail","6":"product_cat-afrique","7":"product_cat-animaux","8":"product_cat-des-pays","9":"product_cat-nature-fr","10":"product_cat-tout","11":"product_tag-afrique","12":"product_tag-animaux","13":"product_tag-coucher-de-soleil","14":"product_tag-coucher-de-soleil-fr","15":"product_tag-decoration-murale","16":"product_tag-nature-fr","17":"product_tag-pays","18":"product_tag-region-sauvage","19":"pa_wandbilder-affiche-semi-brillante-40x60-cm","20":"pa_wandbilder-peinture-acrylique-20x30","21":"pa_wandbilder-peinture-acrylique-40x60","22":"pa_wandbilder-peinture-acrylique-60x90","23":"pa_wandbilder-photo-soie-mate-20x30cm","24":"pa_wandbilder-poster-satine-mat-30x45cm","25":"pa_wandbilder-poster-satine-mat-60x90cm","26":"pa_wandbilder-poster-semi-brillant-70x105cm","27":"pa_wandbilder-toile-20x30","28":"pa_wandbilder-toile-40x60","29":"pa_wandbilder-toile-60x90","30":"pa_wandbilder-toile-80-x-120-cm","31":"entry","32":"has-media","34":"first","35":"instock","36":"taxable","37":"shipping-taxable","38":"purchasable","39":"product-type-variable"},"jetpack_publicize_connections":[],"jetpack_likes_enabled":true,"jetpack_sharing_enabled":true,"_links":{"self":[{"href":"https:\/\/www.light-style.eu\/fr\/wp-json\/wp\/v2\/product\/70064","targetHints":{"allow":["GET"]}}],"collection":[{"href":"https:\/\/www.light-style.eu\/fr\/wp-json\/wp\/v2\/product"}],"about":[{"href":"https:\/\/www.light-style.eu\/fr\/wp-json\/wp\/v2\/types\/product"}],"wp:featuredmedia":[{"embeddable":true,"href":"https:\/\/www.light-style.eu\/fr\/wp-json\/wp\/v2\/media\/67948"}],"wp:attachment":[{"href":"https:\/\/www.light-style.eu\/fr\/wp-json\/wp\/v2\/media?parent=70064"}],"wp:term":[{"taxonomy":"product_brand","embeddable":true,"href":"https:\/\/www.light-style.eu\/fr\/wp-json\/wp\/v2\/product_brand?post=70064"},{"taxonomy":"product_cat","embeddable":true,"href":"https:\/\/www.light-style.eu\/fr\/wp-json\/wp\/v2\/product_cat?post=70064"},{"taxonomy":"product_tag","embeddable":true,"href":"https:\/\/www.light-style.eu\/fr\/wp-json\/wp\/v2\/product_tag?post=70064"}],"curies":[{"name":"wp","href":"https:\/\/api.w.org\/{rel}","templated":true}]}}