{"id":70230,"date":"2021-10-25T15:59:50","date_gmt":"2023-02-15T16:34:15","guid":{"rendered":"https:\/\/www.light-style.eu\/unser-foto-shop\/trinite\/"},"modified":"2025-01-13T16:26:55","modified_gmt":"2025-01-13T15:26:55","slug":"trinite","status":"publish","type":"product","link":"https:\/\/www.light-style.eu\/fr\/notre-boutique-photo\/trinite\/","title":{"rendered":"Trinit\u00e9"},"content":{"rendered":"<p>M\u00eame M\u00e8re Nature sait qu\u2019il doit y en avoir au moins 3 pour que le monde continue \u00e0 tourner, la survie de nous et de tout ce qui y vit repose sur cela.<\/p>\n","protected":false},"excerpt":{"rendered":"<p>Tous nos tableaux acryliques et sur toile sont sign\u00e9s \u00e0 la main par l\u2019artiste et sont accompagn\u00e9s d\u2019un certificat d\u2019authenticit\u00e9<\/p>\n","protected":false},"featured_media":67941,"template":"","meta":{"advanced_seo_description":"","jetpack_seo_html_title":"","jetpack_seo_noindex":false,"ngg_post_thumbnail":0,"jetpack_publicize_message":"","jetpack_publicize_feature_enabled":true,"jetpack_social_post_already_shared":true,"jetpack_social_options":{"image_generator_settings":{"template":"highway","default_image_id":0,"font":"","enabled":false},"version":2}},"product_brand":[],"product_cat":[1640,1655,1664,1628,1659],"product_tag":[1687,1770,1805,1713,1814],"class_list":{"0":"post-70230","1":"product","2":"type-product","3":"status-publish","4":"has-post-thumbnail","6":"product_cat-allemagne","7":"product_cat-nature-fr","8":"product_cat-romantique","9":"product_cat-tout","10":"product_cat-usine","11":"product_tag-decoration-murale","12":"product_tag-fleur","13":"product_tag-macro-fr","14":"product_tag-nature-fr","15":"product_tag-usine","16":"pa_wandbilder-peinture-acrylique-20x30","17":"pa_wandbilder-peinture-acrylique-40x60","18":"pa_wandbilder-peinture-acrylique-60x90","19":"pa_wandbilder-photo-soie-mate-20x30cm","20":"pa_wandbilder-poster-satine-mat-30x45cm","21":"pa_wandbilder-poster-satine-mat-60x90cm","22":"pa_wandbilder-poster-semi-brillant-70x105cm","23":"pa_wandbilder-toile-20x30","24":"pa_wandbilder-toile-40x60","25":"pa_wandbilder-toile-60x90","26":"pa_wandbilder-toile-80-x-120-cm","27":"entry","28":"has-media","30":"first","31":"instock","32":"taxable","33":"shipping-taxable","34":"purchasable","35":"product-type-variable"},"jetpack_publicize_connections":[],"jetpack_likes_enabled":true,"jetpack_sharing_enabled":true,"_links":{"self":[{"href":"https:\/\/www.light-style.eu\/fr\/wp-json\/wp\/v2\/product\/70230","targetHints":{"allow":["GET"]}}],"collection":[{"href":"https:\/\/www.light-style.eu\/fr\/wp-json\/wp\/v2\/product"}],"about":[{"href":"https:\/\/www.light-style.eu\/fr\/wp-json\/wp\/v2\/types\/product"}],"wp:featuredmedia":[{"embeddable":true,"href":"https:\/\/www.light-style.eu\/fr\/wp-json\/wp\/v2\/media\/67941"}],"wp:attachment":[{"href":"https:\/\/www.light-style.eu\/fr\/wp-json\/wp\/v2\/media?parent=70230"}],"wp:term":[{"taxonomy":"product_brand","embeddable":true,"href":"https:\/\/www.light-style.eu\/fr\/wp-json\/wp\/v2\/product_brand?post=70230"},{"taxonomy":"product_cat","embeddable":true,"href":"https:\/\/www.light-style.eu\/fr\/wp-json\/wp\/v2\/product_cat?post=70230"},{"taxonomy":"product_tag","embeddable":true,"href":"https:\/\/www.light-style.eu\/fr\/wp-json\/wp\/v2\/product_tag?post=70230"}],"curies":[{"name":"wp","href":"https:\/\/api.w.org\/{rel}","templated":true}]}}