{"id":70262,"date":"2019-10-17T16:37:10","date_gmt":"2023-02-15T16:36:44","guid":{"rendered":"https:\/\/www.light-style.eu\/unser-foto-shop\/le-guepard\/"},"modified":"2025-01-13T16:45:48","modified_gmt":"2025-01-13T15:45:48","slug":"le-guepard","status":"publish","type":"product","link":"https:\/\/www.light-style.eu\/fr\/notre-boutique-photo\/le-guepard\/","title":{"rendered":"Le gu\u00e9pard"},"content":{"rendered":"<p>frais import\u00e9s du parc national Kruger \ud83d\ude09 Voici la version g\u00e9niale pour votre mur, garantie en grand format de l\u2019eye-catcher!<\/p>\n<p>Il \u00e9tait presque impossible de se rapprocher de la nature sauvage.<\/p>\n<p>Le gu\u00e9pard, l\u2019un des animaux les plus merveilleux que nous ayons pu exp\u00e9rimenter de pr\u00e8s, et contrairement au l\u00e9opard, qui pendait paresseusement \u00e0 l\u2019arbre, plein d\u2019int\u00e9r\u00eat et d\u2019attention. Le mod\u00e8le photo par excellence<\/p>\n","protected":false},"excerpt":{"rendered":"<p>Tous nos tableaux acryliques et sur toile sont sign\u00e9s \u00e0 la main par l\u2019artiste et sont accompagn\u00e9s d\u2019un certificat d\u2019authenticit\u00e9<\/p>\n","protected":false},"featured_media":67628,"template":"","meta":{"advanced_seo_description":"","jetpack_seo_html_title":"","jetpack_seo_noindex":false,"ngg_post_thumbnail":0,"jetpack_publicize_message":"","jetpack_publicize_feature_enabled":true,"jetpack_social_post_already_shared":true,"jetpack_social_options":{"image_generator_settings":{"template":"highway","default_image_id":0,"font":"","enabled":false},"version":2}},"product_brand":[],"product_cat":[1641,1661,1639,1655,1665,1628],"product_tag":[1762,1733,1694,1834],"class_list":{"0":"post-70262","1":"product","2":"type-product","3":"status-publish","4":"has-post-thumbnail","6":"product_cat-afrique","7":"product_cat-animaux","8":"product_cat-des-pays","9":"product_cat-nature-fr","10":"product_cat-noir-et-blanc","11":"product_cat-tout","12":"product_tag-afrique","13":"product_tag-animaux","14":"product_tag-pays","15":"product_tag-region-sauvage","16":"pa_wandbilder-affiche-semi-brillante-40x60-cm","17":"pa_wandbilder-peinture-acrylique-20x30","18":"pa_wandbilder-peinture-acrylique-40x60","19":"pa_wandbilder-peinture-acrylique-60x90","20":"pa_wandbilder-photo-soie-mate-20x30cm","21":"pa_wandbilder-poster-satine-mat-30x45cm","22":"pa_wandbilder-poster-satine-mat-60x90cm","23":"pa_wandbilder-poster-semi-brillant-70x105cm","24":"pa_wandbilder-toile-20x30","25":"pa_wandbilder-toile-40x60","26":"pa_wandbilder-toile-60x90","27":"pa_wandbilder-toile-80-x-120-cm","28":"entry","29":"has-media","31":"first","32":"instock","33":"taxable","34":"shipping-taxable","35":"purchasable","36":"product-type-variable"},"jetpack_publicize_connections":[],"jetpack_likes_enabled":true,"jetpack_sharing_enabled":true,"_links":{"self":[{"href":"https:\/\/www.light-style.eu\/fr\/wp-json\/wp\/v2\/product\/70262","targetHints":{"allow":["GET"]}}],"collection":[{"href":"https:\/\/www.light-style.eu\/fr\/wp-json\/wp\/v2\/product"}],"about":[{"href":"https:\/\/www.light-style.eu\/fr\/wp-json\/wp\/v2\/types\/product"}],"wp:featuredmedia":[{"embeddable":true,"href":"https:\/\/www.light-style.eu\/fr\/wp-json\/wp\/v2\/media\/67628"}],"wp:attachment":[{"href":"https:\/\/www.light-style.eu\/fr\/wp-json\/wp\/v2\/media?parent=70262"}],"wp:term":[{"taxonomy":"product_brand","embeddable":true,"href":"https:\/\/www.light-style.eu\/fr\/wp-json\/wp\/v2\/product_brand?post=70262"},{"taxonomy":"product_cat","embeddable":true,"href":"https:\/\/www.light-style.eu\/fr\/wp-json\/wp\/v2\/product_cat?post=70262"},{"taxonomy":"product_tag","embeddable":true,"href":"https:\/\/www.light-style.eu\/fr\/wp-json\/wp\/v2\/product_tag?post=70262"}],"curies":[{"name":"wp","href":"https:\/\/api.w.org\/{rel}","templated":true}]}}