{"id":70290,"date":"2020-12-09T16:37:47","date_gmt":"2020-12-09T15:37:47","guid":{"rendered":"https:\/\/www.light-style.eu\/unser-foto-shop\/bon-photo-stylisme-coiffure-maquillage\/"},"modified":"2025-01-13T16:23:35","modified_gmt":"2025-01-13T15:23:35","slug":"style-de-photo-de-coupon","status":"publish","type":"product","link":"https:\/\/www.light-style.eu\/fr\/notre-boutique-photo\/style-de-photo-de-coupon\/","title":{"rendered":"Bon pour la coiffure photo (coiffure et maquillage)"},"content":{"rendered":"<p>Voici le bon si vous souhaitez offrir le stylisme professionnel de notre maquilleuse. Il sera combin\u00e9 avec le bon que vous avez d\u00e9j\u00e0 r\u00e9serv\u00e9 ou que vous r\u00e9servez pour le tournage. Le stylisme ne peut \u00eatre r\u00e9serv\u00e9 que dans le cadre d\u2019un tournage. Le stylisme photo, qu\u2019est-ce que cela signifie ? Notre maquilleuse vous coiffera avec un maquillage et une coiffure professionnels (dans la mesure du possible, par exemple une coupe pageboy n\u2019ouvre pas autant de possibilit\u00e9s) pour le tournage pr\u00e9vu dans notre studio. Bien s\u00fbr, toujours adapt\u00e9 \u00e0 la s\u00e9ance photo respective, et discutez de vos souhaits lors du coiffage. Le maquillage photo est quelque chose de compl\u00e8tement diff\u00e9rent du maquillage quotidien, car l\u2019appareil photo et la lumi\u00e8re ont besoin d\u2019un peu plus de contraste que l\u2019\u0153il humain dans la vie de tous les jours, et il est \u00e9galement tr\u00e8s diff\u00e9rent selon le type de prise de vue, du style professionnel discret aux empeignes dans les prises de vue \u00e9rotiques. M\u00eame moi, je suis toujours tr\u00e8s impressionn\u00e9e quand je vois la diff\u00e9rence entre avant et apr\u00e8s le coiffage. 1 bon par personne \u00e0 coiffer.<\/p>\n<p><em><strong>IMPORTANT : Vous ne recevrez pas de bon d\u2019achat s\u00e9par\u00e9, mais seulement une confirmation que le style a \u00e9t\u00e9 r\u00e9serv\u00e9 en plus de votre bon d\u2019achat !<\/strong><\/em><\/p>\n<p><em><strong>&nbsp;<\/strong><\/em><\/p>\n","protected":false},"excerpt":{"rendered":"<p>Voici le bon si vous souhaitez offrir le stylisme professionnel de notre maquilleuse. Il sera combin\u00e9 avec le bon que vous avez d\u00e9j\u00e0 r\u00e9serv\u00e9 ou que vous r\u00e9servez pour le tournage. Le stylisme ne peut \u00eatre r\u00e9serv\u00e9 que dans le cadre d\u2019un tournage. Le stylisme photo, qu\u2019est-ce que cela signifie ? Notre maquilleuse vous coiffera&hellip;<\/p>\n","protected":false},"featured_media":67847,"template":"","meta":{"advanced_seo_description":"","jetpack_seo_html_title":"","jetpack_seo_noindex":false,"ngg_post_thumbnail":0,"jetpack_publicize_message":"","jetpack_publicize_feature_enabled":true,"jetpack_social_post_already_shared":true,"jetpack_social_options":{"image_generator_settings":{"template":"highway","default_image_id":0,"font":"","enabled":false},"version":2}},"product_brand":[],"product_cat":[1636,1628],"product_tag":[1786,1787,1792],"class_list":{"0":"post-70290","1":"product","2":"type-product","3":"status-publish","4":"has-post-thumbnail","6":"product_cat-coupons","7":"product_cat-tout","8":"product_tag-cadeau","9":"product_tag-carte-cadeau","10":"product_tag-coupon","11":"product_shipping_class-gratuit","12":"pa_anzahl-verschiedener-fotos-1-fr","13":"pa_anzahl-verschiedener-fotos-10-fr","14":"pa_anzahl-verschiedener-fotos-12-fr","15":"pa_anzahl-verschiedener-fotos-14-fr","16":"pa_anzahl-verschiedener-fotos-2-fr","17":"pa_anzahl-verschiedener-fotos-4-fr","18":"pa_anzahl-verschiedener-fotos-6-fr","19":"pa_anzahl-verschiedener-fotos-8-fr","20":"pa_online-code-oder-papier-codes-en-ligne","21":"pa_online-code-oder-papier-formulaire-papier","22":"pa_shootings-bosse-de-bebe-nouveau-ne","23":"pa_shootings-couple-de-photos-erotiques","24":"pa_shootings-photos-erotiques-celibataire","25":"pa_shootings-portraits-celibataire","26":"pa_shootings-portraits-famille","27":"pa_shootings-portraits-danimaux","28":"pa_wandbilder-poster-satine-mat-60x90cm","29":"entry","30":"has-media","32":"first","33":"instock","34":"featured","35":"taxable","36":"shipping-taxable","37":"purchasable","38":"product-type-simple"},"jetpack_publicize_connections":[],"jetpack_likes_enabled":true,"jetpack_sharing_enabled":true,"_links":{"self":[{"href":"https:\/\/www.light-style.eu\/fr\/wp-json\/wp\/v2\/product\/70290","targetHints":{"allow":["GET"]}}],"collection":[{"href":"https:\/\/www.light-style.eu\/fr\/wp-json\/wp\/v2\/product"}],"about":[{"href":"https:\/\/www.light-style.eu\/fr\/wp-json\/wp\/v2\/types\/product"}],"wp:featuredmedia":[{"embeddable":true,"href":"https:\/\/www.light-style.eu\/fr\/wp-json\/wp\/v2\/media\/67847"}],"wp:attachment":[{"href":"https:\/\/www.light-style.eu\/fr\/wp-json\/wp\/v2\/media?parent=70290"}],"wp:term":[{"taxonomy":"product_brand","embeddable":true,"href":"https:\/\/www.light-style.eu\/fr\/wp-json\/wp\/v2\/product_brand?post=70290"},{"taxonomy":"product_cat","embeddable":true,"href":"https:\/\/www.light-style.eu\/fr\/wp-json\/wp\/v2\/product_cat?post=70290"},{"taxonomy":"product_tag","embeddable":true,"href":"https:\/\/www.light-style.eu\/fr\/wp-json\/wp\/v2\/product_tag?post=70290"}],"curies":[{"name":"wp","href":"https:\/\/api.w.org\/{rel}","templated":true}]}}