{"id":70296,"date":"2020-12-08T16:28:47","date_gmt":"2023-02-15T16:37:13","guid":{"rendered":"https:\/\/www.light-style.eu\/unser-foto-shop\/bon-de-tir\/"},"modified":"2025-01-13T16:22:44","modified_gmt":"2025-01-13T15:22:44","slug":"bon-de-tir-complet","status":"publish","type":"product","link":"https:\/\/www.light-style.eu\/fr\/notre-boutique-photo\/bon-de-tir-complet\/","title":{"rendered":"Bon de prise de vue"},"content":{"rendered":"<p>Ici&nbsp; , nous vous proposons maintenant les bons pour des prises de vue compl\u00e8tes, bien s\u00fbr le destinataire peut toujours acheter plus de photos par la suite, en fonction du nombre de photos qu\u2019il aime.<\/p>\n<p><strong>Pour la plupart des s\u00e9ances photo, le stylisme de notre maquilleuse professionnelle peut \u00e9galement \u00eatre r\u00e9serv\u00e9 lors de la r\u00e9servation. Elle re\u00e7oit ensuite 125\u20ac le jour du tournage. Cependant, nous clarifierons cela avec vous lors de la r\u00e9servation. Ou vous pouvez offrir un bon d\u2019achat de style de notre part en m\u00eame temps.<br \/>\n<\/strong><\/p>\n<p>Vous pouvez maintenant acheter un ou plusieurs bon(s) pour vous-m\u00eame ou sous forme de ch\u00e8que-cadeau. Nous vous offrons la possibilit\u00e9 de recevoir un bon d\u2019achat papier de notre part ou un code en ligne avec lequel vous pouvez cr\u00e9er votre propre bon d\u2019achat. Bien entendu, vous \u00eates \u00e9galement invit\u00e9s \u00e0 retirer votre bon d\u2019\u00e9change dans notre studio. Vous recevrez le formulaire papier en recommand\u00e9 si vous souhaitez qu\u2019il soit exp\u00e9di\u00e9. La version du code en ligne prend jusqu\u2019\u00e0 3 heures (pendant nos heures d\u2019ouverture) jusqu\u2019\u00e0 ce que vous l\u2019ayez dans votre bo\u00eete aux lettres, veuillez \u00e9galement v\u00e9rifier votre dossier spam si vous ne recevez pas d\u2019e-mail.  <\/p>\n<p><em><strong>&nbsp;<\/strong><\/em><\/p>\n","protected":false},"excerpt":{"rendered":"<p>Ici&nbsp; , nous vous proposons maintenant les bons pour des prises de vue compl\u00e8tes, bien s\u00fbr le destinataire peut toujours acheter plus de photos par la suite, en fonction du nombre de photos qu\u2019il aime. Pour la plupart des s\u00e9ances photo, le stylisme de notre maquilleuse professionnelle peut \u00e9galement \u00eatre r\u00e9serv\u00e9 lors de la r\u00e9servation.&hellip;<\/p>\n","protected":false},"featured_media":67845,"template":"","meta":{"advanced_seo_description":"","jetpack_seo_html_title":"","jetpack_seo_noindex":false,"ngg_post_thumbnail":0,"jetpack_publicize_message":"","jetpack_publicize_feature_enabled":true,"jetpack_social_post_already_shared":true,"jetpack_social_options":{"image_generator_settings":{"template":"highway","default_image_id":0,"font":"","enabled":false},"version":2}},"product_brand":[],"product_cat":[1636,1628],"product_tag":[1786,1787,1792],"class_list":{"0":"post-70296","1":"product","2":"type-product","3":"status-publish","4":"has-post-thumbnail","6":"product_cat-coupons","7":"product_cat-tout","8":"product_tag-cadeau","9":"product_tag-carte-cadeau","10":"product_tag-coupon","11":"product_shipping_class-gratuit","12":"pa_anzahl-verschiedener-fotos-1-fr","13":"pa_anzahl-verschiedener-fotos-10-fr","14":"pa_anzahl-verschiedener-fotos-12-fr","15":"pa_anzahl-verschiedener-fotos-14-fr","16":"pa_anzahl-verschiedener-fotos-2-fr","17":"pa_anzahl-verschiedener-fotos-4-fr","18":"pa_anzahl-verschiedener-fotos-6-fr","19":"pa_anzahl-verschiedener-fotos-8-fr","20":"pa_online-code-oder-papier-codes-en-ligne","21":"pa_online-code-oder-papier-formulaire-papier","22":"pa_shootings-bosse-de-bebe-nouveau-ne","23":"pa_shootings-couple-de-photos-erotiques","24":"pa_shootings-photos-erotiques-celibataire","25":"pa_shootings-portraits-celibataire","26":"pa_shootings-portraits-famille","27":"pa_shootings-portraits-danimaux","28":"pa_wandbilder-poster-satine-mat-60x90cm","29":"entry","30":"has-media","32":"first","33":"instock","34":"featured","35":"taxable","36":"shipping-taxable","37":"purchasable","38":"product-type-variable","39":"has-default-attributes"},"jetpack_publicize_connections":[],"jetpack_likes_enabled":true,"jetpack_sharing_enabled":true,"_links":{"self":[{"href":"https:\/\/www.light-style.eu\/fr\/wp-json\/wp\/v2\/product\/70296","targetHints":{"allow":["GET"]}}],"collection":[{"href":"https:\/\/www.light-style.eu\/fr\/wp-json\/wp\/v2\/product"}],"about":[{"href":"https:\/\/www.light-style.eu\/fr\/wp-json\/wp\/v2\/types\/product"}],"wp:featuredmedia":[{"embeddable":true,"href":"https:\/\/www.light-style.eu\/fr\/wp-json\/wp\/v2\/media\/67845"}],"wp:attachment":[{"href":"https:\/\/www.light-style.eu\/fr\/wp-json\/wp\/v2\/media?parent=70296"}],"wp:term":[{"taxonomy":"product_brand","embeddable":true,"href":"https:\/\/www.light-style.eu\/fr\/wp-json\/wp\/v2\/product_brand?post=70296"},{"taxonomy":"product_cat","embeddable":true,"href":"https:\/\/www.light-style.eu\/fr\/wp-json\/wp\/v2\/product_cat?post=70296"},{"taxonomy":"product_tag","embeddable":true,"href":"https:\/\/www.light-style.eu\/fr\/wp-json\/wp\/v2\/product_tag?post=70296"}],"curies":[{"name":"wp","href":"https:\/\/api.w.org\/{rel}","templated":true}]}}