{"id":70376,"date":"2020-12-10T12:05:42","date_gmt":"2023-02-15T16:37:52","guid":{"rendered":"https:\/\/www.light-style.eu\/unser-foto-shop\/bon-photo-iris\/"},"modified":"2025-04-29T17:42:24","modified_gmt":"2025-04-29T15:42:24","slug":"bon-photo-iris","status":"publish","type":"product","link":"https:\/\/www.light-style.eu\/fr\/notre-boutique-photo\/bon-photo-iris\/","title":{"rendered":"Bon photo Iris"},"content":{"rendered":"<p>Ici&nbsp; nous vous offrons maintenant directement les bons pour vos superbes Shootings d\u2019iris, le bon est toujours valable pour une photo. Vous pouvez choisir le nombre d\u2019irides, qu\u2019il s\u2019agisse de l\u2019effet ou de l\u2019iris pur. Comme un petit fichier compatible avec un t\u00e9l\u00e9phone portable ou une peinture murale de haute qualit\u00e9. Ici, je n\u2019ai que les versions les plus fr\u00e9quemment demand\u00e9es, si vous voulez d\u2019autres formats ou mat\u00e9riaux, appelez-moi.<\/p>\n<p>Je ne trouve pas la toile si \u00e9tincelante dans la photographie de l\u2019iris, parce que l\u2019iris semble beaucoup plus net et net dans une peinture acrylique, par exemple. Mais sur demande, le canevas est \u00e9galement possible.<\/p>\n<p>Le destinataire peut alors choisir l\u2019effet le jour du tournage avec nous.<\/p>\n<p>Nous avons \u00e9galement d\u2019autres tailles de peintures murales disponibles, s\u2019il vous pla\u00eet contactez-nous<\/p>\n<p><strong>&nbsp;<\/strong><\/p>\n<p>Vous pouvez d\u00e9sormais acheter un ou plusieurs bon(s) pour vous-m\u00eame ou sous forme de ch\u00e8que-cadeau. Nous vous offrons la possibilit\u00e9 de recevoir un bon papier de notre part ou un code en ligne avec lequel vous pouvez cr\u00e9er votre propre bon. Bien s\u00fbr, vous pouvez \u00e9galement r\u00e9cup\u00e9rer votre bon dans notre studio.<\/p>\n<p>Vous recevrez le formulaire papier par courrier recommand\u00e9 si vous souhaitez qu\u2019il soit exp\u00e9di\u00e9.<\/p>\n<p>La version du code en ligne prend environ 3 heures (pendant nos heures d\u2019ouverture) jusqu\u2019\u00e0 ce que vous l\u2019ayez dans votre bo\u00eete aux lettres, veuillez \u00e9galement v\u00e9rifier le dossier spam, si vous ne recevez pas d\u2019e-mail.<\/p>\n<p><em><strong>&nbsp;<\/strong><\/em><\/p>\n","protected":false},"excerpt":{"rendered":"<p><strong>Jusqu\u2019\u00e0 4 iris sont possibles sur une photo, si vous voulez plus que les 2 iris list\u00e9s ici, \u00e9crivez-moi et je vous ferai un bon d\u2019achat individuel. Pour chaque iris suppl\u00e9mentaire, seulement 39,-\u20ac <\/strong><\/p>\n<p><span style=\"color: #339966;\">Les tout-petits jusqu\u2019\u00e0 6 ans ne conviennent g\u00e9n\u00e9ralement pas \u00e0 cela, car nous devons nous approcher tr\u00e8s pr\u00e8s de l\u2019\u0153il, la plupart des petits seraient soumis \u00e0 un certain stress, donc seulement possible si votre nain est tr\u00e8s cool. Nous ne voulons pas stresser les petits inutilement. <\/span><\/p>\n<p><a href=\"https:\/\/www.light-style.eu\/bonjour\/warum-sind-wir-anders\/willkommen\/portraets\/iris-fotos\/\" target=\"_blank\" rel=\"noopener\">Informations suppl\u00e9mentaires concernant nos photos d&rsquo;iris<\/a><\/p>\n","protected":false},"featured_media":67845,"template":"","meta":{"advanced_seo_description":"","jetpack_seo_html_title":"","jetpack_seo_noindex":false,"ngg_post_thumbnail":0,"jetpack_publicize_message":"","jetpack_publicize_feature_enabled":true,"jetpack_social_post_already_shared":true,"jetpack_social_options":{"image_generator_settings":{"template":"highway","default_image_id":0,"font":"","enabled":false},"version":2}},"product_brand":[],"product_cat":[1636,1628],"product_tag":[1786,1787,1792],"class_list":{"0":"post-70376","1":"product","2":"type-product","3":"status-publish","4":"has-post-thumbnail","6":"product_cat-coupons","7":"product_cat-tout","8":"product_tag-cadeau","9":"product_tag-carte-cadeau","10":"product_tag-coupon","11":"pa_anzahl-iriden-1-fr","12":"pa_anzahl-iriden-2-fr","13":"pa_anzahl-iriden-3-fr","14":"pa_anzahl-iriden-4-fr","15":"pa_effect-avec-effet","16":"pa_effect-sans-effet","17":"pa_online-code-oder-papier-codes-en-ligne","18":"pa_online-code-oder-papier-formulaire-papier","19":"pa_wandbilder-affiche-semi-brillante-40x60-cm","20":"pa_wandbilder-peinture-acrylique-20x30","21":"pa_wandbilder-peinture-acrylique-40x60","22":"pa_wandbilder-peinture-acrylique-60x90","23":"pa_wandbilder-petit-fichier","24":"pa_wandbilder-photo-soie-mate-20x30cm","25":"pa_wandbilder-poster-satine-mat-30x45cm","26":"pa_wandbilder-poster-satine-mat-60x90cm","27":"pa_wandbilder-toile-20x30","28":"pa_wandbilder-toile-40x60","29":"pa_wandbilder-toile-80-x-120-cm","30":"entry","31":"has-media","33":"first","34":"instock","35":"featured","36":"taxable","37":"shipping-taxable","38":"purchasable","39":"product-type-variable","40":"has-default-attributes"},"jetpack_publicize_connections":[],"jetpack_likes_enabled":true,"jetpack_sharing_enabled":true,"_links":{"self":[{"href":"https:\/\/www.light-style.eu\/fr\/wp-json\/wp\/v2\/product\/70376","targetHints":{"allow":["GET"]}}],"collection":[{"href":"https:\/\/www.light-style.eu\/fr\/wp-json\/wp\/v2\/product"}],"about":[{"href":"https:\/\/www.light-style.eu\/fr\/wp-json\/wp\/v2\/types\/product"}],"wp:featuredmedia":[{"embeddable":true,"href":"https:\/\/www.light-style.eu\/fr\/wp-json\/wp\/v2\/media\/67845"}],"wp:attachment":[{"href":"https:\/\/www.light-style.eu\/fr\/wp-json\/wp\/v2\/media?parent=70376"}],"wp:term":[{"taxonomy":"product_brand","embeddable":true,"href":"https:\/\/www.light-style.eu\/fr\/wp-json\/wp\/v2\/product_brand?post=70376"},{"taxonomy":"product_cat","embeddable":true,"href":"https:\/\/www.light-style.eu\/fr\/wp-json\/wp\/v2\/product_cat?post=70376"},{"taxonomy":"product_tag","embeddable":true,"href":"https:\/\/www.light-style.eu\/fr\/wp-json\/wp\/v2\/product_tag?post=70376"}],"curies":[{"name":"wp","href":"https:\/\/api.w.org\/{rel}","templated":true}]}}