{"id":70537,"date":"2019-03-01T10:14:20","date_gmt":"2023-02-15T16:56:41","guid":{"rendered":"https:\/\/www.light-style.eu\/unser-foto-shop\/bases-de-la-photographie-slr\/"},"modified":"2025-01-13T16:41:27","modified_gmt":"2025-01-13T15:41:27","slug":"principes-fondamentaux-de-la-photographie-reflex","status":"publish","type":"product","link":"https:\/\/www.light-style.eu\/fr\/notre-boutique-photo\/principes-fondamentaux-de-la-photographie-reflex\/","title":{"rendered":"Bases de la photographie reflex"},"content":{"rendered":"<p>Tous nos cours sont des coachings individuels, ce qui signifie que nous prenons environ 6 heures rien que pour vous. Le plus jeune participant actuel avait 14 ans, bien s\u00fbr, il n\u2019y a pas de limites sup\u00e9rieures pour apprendre ce grand passe-temps. Dans ce cours de base sur l\u2019appareil photo reflex, vous apprendrez ce que sont <strong>l\u2019ouverture, l\u2019iso, le temps d\u2019exposition<\/strong> , comment ces 3 fonctionnent ensemble pour prendre vos propres photos impressionnantes. <em><strong>Loin du mode automatique pour de superbes photos cr\u00e9atives.<\/strong><\/em> Au final, c\u2019est vous qui contr\u00f4lez l\u2019appareil photo et non l\u2019appareil photo que vous \ud83d\ude09 Bien s\u00fbr, cela s\u2019applique \u00e9galement aux appareils photo sans miroir modernes \ud83d\ude09 Comment faire des portraits de mes proches devant cet arri\u00e8re-plan flou, ou comment obtenir une nettet\u00e9 de mon chien qui court, etc. Nous aborderons \u00e9galement le th\u00e8me <strong>du format brut par rapport au JPG<\/strong> , afin que vous puissiez tirer le meilleur parti de vos photos. 2-3 heures de th\u00e9orie avec moi dans le studio puis c\u2019est l\u2019heure de sortir, si possible nous nous orienterons ensuite vers les sujets qui devraient \u00eatre votre objectif. Peu importe qu\u2019il s\u2019agisse de votre enfant, de votre chien, de votre cheval, des villes ou de la nature. Si vous le souhaitez, nous nous assi\u00e9rons ensemble le soir dans une atmosph\u00e8re chaleureuse et discuterons de votre journ\u00e9e de travail. Vous recevrez des documents pour lire ce que vous avez appris \u00e0 la maison. Nous conviendrons de rendez-vous avec vous directement apr\u00e8s votre achat.<\/p>\n<p>&nbsp;<\/p>\n<p>Si vous souhaitez <em><strong>offrir ce s\u00e9minaire en cadeau<\/strong><\/em> , faites-le moi savoir dans un court courrier apr\u00e8s l\u2019achat, puis je pr\u00e9parerai un bon pour vous, que je peux vous envoyer ou que vous pouvez r\u00e9cup\u00e9rer chez moi<\/p>\n<p>&nbsp;<\/p>\n","protected":false},"excerpt":{"rendered":"<p><strong>Apprenez les bases de la photographie, loin de la prise de photos et de la cr\u00e9ation de photos<\/strong><\/p>\n<p> impressionnantes<strong>Tous nos cours de photographie sont des coachings individuels, nous nous concentrons enti\u00e8rement sur vous et vos besoins individuels.<\/strong><\/p>\n<p><span style=\"color: #339966;\"><strong>Mais vous voulez vraiment faire cet atelier avec une autre personne, par exemple votre partenaire, ok, \u00e9crivez-moi un e-mail et je vous ferai une offre individuelle pour 2 personnes.<\/strong><\/span><\/p>\n<p><strong>Voir ci-dessous pour la description compl\u00e8te.<\/strong><\/p>\n","protected":false},"featured_media":67500,"template":"","meta":{"advanced_seo_description":"","jetpack_seo_html_title":"","jetpack_seo_noindex":false,"ngg_post_thumbnail":0,"jetpack_publicize_message":"","jetpack_publicize_feature_enabled":true,"jetpack_social_post_already_shared":true,"jetpack_social_options":{"image_generator_settings":{"template":"highway","default_image_id":0,"font":"","enabled":false},"version":2}},"product_brand":[],"product_cat":[1638,1628],"product_tag":[],"class_list":{"0":"post-70537","1":"product","2":"type-product","3":"status-publish","4":"has-post-thumbnail","6":"product_cat-cours","7":"product_cat-tout","8":"product_shipping_class-paquet-petit","9":"pa_wandbilder-poster-satine-mat-60x90cm","10":"entry","11":"has-media","13":"first","14":"instock","15":"virtual","16":"taxable","17":"purchasable","18":"product-type-simple"},"jetpack_publicize_connections":[],"jetpack_likes_enabled":true,"jetpack_sharing_enabled":true,"_links":{"self":[{"href":"https:\/\/www.light-style.eu\/fr\/wp-json\/wp\/v2\/product\/70537","targetHints":{"allow":["GET"]}}],"collection":[{"href":"https:\/\/www.light-style.eu\/fr\/wp-json\/wp\/v2\/product"}],"about":[{"href":"https:\/\/www.light-style.eu\/fr\/wp-json\/wp\/v2\/types\/product"}],"wp:featuredmedia":[{"embeddable":true,"href":"https:\/\/www.light-style.eu\/fr\/wp-json\/wp\/v2\/media\/67500"}],"wp:attachment":[{"href":"https:\/\/www.light-style.eu\/fr\/wp-json\/wp\/v2\/media?parent=70537"}],"wp:term":[{"taxonomy":"product_brand","embeddable":true,"href":"https:\/\/www.light-style.eu\/fr\/wp-json\/wp\/v2\/product_brand?post=70537"},{"taxonomy":"product_cat","embeddable":true,"href":"https:\/\/www.light-style.eu\/fr\/wp-json\/wp\/v2\/product_cat?post=70537"},{"taxonomy":"product_tag","embeddable":true,"href":"https:\/\/www.light-style.eu\/fr\/wp-json\/wp\/v2\/product_tag?post=70537"}],"curies":[{"name":"wp","href":"https:\/\/api.w.org\/{rel}","templated":true}]}}