{"id":70600,"date":"2019-03-01T11:55:10","date_gmt":"2023-02-15T16:57:45","guid":{"rendered":"https:\/\/www.light-style.eu\/unser-foto-shop\/cours-photo-prises-de-vue-de-nuit-dans-la-ville\/"},"modified":"2025-01-31T10:50:53","modified_gmt":"2025-01-31T09:50:53","slug":"photo-course-nuit-shots-dans-la-ville","status":"publish","type":"product","link":"https:\/\/www.light-style.eu\/fr\/notre-boutique-photo\/photo-course-nuit-shots-dans-la-ville\/","title":{"rendered":"Cours de photo \u2013 Photographie de nuit dans la ville"},"content":{"rendered":"<p><strong>Tous nos cours photo sont des coachings individuels, ce qui signifie que nous prenons environ 6 heures rien que pour vous. (plus environ 2 heures de trajet jusqu\u2019aux lieux) <\/strong><\/p>\n<p><strong><span style=\"color: #339966;\">Mais vous voulez vraiment faire cet atelier avec une autre personne, par exemple votre partenaire, ok, \u00e9crivez-moi un e-mail et je vous ferai une offre individuelle pour 2 personnes.<\/span> <\/strong><\/p>\n<p>Ici, nous entrons dans la ville, et cela de nuit. De superbes clich\u00e9s des lumi\u00e8res de la ville, ce sera le sujet principal de cet atelier. De pr\u00e9f\u00e9rence, nous allons dans notre m\u00e9tropole principale, Francfort. Comme toujours, d\u2019abord la th\u00e9orie dans notre studio, puis dans la nature sauvage de la grande ville. Dans ce cours photo pour photographes avanc\u00e9s, nous vous montrerons des astuces d\u2019exposition, des expositions longues et bien plus encore. Nous aborderons \u00e9galement le post-traitement, par exemple en HDR.<\/p>\n<p><strong>Encore une fois, si n\u00e9cessaire, nous aborderons l\u2019avantage du format RAW par rapport au JPG&nbsp; , afin que vous puissiez tirer le meilleur parti de vos nouvelles photos.<\/strong><\/p>\n<p>Vous recevrez des documents pour lire ce que vous avez appris \u00e0 la maison. Nous conviendrons de rendez-vous avec vous directement apr\u00e8s votre achat. <\/p>\n<p>&nbsp;<\/p>\n<p>Si vous souhaitez <em><strong>offrir ce s\u00e9minaire en cadeau<\/strong><\/em> , faites-le moi savoir dans un court courrier apr\u00e8s l\u2019achat, puis je pr\u00e9parerai un bon pour vous, que je peux vous envoyer ou que vous pouvez r\u00e9cup\u00e9rer chez moi<\/p>\n<p>&nbsp;<\/p>\n","protected":false},"excerpt":{"rendered":"<p><span style=\"color: #ff0000;\">&nbsp;<\/span><\/p>\n<p><strong>Comment puis-je prendre des photos impressionnantes de la grande ville la nuit ? Tout sur la longue exposition, la perspective et bien plus encore. HDR sera \u00e9galement un probl\u00e8me.<br \/>\n<\/strong><\/p>\n<p><strong>Ici, vous apprendrez. En th\u00e9orie et en pratique ! <\/strong><\/p>\n<p><strong>Tous nos cours de photographie sont des coachings individuels, nous nous concentrons enti\u00e8rement sur vous et vos besoins individuels.  <span style=\"color: #339966;\">Mais vous voulez vraiment faire cet atelier avec une autre personne, par exemple votre partenaire, ok, \u00e9crivez-moi un e-mail et je vous ferai une offre individuelle pour 2 personnes.<\/span><br \/>\n<\/strong><\/p>\n<p><strong>Voir ci-dessous pour la description compl\u00e8te.<\/strong><\/p>\n","protected":false},"featured_media":67606,"template":"","meta":{"advanced_seo_description":"","jetpack_seo_html_title":"","jetpack_seo_noindex":false,"ngg_post_thumbnail":0,"jetpack_publicize_message":"","jetpack_publicize_feature_enabled":true,"jetpack_social_post_already_shared":true,"jetpack_social_options":{"image_generator_settings":{"template":"highway","default_image_id":0,"font":"","enabled":false},"version":2}},"product_brand":[],"product_cat":[1638,1628],"product_tag":[],"class_list":{"0":"post-70600","1":"product","2":"type-product","3":"status-publish","4":"has-post-thumbnail","6":"product_cat-cours","7":"product_cat-tout","8":"product_shipping_class-paquet-petit","9":"pa_wandbilder-poster-satine-mat-60x90cm","10":"entry","11":"has-media","13":"first","14":"instock","15":"virtual","16":"taxable","17":"purchasable","18":"product-type-simple"},"jetpack_publicize_connections":[],"jetpack_likes_enabled":true,"jetpack_sharing_enabled":true,"_links":{"self":[{"href":"https:\/\/www.light-style.eu\/fr\/wp-json\/wp\/v2\/product\/70600","targetHints":{"allow":["GET"]}}],"collection":[{"href":"https:\/\/www.light-style.eu\/fr\/wp-json\/wp\/v2\/product"}],"about":[{"href":"https:\/\/www.light-style.eu\/fr\/wp-json\/wp\/v2\/types\/product"}],"wp:featuredmedia":[{"embeddable":true,"href":"https:\/\/www.light-style.eu\/fr\/wp-json\/wp\/v2\/media\/67606"}],"wp:attachment":[{"href":"https:\/\/www.light-style.eu\/fr\/wp-json\/wp\/v2\/media?parent=70600"}],"wp:term":[{"taxonomy":"product_brand","embeddable":true,"href":"https:\/\/www.light-style.eu\/fr\/wp-json\/wp\/v2\/product_brand?post=70600"},{"taxonomy":"product_cat","embeddable":true,"href":"https:\/\/www.light-style.eu\/fr\/wp-json\/wp\/v2\/product_cat?post=70600"},{"taxonomy":"product_tag","embeddable":true,"href":"https:\/\/www.light-style.eu\/fr\/wp-json\/wp\/v2\/product_tag?post=70600"}],"curies":[{"name":"wp","href":"https:\/\/api.w.org\/{rel}","templated":true}]}}