{"id":70601,"date":"2019-03-01T10:21:51","date_gmt":"2023-02-15T16:57:46","guid":{"rendered":"https:\/\/www.light-style.eu\/unser-foto-shop\/cours-photo-eau-de-conte-de-fees\/"},"modified":"2025-01-31T10:49:25","modified_gmt":"2025-01-31T09:49:25","slug":"cours-douce-eau-fiable","status":"publish","type":"product","link":"https:\/\/www.light-style.eu\/fr\/notre-boutique-photo\/cours-douce-eau-fiable\/","title":{"rendered":"Cours photo \u2013 Eau de conte de f\u00e9es"},"content":{"rendered":"<p><strong>Tous nos cours photo sont des coachings individuels, ce qui signifie que nous prenons environ 6 heures rien que pour vous. (plus environ 2 heures de trajet jusqu\u2019aux lieux) <\/strong><\/p>\n<p><strong><span style=\"color: #339966;\">Mais vous voulez vraiment faire cet atelier avec une autre personne, par exemple votre partenaire, ok, \u00e9crivez-moi un e-mail et je vous ferai une offre individuelle pour 2 personnes.<\/span> <\/strong><\/p>\n<p>Il y a un cours d\u2019une journ\u00e9e pour les amoureux de la nature ici. Vous \u00eates-vous souvent demand\u00e9 comment les photographes parvenaient \u00e0 cr\u00e9er cette eau fluide, douce, presque f\u00e9erique lors de cascades, par exemple ?   <strong>Certains penseront que tout n\u2019est que Photoshop ! -NON <\/strong>  \u2013 C\u2019est vraiment photographi\u00e9 exactement de la m\u00eame mani\u00e8re. Je vais vous montrer comment dans ce coaching individuel. Apprenez \u00e0 mieux conna\u00eetre votre appareil photo, loin des instantan\u00e9s pour des photos vraiment cool. Pourquoi ai-je besoin d\u2019un tr\u00e9pied, que sont les filtres ND, comment g\u00e9rer les deux. Vous apprendrez tout cela et bien plus encore dans ce cours.  <\/p>\n<p><strong>Bien s\u00fbr, nous sommes \u00e9galement heureux de venir chez vous pour photographier habilement vos endroits pr\u00e9f\u00e9r\u00e9s avec la belle eau. Si vous voyagez plus de 2 heures au total, veuillez le pr\u00e9ciser \u00e0 l\u2019avance. <\/strong>  Bien s\u00fbr, nous sommes \u00e9galement heureux de venir chez vous sur la c\u00f4te \ud83d\ude09 Vous pourrez \u00e9galement avoir un aper\u00e7u de mon \u00e9dition de ces photos. Les prochaines vacances au bord de l\u2019eau seront inoubliables dans vos nouvelles photos.<\/p>\n<p><strong>Encore une fois, si n\u00e9cessaire, nous aborderons l\u2019avantage du format RAW par rapport au JPG&nbsp; , afin que vous puissiez tirer le meilleur parti de vos nouvelles photos.<\/strong><\/p>\n<p>Vous recevrez des documents pour lire ce que vous avez appris \u00e0 la maison. Nous conviendrons de rendez-vous avec vous directement apr\u00e8s votre achat. <\/p>\n<p>&nbsp;<\/p>\n<p>Si vous souhaitez <em><strong>offrir ce s\u00e9minaire en cadeau<\/strong><\/em> , faites-le moi savoir dans un court courrier apr\u00e8s l\u2019achat, puis je pr\u00e9parerai un bon pour vous, que je peux vous envoyer ou que vous pouvez r\u00e9cup\u00e9rer chez moi<\/p>\n<p>&nbsp;<\/p>\n","protected":false},"excerpt":{"rendered":"<p><strong>Avez-vous toujours voulu savoir comment nous, photographes, obtenons ce regard sp\u00e9cial et f\u00e9erique sur les cascades, les rivi\u00e8res ou m\u00eame au bord de la mer ?<br \/>\n<\/strong><\/p>\n<p><strong>Ici, vous apprendrez. En th\u00e9orie et en pratique ! <\/strong><\/p>\n<p><strong>Tous nos cours de photographie sont des coachings individuels, nous nous concentrons enti\u00e8rement sur vous et vos besoins individuels.  <span style=\"color: #339966;\">Mais vous voulez vraiment faire cet atelier avec une autre personne, par exemple votre partenaire, ok, \u00e9crivez-moi un e-mail et je vous ferai une offre individuelle pour 2 personnes.<\/span><br \/>\n<\/strong><\/p>\n<p><strong>Voir ci-dessous pour la description compl\u00e8te.<\/strong><\/p>\n","protected":false},"featured_media":67592,"template":"","meta":{"advanced_seo_description":"","jetpack_seo_html_title":"","jetpack_seo_noindex":false,"ngg_post_thumbnail":0,"jetpack_publicize_message":"","jetpack_publicize_feature_enabled":true,"jetpack_social_post_already_shared":true,"jetpack_social_options":{"image_generator_settings":{"template":"highway","default_image_id":0,"font":"","enabled":false},"version":2}},"product_brand":[],"product_cat":[1638,1628],"product_tag":[],"class_list":{"0":"post-70601","1":"product","2":"type-product","3":"status-publish","4":"has-post-thumbnail","6":"product_cat-cours","7":"product_cat-tout","8":"product_shipping_class-paquet-petit","9":"pa_wandbilder-poster-satine-mat-60x90cm","10":"entry","11":"has-media","13":"first","14":"instock","15":"virtual","16":"taxable","17":"purchasable","18":"product-type-simple"},"jetpack_publicize_connections":[],"jetpack_likes_enabled":true,"jetpack_sharing_enabled":true,"_links":{"self":[{"href":"https:\/\/www.light-style.eu\/fr\/wp-json\/wp\/v2\/product\/70601","targetHints":{"allow":["GET"]}}],"collection":[{"href":"https:\/\/www.light-style.eu\/fr\/wp-json\/wp\/v2\/product"}],"about":[{"href":"https:\/\/www.light-style.eu\/fr\/wp-json\/wp\/v2\/types\/product"}],"wp:featuredmedia":[{"embeddable":true,"href":"https:\/\/www.light-style.eu\/fr\/wp-json\/wp\/v2\/media\/67592"}],"wp:attachment":[{"href":"https:\/\/www.light-style.eu\/fr\/wp-json\/wp\/v2\/media?parent=70601"}],"wp:term":[{"taxonomy":"product_brand","embeddable":true,"href":"https:\/\/www.light-style.eu\/fr\/wp-json\/wp\/v2\/product_brand?post=70601"},{"taxonomy":"product_cat","embeddable":true,"href":"https:\/\/www.light-style.eu\/fr\/wp-json\/wp\/v2\/product_cat?post=70601"},{"taxonomy":"product_tag","embeddable":true,"href":"https:\/\/www.light-style.eu\/fr\/wp-json\/wp\/v2\/product_tag?post=70601"}],"curies":[{"name":"wp","href":"https:\/\/api.w.org\/{rel}","templated":true}]}}