{"id":70661,"date":"2018-12-18T16:15:19","date_gmt":"2023-02-15T16:59:35","guid":{"rendered":"https:\/\/www.light-style.eu\/unser-foto-shop\/differences-amoureuses\/"},"modified":"2025-04-29T18:19:12","modified_gmt":"2025-04-29T16:19:12","slug":"amour-differences","status":"publish","type":"product","link":"https:\/\/www.light-style.eu\/fr\/notre-boutique-photo\/amour-differences\/","title":{"rendered":"Diff\u00e9rences amoureuses"},"content":{"rendered":"<p>Dis-le avec des oursons en g\u00e9latine.<\/p>\n<p class=\"\" data-start=\"251\" data-end=\"312\"><strong data-start=\"251\" data-end=\"312\">\u00ab L&rsquo;amour ne conna\u00eet pas de fronti\u00e8res \u2013 et cette image non plus. \u00bb<\/strong><\/p>\n<p class=\"\" data-start=\"314\" data-end=\"471\"><span class=\"relative -mx-px my-[-0.2rem] rounded px-px py-[0.2rem] transition-colors duration-100 ease-in-out\">Plongez dans le monde color\u00e9 de l&rsquo;amour avec notre photographie unique d&rsquo;oursons en g\u00e9latine.<\/span> <span class=\"relative -mx-px my-[-0.2rem] rounded px-px py-[0.2rem] transition-colors duration-100 ease-in-out\">Chaque ourson raconte sa propre histoire et s&rsquo;unit pour former une image harmonieuse.<\/span> <span class=\"relative -mx-px my-[-0.2rem] rounded px-px py-[0.2rem] transition-colors duration-100 ease-in-out\">Parfait pour votre domicile, votre bureau ou comme cadeau sp\u00e9cial pour ceux qui appr\u00e9cient la diversit\u00e9 de l&rsquo;amour.<\/span><\/p>\n<p class=\"\" data-start=\"473\" data-end=\"511\"><strong data-start=\"473\" data-end=\"511\">Pourquoi vous allez adorer cette image :<\/strong><\/p>\n<ul data-start=\"513\" data-end=\"755\">\n<li class=\"\" data-start=\"513\" data-end=\"573\">\n<p class=\"\" data-start=\"515\" data-end=\"573\"><strong data-start=\"515\" data-end=\"535\">V\u00e9ritable art photographique :<\/strong> <span class=\"relative -mx-px my-[-0.2rem] rounded px-px py-[0.2rem] transition-colors duration-100 ease-in-out\">Pas de filtre d&rsquo;intelligence artificielle, mais un v\u00e9ritable savoir-faire de photographe.<\/span><\/p>\n<\/li>\n<li class=\"\" data-start=\"574\" data-end=\"642\">\n<p class=\"\" data-start=\"576\" data-end=\"642\"><strong data-start=\"576\" data-end=\"602\">Polyvalent :<\/strong> <span class=\"relative -mx-px my-[-0.2rem] rounded px-px py-[0.2rem] transition-colors duration-100 ease-in-out\">Id\u00e9al comme tableau mural, affiche ou impression sur toile.<\/span><\/p>\n<\/li>\n<li class=\"\" data-start=\"643\" data-end=\"755\">\n<p class=\"\" data-start=\"645\" data-end=\"755\"><strong data-start=\"645\" data-end=\"669\">Symbole de diversit\u00e9 :<\/strong> <span class=\"relative -mx-px my-[-0.2rem] rounded px-px py-[0.2rem] transition-colors duration-100 ease-in-out\">Une d\u00e9claration en faveur de la tol\u00e9rance et de l&rsquo;acceptation.<\/span><\/p>\n<\/li>\n<\/ul>\n<p class=\"\" data-start=\"757\" data-end=\"776\"><strong data-start=\"757\" data-end=\"776\">D\u00e9tails du produit :<\/strong><\/p>\n<ul data-start=\"778\" data-end=\"986\">\n<li class=\"\" data-start=\"778\" data-end=\"831\">\n<p class=\"\" data-start=\"780\" data-end=\"831\"><strong data-start=\"780\" data-end=\"791\">Format :<\/strong> <span class=\"relative -mx-px my-[-0.2rem] rounded px-px py-[0.2rem] transition-colors duration-100 ease-in-out\">Disponible en diff\u00e9rentes tailles.<\/span><\/p>\n<\/li>\n<li class=\"\" data-start=\"832\" data-end=\"887\">\n<p class=\"\" data-start=\"834\" data-end=\"887\"><strong data-start=\"834\" data-end=\"847\">Mat\u00e9riau :<\/strong> <span class=\"relative -mx-px my-[-0.2rem] rounded px-px py-[0.2rem] transition-colors duration-100 ease-in-out\">Impression de haute qualit\u00e9 sur toile, affiche, acrylique ou aluminium Dibond.<\/span><\/p>\n<\/li>\n<li class=\"\" data-start=\"888\" data-end=\"986\">\n<p class=\"\" data-start=\"890\" data-end=\"986\"><strong data-start=\"890\" data-end=\"900\">Prix :<\/strong> <span class=\"relative -mx-px my-[-0.2rem] rounded px-px py-[0.2rem] transition-colors duration-100 ease-in-out\">\u00c0 partir de 119 \u20ac (selon la taille et le mat\u00e9riau).<\/span>\u200b<\/p>\n<\/li>\n<\/ul>\n<p class=\"\" data-start=\"988\" data-end=\"1045\"><strong data-start=\"988\" data-end=\"1045\">Commandez d\u00e8s maintenant et apportez un peu d&rsquo;amour chez vous !<\/strong><\/p>\n<p class=\"\" data-start=\"1047\" data-end=\"1172\"><span class=\"relative -mx-px my-[-0.2rem] rounded px-px py-[0.2rem] transition-colors duration-100 ease-in-out\">Assurez-vous d&rsquo;obtenir votre exemplaire de cette \u0153uvre d&rsquo;art unique.<\/span> <span class=\"relative -mx-px my-[-0.2rem] rounded px-px py-[0.2rem] transition-colors duration-100 ease-in-out\">Laissez-vous inspirer par la diversit\u00e9 de l&rsquo;amour et apportez de la couleur dans votre vie !<\/span><\/p>\n<p>&nbsp;<\/p>\n","protected":false},"excerpt":{"rendered":"<p>Tous nos tableaux acryliques et sur toile sont sign\u00e9s \u00e0 la main par l\u2019artiste et sont accompagn\u00e9s d\u2019un certificat d\u2019authenticit\u00e9<\/p>\n","protected":false},"featured_media":67587,"template":"","meta":{"advanced_seo_description":"","jetpack_seo_html_title":"","jetpack_seo_noindex":false,"ngg_post_thumbnail":0,"jetpack_publicize_message":"","jetpack_publicize_feature_enabled":true,"jetpack_social_post_already_shared":true,"jetpack_social_options":{"image_generator_settings":{"template":"highway","default_image_id":0,"font":"","enabled":false},"version":2}},"product_brand":[],"product_cat":[1634,1633,1667,1631,1628,1630],"product_tag":[1726,1839,1742,1729,1727],"class_list":{"0":"post-70661","1":"product","2":"type-product","3":"status-publish","4":"has-post-thumbnail","6":"product_cat-manger","7":"product_cat-manger-boire","8":"product_cat-nature-morte","9":"product_cat-ouvrages-dart","10":"product_cat-tout","11":"product_cat-bouts","12":"product_tag-cuisine","13":"product_tag-dites-le-avec-des-oursons-gommeux","14":"product_tag-nature-morte","15":"product_tag-photo-du-bar","16":"product_tag-travail-en-studio","17":"pa_wandbilder-affiche-semi-brillante-40x60-cm","18":"pa_wandbilder-peinture-acrylique-20x30","19":"pa_wandbilder-peinture-acrylique-40x60","20":"pa_wandbilder-peinture-acrylique-60x90","21":"pa_wandbilder-photo-soie-mate-20x30cm","22":"pa_wandbilder-poster-satine-mat-30x45cm","23":"pa_wandbilder-poster-satine-mat-60x90cm","24":"pa_wandbilder-poster-semi-brillant-70x105cm","25":"pa_wandbilder-toile-20x30","26":"pa_wandbilder-toile-40x60","27":"pa_wandbilder-toile-60x90","28":"pa_wandbilder-toile-80-x-120-cm","29":"entry","30":"has-media","32":"first","33":"instock","34":"taxable","35":"shipping-taxable","36":"purchasable","37":"product-type-variable"},"jetpack_publicize_connections":[],"jetpack_likes_enabled":true,"jetpack_sharing_enabled":true,"_links":{"self":[{"href":"https:\/\/www.light-style.eu\/fr\/wp-json\/wp\/v2\/product\/70661","targetHints":{"allow":["GET"]}}],"collection":[{"href":"https:\/\/www.light-style.eu\/fr\/wp-json\/wp\/v2\/product"}],"about":[{"href":"https:\/\/www.light-style.eu\/fr\/wp-json\/wp\/v2\/types\/product"}],"wp:featuredmedia":[{"embeddable":true,"href":"https:\/\/www.light-style.eu\/fr\/wp-json\/wp\/v2\/media\/67587"}],"wp:attachment":[{"href":"https:\/\/www.light-style.eu\/fr\/wp-json\/wp\/v2\/media?parent=70661"}],"wp:term":[{"taxonomy":"product_brand","embeddable":true,"href":"https:\/\/www.light-style.eu\/fr\/wp-json\/wp\/v2\/product_brand?post=70661"},{"taxonomy":"product_cat","embeddable":true,"href":"https:\/\/www.light-style.eu\/fr\/wp-json\/wp\/v2\/product_cat?post=70661"},{"taxonomy":"product_tag","embeddable":true,"href":"https:\/\/www.light-style.eu\/fr\/wp-json\/wp\/v2\/product_tag?post=70661"}],"curies":[{"name":"wp","href":"https:\/\/api.w.org\/{rel}","templated":true}]}}