{"id":70718,"date":"2018-12-13T10:43:22","date_gmt":"2023-02-15T17:05:28","guid":{"rendered":"https:\/\/www.light-style.eu\/unser-foto-shop\/unite\/"},"modified":"2025-01-13T17:09:52","modified_gmt":"2025-01-13T16:09:52","slug":"unite","status":"publish","type":"product","link":"https:\/\/www.light-style.eu\/fr\/notre-boutique-photo\/unite\/","title":{"rendered":"Unit\u00e9"},"content":{"rendered":"<p>Oui, je suis accro au caf\u00e9 ;-), alors voici une photo de deux grains de caf\u00e9 amoureux \ud83d\ude09<\/p>\n<p>Une image qui d\u00e9ploie tout son effet, surtout en grand format. Simple mais int\u00e9ressant<\/p>\n","protected":false},"excerpt":{"rendered":"<p>Tous nos tableaux acryliques et sur toile sont sign\u00e9s \u00e0 la main par l\u2019artiste et sont accompagn\u00e9s d\u2019un certificat d\u2019authenticit\u00e9<\/p>\n","protected":false},"featured_media":67553,"template":"","meta":{"advanced_seo_description":"","jetpack_seo_html_title":"","jetpack_seo_noindex":false,"ngg_post_thumbnail":0,"jetpack_publicize_message":"","jetpack_publicize_feature_enabled":true,"jetpack_social_post_already_shared":true,"jetpack_social_options":{"image_generator_settings":{"template":"highway","default_image_id":0,"font":"","enabled":false},"version":2}},"product_brand":[],"product_cat":[1667,1631,1664,1628,1630],"product_tag":[1707,1755,1726,1742,1729,1727],"class_list":{"0":"post-70718","1":"product","2":"type-product","3":"status-publish","4":"has-post-thumbnail","6":"product_cat-nature-morte","7":"product_cat-ouvrages-dart","8":"product_cat-romantique","9":"product_cat-tout","10":"product_cat-bouts","11":"product_tag-boissons","12":"product_tag-cafe","13":"product_tag-cuisine","14":"product_tag-nature-morte","15":"product_tag-photo-du-bar","16":"product_tag-travail-en-studio","17":"pa_wandbilder-peinture-acrylique-20x30","18":"pa_wandbilder-peinture-acrylique-40x60","19":"pa_wandbilder-peinture-acrylique-60x90","20":"pa_wandbilder-photo-soie-mate-20x30cm","21":"pa_wandbilder-poster-satine-mat-30x45cm","22":"pa_wandbilder-poster-satine-mat-60x90cm","23":"pa_wandbilder-poster-semi-brillant-70x105cm","24":"pa_wandbilder-toile-20x30","25":"pa_wandbilder-toile-40x60","26":"pa_wandbilder-toile-60x90","27":"pa_wandbilder-toile-80-x-120-cm","28":"entry","29":"has-media","31":"first","32":"instock","33":"taxable","34":"shipping-taxable","35":"purchasable","36":"product-type-variable"},"jetpack_publicize_connections":[],"jetpack_likes_enabled":true,"jetpack_sharing_enabled":true,"_links":{"self":[{"href":"https:\/\/www.light-style.eu\/fr\/wp-json\/wp\/v2\/product\/70718","targetHints":{"allow":["GET"]}}],"collection":[{"href":"https:\/\/www.light-style.eu\/fr\/wp-json\/wp\/v2\/product"}],"about":[{"href":"https:\/\/www.light-style.eu\/fr\/wp-json\/wp\/v2\/types\/product"}],"wp:featuredmedia":[{"embeddable":true,"href":"https:\/\/www.light-style.eu\/fr\/wp-json\/wp\/v2\/media\/67553"}],"wp:attachment":[{"href":"https:\/\/www.light-style.eu\/fr\/wp-json\/wp\/v2\/media?parent=70718"}],"wp:term":[{"taxonomy":"product_brand","embeddable":true,"href":"https:\/\/www.light-style.eu\/fr\/wp-json\/wp\/v2\/product_brand?post=70718"},{"taxonomy":"product_cat","embeddable":true,"href":"https:\/\/www.light-style.eu\/fr\/wp-json\/wp\/v2\/product_cat?post=70718"},{"taxonomy":"product_tag","embeddable":true,"href":"https:\/\/www.light-style.eu\/fr\/wp-json\/wp\/v2\/product_tag?post=70718"}],"curies":[{"name":"wp","href":"https:\/\/api.w.org\/{rel}","templated":true}]}}