{"id":71078,"date":"2018-11-13T16:31:34","date_gmt":"2023-02-15T17:46:39","guid":{"rendered":"https:\/\/www.light-style.eu\/unser-foto-shop\/cologne-2016-236\/"},"modified":"2025-01-13T17:20:23","modified_gmt":"2025-01-13T16:20:23","slug":"koeln-2016-236","status":"publish","type":"product","link":"https:\/\/www.light-style.eu\/fr\/notre-boutique-photo\/koeln-2016-236\/","title":{"rendered":"Cologne 2016-236"},"content":{"rendered":"<p>Je pense que Cologne est la ville la plus photographi\u00e9e de la vieille Allemagne, juste \u00e0 cause de la foire photo, Photokina, qui nous a \u00e9galement attir\u00e9s \u00e0 Cologne pendant des ann\u00e9es.<\/p>\n","protected":false},"excerpt":{"rendered":"<p>Tous nos tableaux acryliques et sur toile sont sign\u00e9s \u00e0 la main par l\u2019artiste et sont accompagn\u00e9s d\u2019un certificat d\u2019authenticit\u00e9<\/p>\n","protected":false},"featured_media":67481,"template":"","meta":{"advanced_seo_description":"","jetpack_seo_html_title":"","jetpack_seo_noindex":false,"ngg_post_thumbnail":0,"jetpack_publicize_message":"","jetpack_publicize_feature_enabled":true,"jetpack_social_post_already_shared":true,"jetpack_social_options":{"image_generator_settings":{"template":"highway","default_image_id":0,"font":"","enabled":false},"version":2}},"product_brand":[],"product_cat":[1640,1632,1639,1628],"product_tag":[1696,1801,1695,1694],"class_list":{"0":"post-71078","1":"product","2":"type-product","3":"status-publish","4":"has-post-thumbnail","6":"product_cat-allemagne","7":"product_cat-batiments","8":"product_cat-des-pays","9":"product_cat-tout","10":"product_tag-allemagne","11":"product_tag-cologne-fr","12":"product_tag-europe-fr","13":"product_tag-pays","14":"pa_wandbilder-affiche-semi-brillante-40x60-cm","15":"pa_wandbilder-peinture-acrylique-20x30","16":"pa_wandbilder-peinture-acrylique-40x60","17":"pa_wandbilder-peinture-acrylique-60x90","18":"pa_wandbilder-photo-soie-mate-20x30cm","19":"pa_wandbilder-poster-satine-mat-30x45cm","20":"pa_wandbilder-poster-satine-mat-60x90cm","21":"pa_wandbilder-poster-semi-brillant-70x105cm","22":"pa_wandbilder-toile-20x30","23":"pa_wandbilder-toile-40x60","24":"pa_wandbilder-toile-60x90","25":"pa_wandbilder-toile-80-x-120-cm","26":"entry","27":"has-media","29":"first","30":"instock","31":"taxable","32":"shipping-taxable","33":"purchasable","34":"product-type-variable"},"jetpack_publicize_connections":[],"jetpack_likes_enabled":true,"jetpack_sharing_enabled":true,"_links":{"self":[{"href":"https:\/\/www.light-style.eu\/fr\/wp-json\/wp\/v2\/product\/71078","targetHints":{"allow":["GET"]}}],"collection":[{"href":"https:\/\/www.light-style.eu\/fr\/wp-json\/wp\/v2\/product"}],"about":[{"href":"https:\/\/www.light-style.eu\/fr\/wp-json\/wp\/v2\/types\/product"}],"wp:featuredmedia":[{"embeddable":true,"href":"https:\/\/www.light-style.eu\/fr\/wp-json\/wp\/v2\/media\/67481"}],"wp:attachment":[{"href":"https:\/\/www.light-style.eu\/fr\/wp-json\/wp\/v2\/media?parent=71078"}],"wp:term":[{"taxonomy":"product_brand","embeddable":true,"href":"https:\/\/www.light-style.eu\/fr\/wp-json\/wp\/v2\/product_brand?post=71078"},{"taxonomy":"product_cat","embeddable":true,"href":"https:\/\/www.light-style.eu\/fr\/wp-json\/wp\/v2\/product_cat?post=71078"},{"taxonomy":"product_tag","embeddable":true,"href":"https:\/\/www.light-style.eu\/fr\/wp-json\/wp\/v2\/product_tag?post=71078"}],"curies":[{"name":"wp","href":"https:\/\/api.w.org\/{rel}","templated":true}]}}