{"id":71133,"date":"2018-11-13T16:23:34","date_gmt":"2023-02-15T17:58:53","guid":{"rendered":"https:\/\/www.light-style.eu\/unser-foto-shop\/dresde-2018-537\/"},"modified":"2025-01-13T17:19:40","modified_gmt":"2025-01-13T16:19:40","slug":"dresde-2018-537","status":"publish","type":"product","link":"https:\/\/www.light-style.eu\/fr\/notre-boutique-photo\/dresde-2018-537\/","title":{"rendered":"Dresde 2018-537"},"content":{"rendered":"<p>Dresde, cette ville merveilleuse et magnifiquement restaur\u00e9e vaut vraiment le d\u00e9tour.<br \/>\nNulle part je n\u2019ai vu une telle vari\u00e9t\u00e9 de grands b\u00e2timents anciens. <\/p>\n<p>En voici un du chenil<\/p>\n<p>&nbsp;<\/p>\n","protected":false},"excerpt":{"rendered":"<p>Tous nos tableaux acryliques et sur toile sont sign\u00e9s \u00e0 la main par l\u2019artiste et sont accompagn\u00e9s d\u2019un certificat d\u2019authenticit\u00e9<\/p>\n","protected":false},"featured_media":67471,"template":"","meta":{"advanced_seo_description":"","jetpack_seo_html_title":"","jetpack_seo_noindex":false,"ngg_post_thumbnail":0,"jetpack_publicize_message":"","jetpack_publicize_feature_enabled":true,"jetpack_social_post_already_shared":true,"jetpack_social_options":{"image_generator_settings":{"template":"highway","default_image_id":0,"font":"","enabled":false},"version":2}},"product_brand":[],"product_cat":[1640,1632,1639,1628],"product_tag":[1696,1756,1695,1694,1717],"class_list":{"0":"post-71133","1":"product","2":"type-product","3":"status-publish","4":"has-post-thumbnail","6":"product_cat-allemagne","7":"product_cat-batiments","8":"product_cat-des-pays","9":"product_cat-tout","10":"product_tag-allemagne","11":"product_tag-dresde","12":"product_tag-europe-fr","13":"product_tag-pays","14":"product_tag-saxe","15":"pa_wandbilder-affiche-semi-brillante-40x60-cm","16":"pa_wandbilder-peinture-acrylique-20x30","17":"pa_wandbilder-peinture-acrylique-40x60","18":"pa_wandbilder-peinture-acrylique-60x90","19":"pa_wandbilder-photo-soie-mate-20x30cm","20":"pa_wandbilder-poster-satine-mat-30x45cm","21":"pa_wandbilder-poster-satine-mat-60x90cm","22":"pa_wandbilder-poster-semi-brillant-70x105cm","23":"pa_wandbilder-toile-20x30","24":"pa_wandbilder-toile-40x60","25":"pa_wandbilder-toile-60x90","26":"pa_wandbilder-toile-80-x-120-cm","27":"entry","28":"has-media","30":"first","31":"instock","32":"taxable","33":"shipping-taxable","34":"purchasable","35":"product-type-variable"},"jetpack_publicize_connections":[],"jetpack_likes_enabled":true,"jetpack_sharing_enabled":true,"_links":{"self":[{"href":"https:\/\/www.light-style.eu\/fr\/wp-json\/wp\/v2\/product\/71133","targetHints":{"allow":["GET"]}}],"collection":[{"href":"https:\/\/www.light-style.eu\/fr\/wp-json\/wp\/v2\/product"}],"about":[{"href":"https:\/\/www.light-style.eu\/fr\/wp-json\/wp\/v2\/types\/product"}],"wp:featuredmedia":[{"embeddable":true,"href":"https:\/\/www.light-style.eu\/fr\/wp-json\/wp\/v2\/media\/67471"}],"wp:attachment":[{"href":"https:\/\/www.light-style.eu\/fr\/wp-json\/wp\/v2\/media?parent=71133"}],"wp:term":[{"taxonomy":"product_brand","embeddable":true,"href":"https:\/\/www.light-style.eu\/fr\/wp-json\/wp\/v2\/product_brand?post=71133"},{"taxonomy":"product_cat","embeddable":true,"href":"https:\/\/www.light-style.eu\/fr\/wp-json\/wp\/v2\/product_cat?post=71133"},{"taxonomy":"product_tag","embeddable":true,"href":"https:\/\/www.light-style.eu\/fr\/wp-json\/wp\/v2\/product_tag?post=71133"}],"curies":[{"name":"wp","href":"https:\/\/api.w.org\/{rel}","templated":true}]}}