{"id":71145,"date":"2018-11-13T16:21:13","date_gmt":"2023-02-15T17:59:04","guid":{"rendered":"https:\/\/www.light-style.eu\/unser-foto-shop\/maurice-2018-225\/"},"modified":"2025-01-13T17:18:42","modified_gmt":"2025-01-13T16:18:42","slug":"maurice-2018-225","status":"publish","type":"product","link":"https:\/\/www.light-style.eu\/fr\/notre-boutique-photo\/maurice-2018-225\/","title":{"rendered":"Maurice 2018-225"},"content":{"rendered":"<p>Ai-je d\u00e9j\u00e0 mentionn\u00e9 qu\u2019\u00e0 Maurice les motifs de cartes postales attendent \u00e0 chaque coin de rue \ud83d\ude09<\/p>\n","protected":false},"excerpt":{"rendered":"<p>Tous nos tableaux acryliques et sur toile sont sign\u00e9s \u00e0 la main par l\u2019artiste et sont accompagn\u00e9s d\u2019un certificat d\u2019authenticit\u00e9<\/p>\n","protected":false},"featured_media":67487,"template":"","meta":{"advanced_seo_description":"","jetpack_seo_html_title":"","jetpack_seo_noindex":false,"ngg_post_thumbnail":0,"jetpack_publicize_message":"","jetpack_publicize_feature_enabled":true,"jetpack_social_post_already_shared":true,"jetpack_social_options":{"image_generator_settings":{"template":"highway","default_image_id":0,"font":"","enabled":false},"version":2}},"product_brand":[],"product_cat":[1639,1645,1658,1655,1660,1628,1659],"product_tag":[1722,1694],"class_list":{"0":"post-71145","1":"product","2":"type-product","3":"status-publish","4":"has-post-thumbnail","6":"product_cat-des-pays","7":"product_cat-maurice","8":"product_cat-mer","9":"product_cat-nature-fr","10":"product_cat-plage","11":"product_cat-tout","12":"product_cat-usine","13":"product_tag-maurice","14":"product_tag-pays","15":"pa_wandbilder-affiche-semi-brillante-40x60-cm","16":"pa_wandbilder-peinture-acrylique-20x30","17":"pa_wandbilder-peinture-acrylique-40x60","18":"pa_wandbilder-peinture-acrylique-60x90","19":"pa_wandbilder-photo-soie-mate-20x30cm","20":"pa_wandbilder-poster-satine-mat-30x45cm","21":"pa_wandbilder-poster-satine-mat-60x90cm","22":"pa_wandbilder-poster-semi-brillant-70x105cm","23":"pa_wandbilder-toile-20x30","24":"pa_wandbilder-toile-40x60","25":"pa_wandbilder-toile-60x90","26":"pa_wandbilder-toile-80-x-120-cm","27":"entry","28":"has-media","30":"first","31":"instock","32":"taxable","33":"shipping-taxable","34":"purchasable","35":"product-type-variable"},"jetpack_publicize_connections":[],"jetpack_likes_enabled":true,"jetpack_sharing_enabled":true,"_links":{"self":[{"href":"https:\/\/www.light-style.eu\/fr\/wp-json\/wp\/v2\/product\/71145","targetHints":{"allow":["GET"]}}],"collection":[{"href":"https:\/\/www.light-style.eu\/fr\/wp-json\/wp\/v2\/product"}],"about":[{"href":"https:\/\/www.light-style.eu\/fr\/wp-json\/wp\/v2\/types\/product"}],"wp:featuredmedia":[{"embeddable":true,"href":"https:\/\/www.light-style.eu\/fr\/wp-json\/wp\/v2\/media\/67487"}],"wp:attachment":[{"href":"https:\/\/www.light-style.eu\/fr\/wp-json\/wp\/v2\/media?parent=71145"}],"wp:term":[{"taxonomy":"product_brand","embeddable":true,"href":"https:\/\/www.light-style.eu\/fr\/wp-json\/wp\/v2\/product_brand?post=71145"},{"taxonomy":"product_cat","embeddable":true,"href":"https:\/\/www.light-style.eu\/fr\/wp-json\/wp\/v2\/product_cat?post=71145"},{"taxonomy":"product_tag","embeddable":true,"href":"https:\/\/www.light-style.eu\/fr\/wp-json\/wp\/v2\/product_tag?post=71145"}],"curies":[{"name":"wp","href":"https:\/\/api.w.org\/{rel}","templated":true}]}}