{"id":71201,"date":"2018-11-13T15:09:43","date_gmt":"2023-02-15T17:59:41","guid":{"rendered":"https:\/\/www.light-style.eu\/unser-foto-shop\/tigre-blanc-1\/"},"modified":"2025-01-13T17:54:31","modified_gmt":"2025-01-13T16:54:31","slug":"weisser-tigre-2","status":"publish","type":"product","link":"https:\/\/www.light-style.eu\/fr\/notre-boutique-photo\/weisser-tigre-2\/","title":{"rendered":"Tigre blanc \u2013 1"},"content":{"rendered":"<p>Les zoos sont une bonne chose, surtout lorsque les animaux sont en libert\u00e9, dans un grand enclos adapt\u00e9 \u00e0 l\u2019esp\u00e8ce et que vous \u00eates vous-m\u00eame dans une cage (voiture), afin que vous puissiez en profiter<\/p>\n","protected":false},"excerpt":{"rendered":"<p>Tous nos tableaux acryliques et sur toile sont sign\u00e9s \u00e0 la main par l\u2019artiste et sont accompagn\u00e9s d\u2019un certificat d\u2019authenticit\u00e9<\/p>\n","protected":false},"featured_media":67674,"template":"","meta":{"advanced_seo_description":"","jetpack_seo_html_title":"","jetpack_seo_noindex":false,"ngg_post_thumbnail":0,"jetpack_publicize_message":"","jetpack_publicize_feature_enabled":true,"jetpack_social_post_already_shared":true,"jetpack_social_options":{"image_generator_settings":{"template":"highway","default_image_id":0,"font":"","enabled":false},"version":2}},"product_brand":[],"product_cat":[1640,1661,1639,1655,1628],"product_tag":[1696,1695,1828,1694],"class_list":{"0":"post-71201","1":"product","2":"type-product","3":"status-publish","4":"has-post-thumbnail","6":"product_cat-allemagne","7":"product_cat-animaux","8":"product_cat-des-pays","9":"product_cat-nature-fr","10":"product_cat-tout","11":"product_tag-allemagne","12":"product_tag-europe-fr","13":"product_tag-parcs-animaliers","14":"product_tag-pays","15":"pa_wandbilder-peinture-acrylique-20x30","16":"pa_wandbilder-peinture-acrylique-40x60","17":"pa_wandbilder-peinture-acrylique-60x90","18":"pa_wandbilder-photo-soie-mate-20x30cm","19":"pa_wandbilder-poster-satine-mat-30x45cm","20":"pa_wandbilder-poster-satine-mat-60x90cm","21":"pa_wandbilder-poster-semi-brillant-70x105cm","22":"pa_wandbilder-toile-20x30","23":"pa_wandbilder-toile-40x60","24":"pa_wandbilder-toile-60x90","25":"pa_wandbilder-toile-80-x-120-cm","26":"entry","27":"has-media","29":"first","30":"instock","31":"taxable","32":"shipping-taxable","33":"purchasable","34":"product-type-variable"},"jetpack_publicize_connections":[],"jetpack_likes_enabled":true,"jetpack_sharing_enabled":true,"_links":{"self":[{"href":"https:\/\/www.light-style.eu\/fr\/wp-json\/wp\/v2\/product\/71201","targetHints":{"allow":["GET"]}}],"collection":[{"href":"https:\/\/www.light-style.eu\/fr\/wp-json\/wp\/v2\/product"}],"about":[{"href":"https:\/\/www.light-style.eu\/fr\/wp-json\/wp\/v2\/types\/product"}],"wp:featuredmedia":[{"embeddable":true,"href":"https:\/\/www.light-style.eu\/fr\/wp-json\/wp\/v2\/media\/67674"}],"wp:attachment":[{"href":"https:\/\/www.light-style.eu\/fr\/wp-json\/wp\/v2\/media?parent=71201"}],"wp:term":[{"taxonomy":"product_brand","embeddable":true,"href":"https:\/\/www.light-style.eu\/fr\/wp-json\/wp\/v2\/product_brand?post=71201"},{"taxonomy":"product_cat","embeddable":true,"href":"https:\/\/www.light-style.eu\/fr\/wp-json\/wp\/v2\/product_cat?post=71201"},{"taxonomy":"product_tag","embeddable":true,"href":"https:\/\/www.light-style.eu\/fr\/wp-json\/wp\/v2\/product_tag?post=71201"}],"curies":[{"name":"wp","href":"https:\/\/api.w.org\/{rel}","templated":true}]}}