{"id":71257,"date":"2018-11-11T20:51:47","date_gmt":"2023-02-16T09:55:43","guid":{"rendered":"https:\/\/www.light-style.eu\/unser-foto-shop\/pier-ruegen-2016-7\/"},"modified":"2025-01-13T17:53:00","modified_gmt":"2025-01-13T16:53:00","slug":"triberg-2016-7","status":"publish","type":"product","link":"https:\/\/www.light-style.eu\/fr\/notre-boutique-photo\/triberg-2016-7\/","title":{"rendered":"Pier R\u00fcgen 2016-7"},"content":{"rendered":"<p>Une de nos plus belles jet\u00e9es. Ici \u00e0 Sellin sur R\u00fcgen.<\/p>\n","protected":false},"excerpt":{"rendered":"<p>Tous nos tableaux acryliques et sur toile sont sign\u00e9s \u00e0 la main par l\u2019artiste et sont accompagn\u00e9s d\u2019un certificat d\u2019authenticit\u00e9<\/p>\n","protected":false},"featured_media":67288,"template":"","meta":{"advanced_seo_description":"","jetpack_seo_html_title":"","jetpack_seo_noindex":false,"ngg_post_thumbnail":0,"jetpack_publicize_message":"","jetpack_publicize_feature_enabled":true,"jetpack_social_post_already_shared":true,"jetpack_social_options":{"image_generator_settings":{"template":"highway","default_image_id":0,"font":"","enabled":false},"version":2}},"product_brand":[],"product_cat":[1640,1632,1639,1655,1628,1659],"product_tag":[1696,1832,1695,1694],"class_list":{"0":"post-71257","1":"product","2":"type-product","3":"status-publish","4":"has-post-thumbnail","6":"product_cat-allemagne","7":"product_cat-batiments","8":"product_cat-des-pays","9":"product_cat-nature-fr","10":"product_cat-tout","11":"product_cat-usine","12":"product_tag-allemagne","13":"product_tag-cascades","14":"product_tag-europe-fr","15":"product_tag-pays","16":"pa_wandbilder-affiche-semi-brillante-40x60-cm","17":"pa_wandbilder-peinture-acrylique-20x30","18":"pa_wandbilder-peinture-acrylique-40x60","19":"pa_wandbilder-peinture-acrylique-60x90","20":"pa_wandbilder-photo-soie-mate-20x30cm","21":"pa_wandbilder-poster-satine-mat-30x45cm","22":"pa_wandbilder-poster-satine-mat-60x90cm","23":"pa_wandbilder-poster-semi-brillant-70x105cm","24":"pa_wandbilder-toile-20x30","25":"pa_wandbilder-toile-40x60","26":"pa_wandbilder-toile-60x90","27":"pa_wandbilder-toile-80-x-120-cm","28":"entry","29":"has-media","31":"first","32":"instock","33":"taxable","34":"shipping-taxable","35":"purchasable","36":"product-type-variable"},"jetpack_publicize_connections":[],"jetpack_likes_enabled":true,"jetpack_sharing_enabled":true,"_links":{"self":[{"href":"https:\/\/www.light-style.eu\/fr\/wp-json\/wp\/v2\/product\/71257","targetHints":{"allow":["GET"]}}],"collection":[{"href":"https:\/\/www.light-style.eu\/fr\/wp-json\/wp\/v2\/product"}],"about":[{"href":"https:\/\/www.light-style.eu\/fr\/wp-json\/wp\/v2\/types\/product"}],"wp:featuredmedia":[{"embeddable":true,"href":"https:\/\/www.light-style.eu\/fr\/wp-json\/wp\/v2\/media\/67288"}],"wp:attachment":[{"href":"https:\/\/www.light-style.eu\/fr\/wp-json\/wp\/v2\/media?parent=71257"}],"wp:term":[{"taxonomy":"product_brand","embeddable":true,"href":"https:\/\/www.light-style.eu\/fr\/wp-json\/wp\/v2\/product_brand?post=71257"},{"taxonomy":"product_cat","embeddable":true,"href":"https:\/\/www.light-style.eu\/fr\/wp-json\/wp\/v2\/product_cat?post=71257"},{"taxonomy":"product_tag","embeddable":true,"href":"https:\/\/www.light-style.eu\/fr\/wp-json\/wp\/v2\/product_tag?post=71257"}],"curies":[{"name":"wp","href":"https:\/\/api.w.org\/{rel}","templated":true}]}}