{"id":71279,"date":"2018-11-11T20:48:23","date_gmt":"2023-02-16T09:55:51","guid":{"rendered":"https:\/\/www.light-style.eu\/unser-foto-shop\/fee-de-la-foret\/"},"modified":"2025-01-13T17:52:21","modified_gmt":"2025-01-13T16:52:21","slug":"fee-de-la-foret","status":"publish","type":"product","link":"https:\/\/www.light-style.eu\/fr\/notre-boutique-photo\/fee-de-la-foret\/","title":{"rendered":"F\u00e9e de la for\u00eat"},"content":{"rendered":"<p>Parfois, cela peut aussi \u00eatre quelque chose de conte de f\u00e9es \ud83d\ude09<\/p>\n<p>Pendant un certain temps, j\u2019ai pu aller chercher de l\u2019or en studio apr\u00e8s le tournage \ud83d\ude09<\/p>\n<p>&nbsp;<\/p>\n","protected":false},"excerpt":{"rendered":"<p>Tous nos tableaux acryliques et sur toile sont sign\u00e9s \u00e0 la main par l\u2019artiste et sont accompagn\u00e9s d\u2019un certificat d\u2019authenticit\u00e9<\/p>\n","protected":false},"featured_media":67303,"template":"","meta":{"advanced_seo_description":"","jetpack_seo_html_title":"","jetpack_seo_noindex":false,"ngg_post_thumbnail":0,"jetpack_publicize_message":"","jetpack_publicize_feature_enabled":true,"jetpack_social_post_already_shared":true,"jetpack_social_options":{"image_generator_settings":{"template":"highway","default_image_id":0,"font":"","enabled":false},"version":2}},"product_brand":[],"product_cat":[1655,1631,1653,1648,1628],"product_tag":[1684,1808,1727],"class_list":{"0":"post-71279","1":"product","2":"type-product","3":"status-publish","4":"has-post-thumbnail","6":"product_cat-nature-fr","7":"product_cat-ouvrages-dart","8":"product_cat-personnages-de-contes-de-fees","9":"product_cat-personnes","10":"product_cat-tout","11":"product_tag-gens","12":"product_tag-personnages-de-contes-de-fees","13":"product_tag-travail-en-studio","14":"pa_wandbilder-peinture-acrylique-20x30","15":"pa_wandbilder-peinture-acrylique-40x60","16":"pa_wandbilder-peinture-acrylique-60x90","17":"pa_wandbilder-photo-soie-mate-20x30cm","18":"pa_wandbilder-poster-satine-mat-30x45cm","19":"pa_wandbilder-poster-satine-mat-60x90cm","20":"pa_wandbilder-poster-semi-brillant-70x105cm","21":"pa_wandbilder-toile-20x30","22":"pa_wandbilder-toile-40x60","23":"pa_wandbilder-toile-60x90","24":"pa_wandbilder-toile-80-x-120-cm","25":"entry","26":"has-media","28":"first","29":"instock","30":"taxable","31":"shipping-taxable","32":"purchasable","33":"product-type-variable"},"jetpack_publicize_connections":[],"jetpack_likes_enabled":true,"jetpack_sharing_enabled":true,"_links":{"self":[{"href":"https:\/\/www.light-style.eu\/fr\/wp-json\/wp\/v2\/product\/71279","targetHints":{"allow":["GET"]}}],"collection":[{"href":"https:\/\/www.light-style.eu\/fr\/wp-json\/wp\/v2\/product"}],"about":[{"href":"https:\/\/www.light-style.eu\/fr\/wp-json\/wp\/v2\/types\/product"}],"wp:featuredmedia":[{"embeddable":true,"href":"https:\/\/www.light-style.eu\/fr\/wp-json\/wp\/v2\/media\/67303"}],"wp:attachment":[{"href":"https:\/\/www.light-style.eu\/fr\/wp-json\/wp\/v2\/media?parent=71279"}],"wp:term":[{"taxonomy":"product_brand","embeddable":true,"href":"https:\/\/www.light-style.eu\/fr\/wp-json\/wp\/v2\/product_brand?post=71279"},{"taxonomy":"product_cat","embeddable":true,"href":"https:\/\/www.light-style.eu\/fr\/wp-json\/wp\/v2\/product_cat?post=71279"},{"taxonomy":"product_tag","embeddable":true,"href":"https:\/\/www.light-style.eu\/fr\/wp-json\/wp\/v2\/product_tag?post=71279"}],"curies":[{"name":"wp","href":"https:\/\/api.w.org\/{rel}","templated":true}]}}