{"id":71318,"date":"2018-11-11T16:35:45","date_gmt":"2023-02-16T10:11:22","guid":{"rendered":"https:\/\/www.light-style.eu\/unser-foto-shop\/football-americain-5\/"},"modified":"2025-01-13T18:07:17","modified_gmt":"2025-01-13T17:07:17","slug":"football-americain-5","status":"publish","type":"product","link":"https:\/\/www.light-style.eu\/fr\/notre-boutique-photo\/football-americain-5\/","title":{"rendered":"Football am\u00e9ricain 5"},"content":{"rendered":"<p>Un sport avec de l\u2019agressivit\u00e9 et de l\u2019\u00e9motion, les deux que nous avons \u00e9labor\u00e9s dans cette s\u00e9rie<\/p>\n<p>&nbsp;<\/p>\n","protected":false},"excerpt":{"rendered":"<p>Tous nos tableaux acryliques et sur toile sont sign\u00e9s \u00e0 la main par l\u2019artiste et sont accompagn\u00e9s d\u2019un certificat d\u2019authenticit\u00e9<\/p>\n","protected":false},"featured_media":67462,"template":"","meta":{"advanced_seo_description":"","jetpack_seo_html_title":"","jetpack_seo_noindex":false,"ngg_post_thumbnail":0,"jetpack_publicize_message":"","jetpack_publicize_feature_enabled":true,"jetpack_social_post_already_shared":true,"jetpack_social_options":{"image_generator_settings":{"template":"highway","default_image_id":0,"font":"","enabled":false},"version":2}},"product_brand":[],"product_cat":[1654,1648,1652,1628],"product_tag":[1823,1783,1684,1727],"class_list":{"0":"post-71318","1":"product","2":"type-product","3":"status-publish","4":"has-post-thumbnail","6":"product_cat-des-sports","7":"product_cat-personnes","8":"product_cat-temps-libre","9":"product_cat-tout","10":"product_tag-des-sports","11":"product_tag-football-fr","12":"product_tag-gens","13":"product_tag-travail-en-studio","14":"pa_wandbilder-affiche-semi-brillante-40x60-cm","15":"pa_wandbilder-peinture-acrylique-20x30","16":"pa_wandbilder-peinture-acrylique-40x60","17":"pa_wandbilder-peinture-acrylique-60x90","18":"pa_wandbilder-photo-soie-mate-20x30cm","19":"pa_wandbilder-poster-satine-mat-30x45cm","20":"pa_wandbilder-poster-satine-mat-60x90cm","21":"pa_wandbilder-poster-semi-brillant-70x105cm","22":"pa_wandbilder-toile-20x30","23":"pa_wandbilder-toile-40x60","24":"pa_wandbilder-toile-60x90","25":"pa_wandbilder-toile-80-x-120-cm","26":"entry","27":"has-media","29":"first","30":"instock","31":"taxable","32":"shipping-taxable","33":"purchasable","34":"product-type-variable"},"jetpack_publicize_connections":[],"jetpack_likes_enabled":true,"jetpack_sharing_enabled":true,"_links":{"self":[{"href":"https:\/\/www.light-style.eu\/fr\/wp-json\/wp\/v2\/product\/71318","targetHints":{"allow":["GET"]}}],"collection":[{"href":"https:\/\/www.light-style.eu\/fr\/wp-json\/wp\/v2\/product"}],"about":[{"href":"https:\/\/www.light-style.eu\/fr\/wp-json\/wp\/v2\/types\/product"}],"wp:featuredmedia":[{"embeddable":true,"href":"https:\/\/www.light-style.eu\/fr\/wp-json\/wp\/v2\/media\/67462"}],"wp:attachment":[{"href":"https:\/\/www.light-style.eu\/fr\/wp-json\/wp\/v2\/media?parent=71318"}],"wp:term":[{"taxonomy":"product_brand","embeddable":true,"href":"https:\/\/www.light-style.eu\/fr\/wp-json\/wp\/v2\/product_brand?post=71318"},{"taxonomy":"product_cat","embeddable":true,"href":"https:\/\/www.light-style.eu\/fr\/wp-json\/wp\/v2\/product_cat?post=71318"},{"taxonomy":"product_tag","embeddable":true,"href":"https:\/\/www.light-style.eu\/fr\/wp-json\/wp\/v2\/product_tag?post=71318"}],"curies":[{"name":"wp","href":"https:\/\/api.w.org\/{rel}","templated":true}]}}