{"id":71587,"date":"2018-11-11T15:40:13","date_gmt":"2023-02-16T10:11:52","guid":{"rendered":"https:\/\/www.light-style.eu\/unser-foto-shop\/lhiver-dans-le-jardin-anglais-3\/"},"modified":"2025-01-13T18:29:01","modified_gmt":"2025-01-13T17:29:01","slug":"hiver-dans-le-jardin-anglais-3","status":"publish","type":"product","link":"https:\/\/www.light-style.eu\/fr\/notre-boutique-photo\/hiver-dans-le-jardin-anglais-3\/","title":{"rendered":"L\u2019hiver dans le jardin anglais-3"},"content":{"rendered":"<p>Le jardin anglais de Munich vaut toujours le d\u00e9tour, \u00e9t\u00e9 comme hiver.<br \/>\nTout simplement magnifique <\/p>\n<p>&nbsp;<\/p>\n","protected":false},"excerpt":{"rendered":"<p>Tous nos tableaux acryliques et sur toile sont sign\u00e9s \u00e0 la main par l\u2019artiste et sont accompagn\u00e9s d\u2019un certificat d\u2019authenticit\u00e9<\/p>\n","protected":false},"featured_media":67450,"template":"","meta":{"advanced_seo_description":"","jetpack_seo_html_title":"","jetpack_seo_noindex":false,"ngg_post_thumbnail":0,"jetpack_publicize_message":"","jetpack_publicize_feature_enabled":true,"jetpack_social_post_already_shared":true,"jetpack_social_options":{"image_generator_settings":{"template":"highway","default_image_id":0,"font":"","enabled":false},"version":2}},"product_brand":[],"product_cat":[1640,1668,1639,1658,1655,1660,1664,1628,1659],"product_tag":[1696,1723,1718,1695,1743,1809,1713,1694],"class_list":{"0":"post-71587","1":"product","2":"type-product","3":"status-publish","4":"has-post-thumbnail","6":"product_cat-allemagne","7":"product_cat-couchers-de-soleil","8":"product_cat-des-pays","9":"product_cat-mer","10":"product_cat-nature-fr","11":"product_cat-plage","12":"product_cat-romantique","13":"product_cat-tout","14":"product_cat-usine","15":"product_tag-allemagne","16":"product_tag-coucher-de-soleil-fr","17":"product_tag-coucher-de-soleil","18":"product_tag-europe-fr","19":"product_tag-foret-allemande","20":"product_tag-munich-fr","21":"product_tag-nature-fr","22":"product_tag-pays","23":"pa_wandbilder-peinture-acrylique-20x30","24":"pa_wandbilder-peinture-acrylique-40x60","25":"pa_wandbilder-peinture-acrylique-60x90","26":"pa_wandbilder-photo-soie-mate-20x30cm","27":"pa_wandbilder-poster-satine-mat-30x45cm","28":"pa_wandbilder-poster-satine-mat-60x90cm","29":"pa_wandbilder-poster-semi-brillant-70x105cm","30":"pa_wandbilder-toile-20x30","31":"pa_wandbilder-toile-40x60","32":"pa_wandbilder-toile-60x90","33":"pa_wandbilder-toile-80-x-120-cm","34":"entry","35":"has-media","37":"first","38":"instock","39":"taxable","40":"shipping-taxable","41":"purchasable","42":"product-type-variable"},"jetpack_publicize_connections":[],"jetpack_likes_enabled":true,"jetpack_sharing_enabled":true,"_links":{"self":[{"href":"https:\/\/www.light-style.eu\/fr\/wp-json\/wp\/v2\/product\/71587","targetHints":{"allow":["GET"]}}],"collection":[{"href":"https:\/\/www.light-style.eu\/fr\/wp-json\/wp\/v2\/product"}],"about":[{"href":"https:\/\/www.light-style.eu\/fr\/wp-json\/wp\/v2\/types\/product"}],"wp:featuredmedia":[{"embeddable":true,"href":"https:\/\/www.light-style.eu\/fr\/wp-json\/wp\/v2\/media\/67450"}],"wp:attachment":[{"href":"https:\/\/www.light-style.eu\/fr\/wp-json\/wp\/v2\/media?parent=71587"}],"wp:term":[{"taxonomy":"product_brand","embeddable":true,"href":"https:\/\/www.light-style.eu\/fr\/wp-json\/wp\/v2\/product_brand?post=71587"},{"taxonomy":"product_cat","embeddable":true,"href":"https:\/\/www.light-style.eu\/fr\/wp-json\/wp\/v2\/product_cat?post=71587"},{"taxonomy":"product_tag","embeddable":true,"href":"https:\/\/www.light-style.eu\/fr\/wp-json\/wp\/v2\/product_tag?post=71587"}],"curies":[{"name":"wp","href":"https:\/\/api.w.org\/{rel}","templated":true}]}}