{"id":77107,"date":"2025-01-09T15:19:07","date_gmt":"2025-01-09T14:21:37","guid":{"rendered":"https:\/\/www.light-style.eu\/unser-foto-shop\/winterlove-2-copie\/"},"modified":"2025-01-13T15:58:29","modified_gmt":"2025-01-13T14:58:29","slug":"winterlove-2-copie","status":"publish","type":"product","link":"https:\/\/www.light-style.eu\/fr\/notre-boutique-photo\/winterlove-2-copie\/","title":{"rendered":"Winterlove 3"},"content":{"rendered":"<p>Hiver&#8230;. Pure et paisible, tranquille,&nbsp; c\u2019est ainsi que nous imaginons la belle saison blanche. Accompagn\u00e9 d\u2019un peu d\u2019ambiance festive et de romantisme, il en fait \u00e9galement partie.<\/p>\n<p>La neige tombe et avale les sons, la couverture de neige vierge est une impression comme d\u2019un conte de f\u00e9es, ou les petites impressions hivernales comme les gla\u00e7ons, les branches enneig\u00e9es, etc.<\/p>\n<p>Voici une impression de mon hiver.<\/p>\n<p>Ici, m\u00eame de notre Rodenbach de r\u00eave, l\u2019hiver de Rodenbach \ud83d\ude09<\/p>\n<p>Peut-\u00eatre que l\u2019un ou l\u2019autre mois vous plaira.<\/p>\n","protected":false},"excerpt":{"rendered":"<p>Toutes nos peintures acryliques &amp; toiles sont sign\u00e9es par l\u2019artiste et sont accompagn\u00e9es d\u2019un certificat d\u2019authenticit\u00e9<\/p>\n","protected":false},"featured_media":76909,"template":"","meta":{"advanced_seo_description":"","jetpack_seo_html_title":"","jetpack_seo_noindex":false,"ngg_post_thumbnail":0,"jetpack_publicize_message":"","jetpack_publicize_feature_enabled":true,"jetpack_social_post_already_shared":true,"jetpack_social_options":{"image_generator_settings":{"template":"highway","default_image_id":0,"font":"","enabled":false},"version":2}},"product_brand":[],"product_cat":[1641,1640,1941,1657,1655,1663,1664,1669,1628,1659],"product_tag":[1698,1687,1944,1835,1749,1704],"class_list":{"0":"post-77107","1":"product","2":"type-product","3":"status-publish","4":"has-post-thumbnail","6":"product_cat-afrique","7":"product_cat-allemagne","8":"product_cat-feerie-hivernale","9":"product_cat-montagnes","10":"product_cat-nature-fr","11":"product_cat-nouveaux-motifs","12":"product_cat-romantique","13":"product_cat-technologie","14":"product_cat-tout","15":"product_cat-usine","16":"product_tag-amour","17":"product_tag-decoration-murale","18":"product_tag-feerie-hivernale","19":"product_tag-hiver","20":"product_tag-rodenbach-fr","21":"product_tag-romantisme","22":"pa_wandbilder-peinture-acrylique-20x30","23":"pa_wandbilder-peinture-acrylique-40x60","24":"pa_wandbilder-peinture-acrylique-60x90","25":"pa_wandbilder-photo-soie-mate-20x30cm","26":"pa_wandbilder-poster-satine-mat-30x45cm","27":"pa_wandbilder-poster-satine-mat-60x90cm","28":"pa_wandbilder-poster-semi-brillant-70x105cm","29":"pa_wandbilder-toile-20x30","30":"pa_wandbilder-toile-40x60","31":"pa_wandbilder-toile-60x90","32":"pa_wandbilder-toile-80-x-120-cm","33":"entry","34":"has-media","36":"first","37":"instock","38":"taxable","39":"shipping-taxable","40":"purchasable","41":"product-type-variable"},"jetpack_publicize_connections":[],"jetpack_likes_enabled":true,"jetpack_sharing_enabled":true,"_links":{"self":[{"href":"https:\/\/www.light-style.eu\/fr\/wp-json\/wp\/v2\/product\/77107","targetHints":{"allow":["GET"]}}],"collection":[{"href":"https:\/\/www.light-style.eu\/fr\/wp-json\/wp\/v2\/product"}],"about":[{"href":"https:\/\/www.light-style.eu\/fr\/wp-json\/wp\/v2\/types\/product"}],"wp:featuredmedia":[{"embeddable":true,"href":"https:\/\/www.light-style.eu\/fr\/wp-json\/wp\/v2\/media\/76909"}],"wp:attachment":[{"href":"https:\/\/www.light-style.eu\/fr\/wp-json\/wp\/v2\/media?parent=77107"}],"wp:term":[{"taxonomy":"product_brand","embeddable":true,"href":"https:\/\/www.light-style.eu\/fr\/wp-json\/wp\/v2\/product_brand?post=77107"},{"taxonomy":"product_cat","embeddable":true,"href":"https:\/\/www.light-style.eu\/fr\/wp-json\/wp\/v2\/product_cat?post=77107"},{"taxonomy":"product_tag","embeddable":true,"href":"https:\/\/www.light-style.eu\/fr\/wp-json\/wp\/v2\/product_tag?post=77107"}],"curies":[{"name":"wp","href":"https:\/\/api.w.org\/{rel}","templated":true}]}}