{"id":77161,"date":"2025-01-09T19:03:01","date_gmt":"2025-01-09T18:04:49","guid":{"rendered":"https:\/\/www.light-style.eu\/unser-foto-shop\/bataille-navale-1-copie-2\/"},"modified":"2025-01-13T15:45:44","modified_gmt":"2025-01-13T14:45:44","slug":"bataille-navale-1-copie-2","status":"publish","type":"product","link":"https:\/\/www.light-style.eu\/fr\/notre-boutique-photo\/bataille-navale-1-copie-2\/","title":{"rendered":"Bataille navale 3"},"content":{"rendered":"<p>Voici une \u0153uvre qui n\u2019a jamais vu d\u2019appareil photo mais qui a \u00e9t\u00e9 cr\u00e9\u00e9e uniquement par moi sur PC. En partie aussi parce qu\u2019il n\u2019y aura tout simplement plus jamais ce Montiv de nos jours et que je l\u2019aime comme un vieux chien de mer. Une \u00ab&nbsp;bonne, vieille et honn\u00eate&nbsp;\u00bb bataille navale, presque toujours homme contre homme et \u00ab&nbsp;l\u2019ennemi&nbsp;\u00bb a toujours \u00e9t\u00e9 sauv\u00e9 apr\u00e8s le naufrage de la fr\u00e9gate, la guerre navale est encore aujourd\u2019hui une forme de combat quelque peu diff\u00e9rente, apr\u00e8s tout, on se bat aussi ensemble contre la force de la nature, et cela se connecte \u00e9galement au-del\u00e0 des fronti\u00e8res du drapeau. Cr\u00e9ez une \u0153uvre d\u2019art avec la technologie PC et IA. Si vous aimez quelque chose comme \u00e7a, faites-le moi savoir. <\/p>\n","protected":false},"excerpt":{"rendered":"<p>Toutes nos peintures acryliques &amp; toiles sont sign\u00e9es par l\u2019artiste et sont accompagn\u00e9es d\u2019un certificat d\u2019authenticit\u00e9<\/p>\n","protected":false},"featured_media":76939,"template":"","meta":{"advanced_seo_description":"","jetpack_seo_html_title":"","jetpack_seo_noindex":false,"ngg_post_thumbnail":0,"jetpack_publicize_message":"","jetpack_publicize_feature_enabled":true,"jetpack_social_post_already_shared":true,"jetpack_social_options":{"image_generator_settings":{"template":"highway","default_image_id":0,"font":"","enabled":false},"version":2}},"product_brand":[],"product_cat":[1953,1658,1655,1663,1666,1628],"product_tag":[1698,1687,1944,1835,1749,1704],"class_list":{"0":"post-77161","1":"product","2":"type-product","3":"status-publish","4":"has-post-thumbnail","6":"product_cat-creations-ia-et-photoshop","7":"product_cat-mer","8":"product_cat-nature-fr","9":"product_cat-nouveaux-motifs","10":"product_cat-romance-maritime","11":"product_cat-tout","12":"product_tag-amour","13":"product_tag-decoration-murale","14":"product_tag-feerie-hivernale","15":"product_tag-hiver","16":"product_tag-rodenbach-fr","17":"product_tag-romantisme","18":"pa_wandbilder-peinture-acrylique-20x30","19":"pa_wandbilder-peinture-acrylique-40x60","20":"pa_wandbilder-peinture-acrylique-60x90","21":"pa_wandbilder-photo-soie-mate-20x30cm","22":"pa_wandbilder-poster-satine-mat-30x45cm","23":"pa_wandbilder-poster-satine-mat-60x90cm","24":"pa_wandbilder-poster-semi-brillant-70x105cm","25":"pa_wandbilder-toile-20x30","26":"pa_wandbilder-toile-40x60","27":"pa_wandbilder-toile-60x90","28":"pa_wandbilder-toile-80-x-120-cm","29":"entry","30":"has-media","32":"first","33":"instock","34":"taxable","35":"shipping-taxable","36":"purchasable","37":"product-type-variable"},"jetpack_publicize_connections":[],"jetpack_likes_enabled":true,"jetpack_sharing_enabled":true,"_links":{"self":[{"href":"https:\/\/www.light-style.eu\/fr\/wp-json\/wp\/v2\/product\/77161","targetHints":{"allow":["GET"]}}],"collection":[{"href":"https:\/\/www.light-style.eu\/fr\/wp-json\/wp\/v2\/product"}],"about":[{"href":"https:\/\/www.light-style.eu\/fr\/wp-json\/wp\/v2\/types\/product"}],"wp:featuredmedia":[{"embeddable":true,"href":"https:\/\/www.light-style.eu\/fr\/wp-json\/wp\/v2\/media\/76939"}],"wp:attachment":[{"href":"https:\/\/www.light-style.eu\/fr\/wp-json\/wp\/v2\/media?parent=77161"}],"wp:term":[{"taxonomy":"product_brand","embeddable":true,"href":"https:\/\/www.light-style.eu\/fr\/wp-json\/wp\/v2\/product_brand?post=77161"},{"taxonomy":"product_cat","embeddable":true,"href":"https:\/\/www.light-style.eu\/fr\/wp-json\/wp\/v2\/product_cat?post=77161"},{"taxonomy":"product_tag","embeddable":true,"href":"https:\/\/www.light-style.eu\/fr\/wp-json\/wp\/v2\/product_tag?post=77161"}],"curies":[{"name":"wp","href":"https:\/\/api.w.org\/{rel}","templated":true}]}}