{"id":77723,"date":"2025-01-10T18:02:30","date_gmt":"2025-01-10T17:05:25","guid":{"rendered":"https:\/\/www.light-style.eu\/unser-foto-shop\/beaute-de-la-nature-28\/"},"modified":"2025-01-13T15:39:05","modified_gmt":"2025-01-13T14:39:05","slug":"beaute-de-la-nature-28","status":"publish","type":"product","link":"https:\/\/www.light-style.eu\/fr\/notre-boutique-photo\/beaute-de-la-nature-28\/","title":{"rendered":"Beaut\u00e9 de la nature 29"},"content":{"rendered":"<p>Notre plan\u00e8te est infiniment belle.<br \/>\nChaque pays a ses motivations grandioses.<br \/>\nPar cons\u00e9quent, je vous pr\u00e9sente ici \u00e0 travers le monde progressivement de nouveaux motifs, qui ont gagn\u00e9 le titre de \u00ab&nbsp;Beaut\u00e9 de la Nature&nbsp;\u00bb.<br \/>\nAinsi, vous trouverez \u00e9galement des couchers de soleil, des plages, des cascades, etc. ici.  <\/p>\n<p>\u00c0 une altitude d\u2019environ 2000m, le volcan devant vous et le coucher de soleil au-dessus des nuages, est spectaculaire et une sensation unique<\/p>\n<p>&nbsp;<\/p>\n","protected":false},"excerpt":{"rendered":"<p>Toutes nos peintures acryliques &amp; toiles sont sign\u00e9es par l\u2019artiste et sont accompagn\u00e9es d\u2019un certificat d\u2019authenticit\u00e9<\/p>\n","protected":false},"featured_media":76959,"template":"","meta":{"advanced_seo_description":"","jetpack_seo_html_title":"","jetpack_seo_noindex":false,"ngg_post_thumbnail":0,"jetpack_publicize_message":"","jetpack_publicize_feature_enabled":true,"jetpack_social_post_already_shared":true,"jetpack_social_options":{"image_generator_settings":{"template":"highway","default_image_id":0,"font":"","enabled":false},"version":2}},"product_brand":[],"product_cat":[1656,1668,1639,1960,1655,1663,1628],"product_tag":[1768,1723,1713],"class_list":{"0":"post-77723","1":"product","2":"type-product","3":"status-publish","4":"has-post-thumbnail","6":"product_cat-beaute-de-la-nature","7":"product_cat-couchers-de-soleil","8":"product_cat-des-pays","9":"product_cat-espagne","10":"product_cat-nature-fr","11":"product_cat-nouveaux-motifs","12":"product_cat-tout","13":"product_tag-beaute-de-la-nature","14":"product_tag-coucher-de-soleil-fr","15":"product_tag-nature-fr","16":"pa_wandbilder-peinture-acrylique-20x30","17":"pa_wandbilder-peinture-acrylique-40x60","18":"pa_wandbilder-peinture-acrylique-60x90","19":"pa_wandbilder-photo-soie-mate-20x30cm","20":"pa_wandbilder-poster-satine-mat-30x45cm","21":"pa_wandbilder-poster-satine-mat-60x90cm","22":"pa_wandbilder-poster-semi-brillant-70x105cm","23":"pa_wandbilder-toile-20x30","24":"pa_wandbilder-toile-40x60","25":"pa_wandbilder-toile-60x90","26":"pa_wandbilder-toile-80-x-120-cm","27":"entry","28":"has-media","30":"first","31":"instock","32":"taxable","33":"shipping-taxable","34":"purchasable","35":"product-type-variable"},"jetpack_publicize_connections":[],"jetpack_likes_enabled":true,"jetpack_sharing_enabled":true,"_links":{"self":[{"href":"https:\/\/www.light-style.eu\/fr\/wp-json\/wp\/v2\/product\/77723","targetHints":{"allow":["GET"]}}],"collection":[{"href":"https:\/\/www.light-style.eu\/fr\/wp-json\/wp\/v2\/product"}],"about":[{"href":"https:\/\/www.light-style.eu\/fr\/wp-json\/wp\/v2\/types\/product"}],"wp:featuredmedia":[{"embeddable":true,"href":"https:\/\/www.light-style.eu\/fr\/wp-json\/wp\/v2\/media\/76959"}],"wp:attachment":[{"href":"https:\/\/www.light-style.eu\/fr\/wp-json\/wp\/v2\/media?parent=77723"}],"wp:term":[{"taxonomy":"product_brand","embeddable":true,"href":"https:\/\/www.light-style.eu\/fr\/wp-json\/wp\/v2\/product_brand?post=77723"},{"taxonomy":"product_cat","embeddable":true,"href":"https:\/\/www.light-style.eu\/fr\/wp-json\/wp\/v2\/product_cat?post=77723"},{"taxonomy":"product_tag","embeddable":true,"href":"https:\/\/www.light-style.eu\/fr\/wp-json\/wp\/v2\/product_tag?post=77723"}],"curies":[{"name":"wp","href":"https:\/\/api.w.org\/{rel}","templated":true}]}}