{"id":77851,"date":"2025-01-10T19:36:17","date_gmt":"2025-01-10T18:36:17","guid":{"rendered":"https:\/\/www.light-style.eu\/unser-foto-shop\/eaux-sauvages-1\/"},"modified":"2025-01-10T19:36:17","modified_gmt":"2025-01-10T18:36:17","slug":"eaux-sauvages-1","status":"publish","type":"product","link":"https:\/\/www.light-style.eu\/fr\/notre-boutique-photo\/eaux-sauvages-1\/","title":{"rendered":"Eaux Sauvages 1"},"content":{"rendered":"<p>L\u2019eau est mon \u00e9l\u00e9ment ;-9 cette fois exactement l\u2019oppos\u00e9 de l\u2019eau douce des longues expositions, ici l\u2019eau agit\u00e9e qui fa\u00e7onne nos c\u00f4tes vient \u00e0 la lumi\u00e8re. Ajoutez \u00e0 cela le bleu de l\u2019Atlantique, je trouve cela merveilleux.<\/p>\n<p>&nbsp;<\/p>\n","protected":false},"excerpt":{"rendered":"<p>Toutes nos peintures acryliques &amp; toiles sont sign\u00e9es par l\u2019artiste et sont accompagn\u00e9es d\u2019un certificat d\u2019authenticit\u00e9<\/p>\n","protected":false},"featured_media":76944,"template":"","meta":{"advanced_seo_description":"","jetpack_seo_html_title":"","jetpack_seo_noindex":false,"ngg_post_thumbnail":0,"jetpack_publicize_message":"","jetpack_publicize_feature_enabled":true,"jetpack_social_post_already_shared":true,"jetpack_social_options":{"image_generator_settings":{"template":"highway","default_image_id":0,"font":"","enabled":false},"version":2}},"product_brand":[],"product_cat":[1656,1639,1960,1658,1663,1660,1628],"product_tag":[1768,1996,1999,1995,1997,1713,1998],"class_list":{"0":"post-77851","1":"product","2":"type-product","3":"status-publish","4":"has-post-thumbnail","6":"product_cat-beaute-de-la-nature","7":"product_cat-des-pays","8":"product_cat-espagne","9":"product_cat-mer","10":"product_cat-nouveaux-motifs","11":"product_cat-plage","12":"product_cat-tout","13":"product_tag-beaute-de-la-nature","14":"product_tag-etoiles","15":"product_tag-galaxie-fr","16":"product_tag-michstrasse-fr","17":"product_tag-milyway-fr","18":"product_tag-nature-fr","19":"product_tag-univers","20":"pa_wandbilder-peinture-acrylique-20x30","21":"pa_wandbilder-peinture-acrylique-40x60","22":"pa_wandbilder-peinture-acrylique-60x90","23":"pa_wandbilder-photo-soie-mate-20x30cm","24":"pa_wandbilder-poster-satine-mat-30x45cm","25":"pa_wandbilder-poster-satine-mat-60x90cm","26":"pa_wandbilder-poster-semi-brillant-70x105cm","27":"pa_wandbilder-toile-20x30","28":"pa_wandbilder-toile-40x60","29":"pa_wandbilder-toile-60x90","30":"pa_wandbilder-toile-80-x-120-cm","31":"entry","32":"has-media","34":"first","35":"instock","36":"taxable","37":"shipping-taxable","38":"purchasable","39":"product-type-variable"},"jetpack_publicize_connections":[],"jetpack_likes_enabled":true,"jetpack_sharing_enabled":true,"_links":{"self":[{"href":"https:\/\/www.light-style.eu\/fr\/wp-json\/wp\/v2\/product\/77851","targetHints":{"allow":["GET"]}}],"collection":[{"href":"https:\/\/www.light-style.eu\/fr\/wp-json\/wp\/v2\/product"}],"about":[{"href":"https:\/\/www.light-style.eu\/fr\/wp-json\/wp\/v2\/types\/product"}],"wp:featuredmedia":[{"embeddable":true,"href":"https:\/\/www.light-style.eu\/fr\/wp-json\/wp\/v2\/media\/76944"}],"wp:attachment":[{"href":"https:\/\/www.light-style.eu\/fr\/wp-json\/wp\/v2\/media?parent=77851"}],"wp:term":[{"taxonomy":"product_brand","embeddable":true,"href":"https:\/\/www.light-style.eu\/fr\/wp-json\/wp\/v2\/product_brand?post=77851"},{"taxonomy":"product_cat","embeddable":true,"href":"https:\/\/www.light-style.eu\/fr\/wp-json\/wp\/v2\/product_cat?post=77851"},{"taxonomy":"product_tag","embeddable":true,"href":"https:\/\/www.light-style.eu\/fr\/wp-json\/wp\/v2\/product_tag?post=77851"}],"curies":[{"name":"wp","href":"https:\/\/api.w.org\/{rel}","templated":true}]}}