{"id":79516,"date":"2025-01-10T19:02:42","date_gmt":"2025-01-13T10:53:17","guid":{"rendered":"https:\/\/www.light-style.eu\/unser-foto-shop\/la-galaxie-2\/"},"modified":"2025-01-13T11:53:55","modified_gmt":"2025-01-13T10:53:55","slug":"la-galaxie-2","status":"publish","type":"product","link":"https:\/\/www.light-style.eu\/fr\/notre-boutique-photo\/la-galaxie-2\/","title":{"rendered":"La galaxie 2"},"content":{"rendered":"<p>Notre plan\u00e8te est infiniment belle.<br \/>\nMais il y a aussi de belles choses \u00e0 d\u00e9couvrir en dehors de notre boule bleue.<br \/>\n\u00c0 titre d\u2019exemple, notre Voie lact\u00e9e.<br \/>\nJ\u2019ai longtemps eu une telle photo devant les yeux, mais les nuages, la lune ou la lumi\u00e8re \u00e9trang\u00e8re des villes m\u2019ont g\u00ean\u00e9.<br \/>\nEncore une fois, il s\u2019agissait de planifier des jours \u00e0 l\u2019avance, quand voir o\u00f9 se trouve la Voie lact\u00e9e, ce que font la lune et le temps et enfin la veille pour chercher l\u2019emplacement exact.<br \/>\nIci, dans le paysage volcanique solitaire \u00e0 2000m, cependant, tout \u00e9tait parfait.<br \/>\nMais comme pour de nombreuses photos, sur le t\u00e9l\u00e9phone portable, il est pr\u00e9f\u00e9rable de le faire au soleil, ces photos ne sont pas amusantes, mais sur le PC, vous pouvez d\u00e9j\u00e0 voir beaucoup plus de d\u00e9tails et sur la peinture murale finie, c\u2019est -wow   <\/p>\n<p>&nbsp;<\/p>\n","protected":false},"excerpt":{"rendered":"<p>Toutes nos peintures acryliques &amp; toiles sont sign\u00e9es par l\u2019artiste et sont accompagn\u00e9es d\u2019un certificat d\u2019authenticit\u00e9<\/p>\n","protected":false},"featured_media":76974,"template":"","meta":{"advanced_seo_description":"","jetpack_seo_html_title":"","jetpack_seo_noindex":false,"ngg_post_thumbnail":0,"jetpack_publicize_message":"","jetpack_publicize_feature_enabled":true,"jetpack_social_post_already_shared":true,"jetpack_social_options":{"image_generator_settings":{"template":"highway","default_image_id":0,"font":"","enabled":false},"version":2}},"product_brand":[],"product_cat":[1656,1639,1960,1657,1663,1628],"product_tag":[1768,1996,1999,1995,1997,1713,1998],"class_list":{"0":"post-79516","1":"product","2":"type-product","3":"status-publish","4":"has-post-thumbnail","6":"product_cat-beaute-de-la-nature","7":"product_cat-des-pays","8":"product_cat-espagne","9":"product_cat-montagnes","10":"product_cat-nouveaux-motifs","11":"product_cat-tout","12":"product_tag-beaute-de-la-nature","13":"product_tag-etoiles","14":"product_tag-galaxie-fr","15":"product_tag-michstrasse-fr","16":"product_tag-milyway-fr","17":"product_tag-nature-fr","18":"product_tag-univers","19":"pa_wandbilder-peinture-acrylique-20x30","20":"pa_wandbilder-peinture-acrylique-40x60","21":"pa_wandbilder-peinture-acrylique-60x90","22":"pa_wandbilder-photo-soie-mate-20x30cm","23":"pa_wandbilder-poster-satine-mat-30x45cm","24":"pa_wandbilder-poster-satine-mat-60x90cm","25":"pa_wandbilder-poster-semi-brillant-70x105cm","26":"pa_wandbilder-toile-20x30","27":"pa_wandbilder-toile-40x60","28":"pa_wandbilder-toile-60x90","29":"pa_wandbilder-toile-80-x-120-cm","30":"entry","31":"has-media","33":"first","34":"instock","35":"taxable","36":"shipping-taxable","37":"purchasable","38":"product-type-variable"},"jetpack_publicize_connections":[],"jetpack_likes_enabled":true,"jetpack_sharing_enabled":true,"_links":{"self":[{"href":"https:\/\/www.light-style.eu\/fr\/wp-json\/wp\/v2\/product\/79516","targetHints":{"allow":["GET"]}}],"collection":[{"href":"https:\/\/www.light-style.eu\/fr\/wp-json\/wp\/v2\/product"}],"about":[{"href":"https:\/\/www.light-style.eu\/fr\/wp-json\/wp\/v2\/types\/product"}],"wp:featuredmedia":[{"embeddable":true,"href":"https:\/\/www.light-style.eu\/fr\/wp-json\/wp\/v2\/media\/76974"}],"wp:attachment":[{"href":"https:\/\/www.light-style.eu\/fr\/wp-json\/wp\/v2\/media?parent=79516"}],"wp:term":[{"taxonomy":"product_brand","embeddable":true,"href":"https:\/\/www.light-style.eu\/fr\/wp-json\/wp\/v2\/product_brand?post=79516"},{"taxonomy":"product_cat","embeddable":true,"href":"https:\/\/www.light-style.eu\/fr\/wp-json\/wp\/v2\/product_cat?post=79516"},{"taxonomy":"product_tag","embeddable":true,"href":"https:\/\/www.light-style.eu\/fr\/wp-json\/wp\/v2\/product_tag?post=79516"}],"curies":[{"name":"wp","href":"https:\/\/api.w.org\/{rel}","templated":true}]}}