{"id":97171,"date":"2025-01-23T15:08:59","date_gmt":"2025-01-23T14:09:20","guid":{"rendered":"https:\/\/www.light-style.eu\/?post_type=product&#038;p=97171"},"modified":"2025-01-23T16:14:49","modified_gmt":"2025-01-23T15:14:49","slug":"phare-dans-la-tempete-1-kopie","status":"publish","type":"product","link":"https:\/\/www.light-style.eu\/fr\/notre-boutique-photo\/phare-dans-la-tempete-1-kopie\/","title":{"rendered":"Phare dans la temp\u00eate 3"},"content":{"rendered":"<p>Voici une \u0153uvre qui n\u2019a jamais vu d\u2019appareil photo, mais qui a \u00e9t\u00e9 cr\u00e9\u00e9e uniquement par moi sur PC. En partie aussi parce que ce motif n\u2019existera tout simplement plus jamais \u00e0 notre \u00e9poque et que je l\u2019aime comme un vieux chien de mer. Phares dans la temp\u00eate, lutte du b\u00e2timent contre les forces massives de la nature, je trouve de tels motifs tout simplement g\u00e9niaux. Je me suis permis de laisser libre cours \u00e0 mon imagination pour cr\u00e9er ce motif. M\u00eame si cela ne rel\u00e8ve que de la pure fantaisie, je trouve \u00e7a g\u00e9nial, parce que \u00e7a montre aussi quelque chose du combat entre l\u2019homme et la nature. <\/p>\n<p>Cr\u00e9ez une \u0153uvre d\u2019art avec la technologie PC et IA.<\/p>\n<p>Si vous aimez quelque chose comme \u00e7a, faites-le moi savoir.<\/p>\n","protected":false},"excerpt":{"rendered":"<p>Tous nos tableaux acryliques et sur toile sont sign\u00e9s \u00e0 la main par l\u2019artiste et sont accompagn\u00e9s d\u2019un certificat d\u2019authenticit\u00e9<\/p>\n","protected":false},"featured_media":96904,"template":"","meta":{"advanced_seo_description":"","jetpack_seo_html_title":"","jetpack_seo_noindex":false,"ngg_post_thumbnail":0,"jetpack_publicize_message":"","jetpack_publicize_feature_enabled":true,"jetpack_social_post_already_shared":true,"jetpack_social_options":{"image_generator_settings":{"template":"highway","default_image_id":0,"font":"","enabled":false},"version":2}},"product_brand":[],"product_cat":[1953,1658,1655,1663,1666,1628],"product_tag":[1687,2414,2415,1754,2413],"class_list":{"0":"post-97171","1":"product","2":"type-product","3":"status-publish","4":"has-post-thumbnail","6":"product_cat-creations-ia-et-photoshop","7":"product_cat-mer","8":"product_cat-nature-fr","9":"product_cat-nouveaux-motifs","10":"product_cat-romance-maritime","11":"product_cat-tout","12":"product_tag-decoration-murale","13":"product_tag-images-cotieres","14":"product_tag-la-force-de-la-nature","15":"product_tag-phare","16":"product_tag-tempete","17":"pa_wandbilder-peinture-acrylique-20x30","18":"pa_wandbilder-peinture-acrylique-40x60","19":"pa_wandbilder-peinture-acrylique-60x90","20":"pa_wandbilder-photo-soie-mate-20x30cm","21":"pa_wandbilder-poster-satine-mat-30x45cm","22":"pa_wandbilder-poster-satine-mat-60x90cm","23":"pa_wandbilder-poster-semi-brillant-70x105cm","24":"pa_wandbilder-toile-20x30","25":"pa_wandbilder-toile-40x60","26":"pa_wandbilder-toile-60x90","27":"pa_wandbilder-toile-80-x-120-cm","28":"entry","29":"has-media","31":"first","32":"instock","33":"taxable","34":"shipping-taxable","35":"purchasable","36":"product-type-variable"},"jetpack_publicize_connections":[],"jetpack_likes_enabled":true,"jetpack_sharing_enabled":true,"_links":{"self":[{"href":"https:\/\/www.light-style.eu\/fr\/wp-json\/wp\/v2\/product\/97171","targetHints":{"allow":["GET"]}}],"collection":[{"href":"https:\/\/www.light-style.eu\/fr\/wp-json\/wp\/v2\/product"}],"about":[{"href":"https:\/\/www.light-style.eu\/fr\/wp-json\/wp\/v2\/types\/product"}],"wp:featuredmedia":[{"embeddable":true,"href":"https:\/\/www.light-style.eu\/fr\/wp-json\/wp\/v2\/media\/96904"}],"wp:attachment":[{"href":"https:\/\/www.light-style.eu\/fr\/wp-json\/wp\/v2\/media?parent=97171"}],"wp:term":[{"taxonomy":"product_brand","embeddable":true,"href":"https:\/\/www.light-style.eu\/fr\/wp-json\/wp\/v2\/product_brand?post=97171"},{"taxonomy":"product_cat","embeddable":true,"href":"https:\/\/www.light-style.eu\/fr\/wp-json\/wp\/v2\/product_cat?post=97171"},{"taxonomy":"product_tag","embeddable":true,"href":"https:\/\/www.light-style.eu\/fr\/wp-json\/wp\/v2\/product_tag?post=97171"}],"curies":[{"name":"wp","href":"https:\/\/api.w.org\/{rel}","templated":true}]}}