{"id":98356,"date":"2025-04-15T16:22:12","date_gmt":"2025-04-15T14:22:26","guid":{"rendered":"https:\/\/www.light-style.eu\/?post_type=product&#038;p=98356"},"modified":"2025-04-15T16:25:27","modified_gmt":"2025-04-15T14:25:27","slug":"eclaboussure-de-tomates-2-kopie","status":"publish","type":"product","link":"https:\/\/www.light-style.eu\/fr\/notre-boutique-photo\/eclaboussure-de-tomates-2-kopie\/","title":{"rendered":"\u00c9claboussure de tomates 3"},"content":{"rendered":"<h2 class=\"\" data-start=\"172\" data-end=\"245\"><strong data-start=\"178\" data-end=\"245\">\u00ab \u00c9claboussure de tomates 3 \u00bb \u2013 Un chef-d&rsquo;\u0153uvre de fra\u00eecheur et de dynamisme<\/strong><\/h2>\n<p class=\"\" data-start=\"247\" data-end=\"661\">Apportez une \u00e9nergie vivifiante et un raffinement artistique dans votre int\u00e9rieur avec cette fresque murale \u00e9poustouflante. \u00ab \u00c9claboussure de tomates 3 \u00bb capture l&rsquo;instant o\u00f9 des fruits frais s&rsquo;unissent \u00e0 l&rsquo;eau p\u00e9tillante dans une danse fascinante. L&rsquo;image, saisie avec la plus grande pr\u00e9cision par un photographe professionnel, r\u00e9v\u00e8le une explosion de couleurs et de formes qui semblent litt\u00e9ralement jaillir dans l&rsquo;espace.  <\/p>\n<h3 class=\"\" data-start=\"663\" data-end=\"690\"><strong data-start=\"670\" data-end=\"690\">Caract\u00e9ristiques du produit :<\/strong><\/h3>\n<ul data-start=\"692\" data-end=\"1101\">\n<li class=\"\" data-start=\"692\" data-end=\"837\">\n<p class=\"\" data-start=\"694\" data-end=\"837\"><strong data-start=\"694\" data-end=\"717\">Impression de haute qualit\u00e9 :<\/strong> L&rsquo;impression est r\u00e9alis\u00e9e dans un laboratoire photographique professionnel, r\u00e9put\u00e9 pour sa long\u00e9vit\u00e9 et son \u00e9clat des couleurs. Il ne s&rsquo;agit pas d&rsquo;une impression bon march\u00e9, mais d&rsquo;une qualit\u00e9 sup\u00e9rieure. <\/p>\n<\/li>\n<li class=\"\" data-start=\"839\" data-end=\"1007\">\n<p class=\"\" data-start=\"841\" data-end=\"1007\"><strong data-start=\"841\" data-end=\"864\">Syst\u00e8me d&rsquo;accrochage inclus<\/strong><\/p>\n<\/li>\n<li class=\"\" data-start=\"1009\" data-end=\"1101\">\n<p class=\"\" data-start=\"1011\" data-end=\"1101\"><strong data-start=\"1011\" data-end=\"1034\">Tailles vari\u00e9es :<\/strong> Disponible en diff\u00e9rentes dimensions, adapt\u00e9es \u00e0 tout concept d&rsquo;am\u00e9nagement int\u00e9rieur.<\/p>\n<\/li>\n<\/ul>\n<h3 class=\"\" data-start=\"1103\" data-end=\"1125\">\ufe0f <strong data-start=\"1111\" data-end=\"1125\">Id\u00e9al pour :<\/strong><\/h3>\n<ul data-start=\"1127\" data-end=\"1396\">\n<li class=\"\" data-start=\"1127\" data-end=\"1215\">\n<p class=\"\" data-start=\"1129\" data-end=\"1215\">Les salons, cuisines ou espaces de repas qui souhaitent d\u00e9gager une atmosph\u00e8re vivante.<\/p>\n<\/li>\n<li class=\"\" data-start=\"1217\" data-end=\"1322\">\n<p class=\"\" data-start=\"1219\" data-end=\"1322\">Les bureaux modernes ou espaces d&rsquo;accueil d\u00e9sireux d&rsquo;impressionner par une touche de fra\u00eecheur et de cr\u00e9ativit\u00e9.<\/p>\n<\/li>\n<li class=\"\" data-start=\"1324\" data-end=\"1396\">\n<p class=\"\" data-start=\"1326\" data-end=\"1396\">Les id\u00e9es de cadeaux pour les amateurs d&rsquo;art ou les passionn\u00e9s de photographie moderne.<\/p>\n<\/li>\n<\/ul>\n<h3 class=\"\" data-start=\"1398\" data-end=\"1426\">\u2728 <strong data-start=\"1404\" data-end=\"1426\">Pourquoi choisir cette image ?<\/strong><\/h3>\n<p class=\"\" data-start=\"1428\" data-end=\"1714\">\u00ab \u00c9claboussure de tomates 3 \u00bb est bien plus qu&rsquo;une simple fresque murale \u2013 c&rsquo;est une d\u00e9claration. Elle allie l&rsquo;art et la nature dans une interaction dynamique \u00e0 la fois apaisante et stimulante. La composition pr\u00e9cise et les couleurs vives en font un v\u00e9ritable point focal dans n&rsquo;importe quelle pi\u00e8ce.  <\/p>\n<hr class=\"\" data-start=\"1716\" data-end=\"1719\">\n","protected":false},"excerpt":{"rendered":"<p>Tous nos tableaux acryliques et sur toile sont sign\u00e9s \u00e0 la main par l\u2019artiste et sont accompagn\u00e9s d\u2019un certificat d\u2019authenticit\u00e9<\/p>\n","protected":false},"featured_media":98384,"template":"","meta":{"advanced_seo_description":"","jetpack_seo_html_title":"","jetpack_seo_noindex":false,"ngg_post_thumbnail":0,"jetpack_publicize_message":"","jetpack_publicize_feature_enabled":true,"jetpack_social_post_already_shared":true,"jetpack_social_options":{"image_generator_settings":{"template":"highway","default_image_id":0,"font":"","enabled":false},"version":2}},"product_brand":[],"product_cat":[1634,1633,1667,1663,1631,1628],"product_tag":[1726,1742,1740,1729,1727],"class_list":{"0":"post-98356","1":"product","2":"type-product","3":"status-publish","4":"has-post-thumbnail","6":"product_cat-manger","7":"product_cat-manger-boire","8":"product_cat-nature-morte","9":"product_cat-nouveaux-motifs","10":"product_cat-ouvrages-dart","11":"product_cat-tout","12":"product_tag-cuisine","13":"product_tag-nature-morte","14":"product_tag-nourriture","15":"product_tag-photo-du-bar","16":"product_tag-travail-en-studio","17":"pa_wandbilder-affiche-semi-brillante-40x60-cm","18":"pa_wandbilder-peinture-acrylique-20x30","19":"pa_wandbilder-peinture-acrylique-40x60","20":"pa_wandbilder-peinture-acrylique-60x90","21":"pa_wandbilder-photo-soie-mate-20x30cm","22":"pa_wandbilder-poster-satine-mat-30x45cm","23":"pa_wandbilder-poster-satine-mat-60x90cm","24":"pa_wandbilder-poster-semi-brillant-70x105cm","25":"pa_wandbilder-toile-20x30","26":"pa_wandbilder-toile-40x60","27":"pa_wandbilder-toile-60x90","28":"pa_wandbilder-toile-80-x-120-cm","29":"entry","30":"has-media","32":"first","33":"instock","34":"taxable","35":"shipping-taxable","36":"purchasable","37":"product-type-variable","38":"has-default-attributes"},"jetpack_publicize_connections":[],"jetpack_likes_enabled":true,"jetpack_sharing_enabled":true,"_links":{"self":[{"href":"https:\/\/www.light-style.eu\/fr\/wp-json\/wp\/v2\/product\/98356","targetHints":{"allow":["GET"]}}],"collection":[{"href":"https:\/\/www.light-style.eu\/fr\/wp-json\/wp\/v2\/product"}],"about":[{"href":"https:\/\/www.light-style.eu\/fr\/wp-json\/wp\/v2\/types\/product"}],"wp:featuredmedia":[{"embeddable":true,"href":"https:\/\/www.light-style.eu\/fr\/wp-json\/wp\/v2\/media\/98384"}],"wp:attachment":[{"href":"https:\/\/www.light-style.eu\/fr\/wp-json\/wp\/v2\/media?parent=98356"}],"wp:term":[{"taxonomy":"product_brand","embeddable":true,"href":"https:\/\/www.light-style.eu\/fr\/wp-json\/wp\/v2\/product_brand?post=98356"},{"taxonomy":"product_cat","embeddable":true,"href":"https:\/\/www.light-style.eu\/fr\/wp-json\/wp\/v2\/product_cat?post=98356"},{"taxonomy":"product_tag","embeddable":true,"href":"https:\/\/www.light-style.eu\/fr\/wp-json\/wp\/v2\/product_tag?post=98356"}],"curies":[{"name":"wp","href":"https:\/\/api.w.org\/{rel}","templated":true}]}}