{"id":98657,"date":"2025-04-15T16:33:57","date_gmt":"2025-04-15T14:34:11","guid":{"rendered":"https:\/\/www.light-style.eu\/?post_type=product&#038;p=98657"},"modified":"2025-04-15T16:36:31","modified_gmt":"2025-04-15T14:36:31","slug":"billard-de-fruits-1-kopie-kopie","status":"publish","type":"product","link":"https:\/\/www.light-style.eu\/fr\/notre-boutique-photo\/billard-de-fruits-1-kopie-kopie\/","title":{"rendered":"Billard de Fruits 3"},"content":{"rendered":"<p>Ma m\u00e8re disait toujours : \u00ab Mon gar\u00e7on, on ne joue pas avec la nourriture \u00bb, mais je n&rsquo;ai jamais \u00e9t\u00e9 un enfant sage \ud83d\ude09<\/p>\n<p>Aucune intelligence artificielle n&rsquo;a \u00e9t\u00e9 utilis\u00e9e, mais photographi\u00e9 \u00e0 l&rsquo;ancienne, un point fort pour la cuisine et le restaurant.<\/p>\n<h2 class=\"\" data-start=\"131\" data-end=\"208\"><strong data-start=\"137\" data-end=\"208\">\u00ab Billard de Fruits 1 \u00bb \u2013 Une nature morte culinaire dans le style du billard<\/strong><\/h2>\n<p class=\"\" data-start=\"210\" data-end=\"422\">Immergez-vous dans l&rsquo;univers fascinant de l&rsquo;art culinaire avec \u00ab Billard de Fruits 3 \u00bb. <span class=\"relative -mx-px my-[-0.2rem] rounded px-px py-[0.2rem] transition-colors duration-100 ease-in-out\">Cette photographie professionnelle de haute qualit\u00e9 pr\u00e9sente des pommes, des tomates, des oignons et des asperges dans une disposition unique \u00e9voquant une partie de billard.<\/span> <span class=\"relative -mx-px my-[-0.2rem] rounded px-px py-[0.2rem] transition-colors duration-100 ease-in-out\">La composition pr\u00e9cise et les couleurs vives conf\u00e8rent \u00e0 votre espace une atmosph\u00e8re \u00e0 la fois dynamique et harmonieuse.<\/span><\/p>\n<h3 class=\"\" data-start=\"424\" data-end=\"451\"><strong data-start=\"431\" data-end=\"451\">Caract\u00e9ristiques du produit :<\/strong><\/h3>\n<ul data-start=\"453\" data-end=\"799\">\n<li class=\"\" data-start=\"453\" data-end=\"567\">\n<p class=\"\" data-start=\"455\" data-end=\"567\"><strong data-start=\"455\" data-end=\"485\">Photographie professionnelle :<\/strong> <span class=\"relative -mx-px my-[-0.2rem] rounded px-px py-[0.2rem] transition-colors duration-100 ease-in-out\">Chaque d\u00e9tail a \u00e9t\u00e9 captur\u00e9 avec la plus grande pr\u00e9cision pour souligner la beaut\u00e9 naturelle des aliments.<\/span><\/p>\n<\/li>\n<li class=\"\" data-start=\"569\" data-end=\"676\">\n<p class=\"\" data-start=\"571\" data-end=\"676\"><strong data-start=\"571\" data-end=\"594\">Impression de haute qualit\u00e9 :<\/strong> <span class=\"relative -mx-px my-[-0.2rem] rounded px-px py-[0.2rem] transition-colors duration-100 ease-in-out\">L&rsquo;image est imprim\u00e9e sur un mat\u00e9riau de haute qualit\u00e9, reconnu pour sa long\u00e9vit\u00e9 et son \u00e9clat des couleurs.<\/span><\/p>\n<\/li>\n<li class=\"\" data-start=\"678\" data-end=\"799\">\n<p class=\"\" data-start=\"680\" data-end=\"799\"><strong data-start=\"680\" data-end=\"717\">Applications polyvalentes :<\/strong> <span class=\"relative -mx-px my-[-0.2rem] rounded px-px py-[0.2rem] transition-colors duration-100 ease-in-out\">Id\u00e9al pour les cuisines, les salles \u00e0 manger, les restaurants ou comme cadeau sp\u00e9cial pour les gourmets et les amateurs d&rsquo;art.<\/span><\/p>\n<\/li>\n<\/ul>\n<h3 class=\"\" data-start=\"801\" data-end=\"831\">\ufe0f <strong data-start=\"809\" data-end=\"831\">Pourquoi cette image ?<\/strong><\/h3>\n<p class=\"\" data-start=\"833\" data-end=\"1178\">\u00ab Billard de Fruits 3 \u00bb est bien plus qu&rsquo;une simple d\u00e9coration murale \u2013 c&rsquo;est une d\u00e9claration. Elle allie l&rsquo;art et la cuisine de mani\u00e8re unique et attire tous les regards. La combinaison d&rsquo;aliments quotidiens dispos\u00e9s \u00e0 la mani\u00e8re d&rsquo;une partie de billard conf\u00e8re \u00e0 l&rsquo;image une \u00e9l\u00e9gance ludique.  <\/p>\n<p>&nbsp;<\/p>\n","protected":false},"excerpt":{"rendered":"<p>Tous nos tableaux acryliques et sur toile sont sign\u00e9s \u00e0 la main par l\u2019artiste et sont accompagn\u00e9s d\u2019un certificat d\u2019authenticit\u00e9<\/p>\n","protected":false},"featured_media":98685,"template":"","meta":{"advanced_seo_description":"","jetpack_seo_html_title":"","jetpack_seo_noindex":false,"ngg_post_thumbnail":0,"jetpack_publicize_message":"","jetpack_publicize_feature_enabled":true,"jetpack_social_post_already_shared":true,"jetpack_social_options":{"image_generator_settings":{"template":"highway","default_image_id":0,"font":"","enabled":false},"version":2}},"product_brand":[],"product_cat":[1634,1633,1667,1663,1631,1628],"product_tag":[1726,1742,1740,1729,1727],"class_list":{"0":"post-98657","1":"product","2":"type-product","3":"status-publish","4":"has-post-thumbnail","6":"product_cat-manger","7":"product_cat-manger-boire","8":"product_cat-nature-morte","9":"product_cat-nouveaux-motifs","10":"product_cat-ouvrages-dart","11":"product_cat-tout","12":"product_tag-cuisine","13":"product_tag-nature-morte","14":"product_tag-nourriture","15":"product_tag-photo-du-bar","16":"product_tag-travail-en-studio","17":"pa_wandbilder-affiche-semi-brillante-40x60-cm","18":"pa_wandbilder-peinture-acrylique-20x30","19":"pa_wandbilder-peinture-acrylique-40x60","20":"pa_wandbilder-peinture-acrylique-60x90","21":"pa_wandbilder-photo-soie-mate-20x30cm","22":"pa_wandbilder-poster-satine-mat-30x45cm","23":"pa_wandbilder-poster-satine-mat-60x90cm","24":"pa_wandbilder-poster-semi-brillant-70x105cm","25":"pa_wandbilder-toile-20x30","26":"pa_wandbilder-toile-40x60","27":"pa_wandbilder-toile-60x90","28":"pa_wandbilder-toile-80-x-120-cm","29":"entry","30":"has-media","32":"first","33":"instock","34":"taxable","35":"shipping-taxable","36":"purchasable","37":"product-type-variable","38":"has-default-attributes"},"jetpack_publicize_connections":[],"jetpack_likes_enabled":true,"jetpack_sharing_enabled":true,"_links":{"self":[{"href":"https:\/\/www.light-style.eu\/fr\/wp-json\/wp\/v2\/product\/98657","targetHints":{"allow":["GET"]}}],"collection":[{"href":"https:\/\/www.light-style.eu\/fr\/wp-json\/wp\/v2\/product"}],"about":[{"href":"https:\/\/www.light-style.eu\/fr\/wp-json\/wp\/v2\/types\/product"}],"wp:featuredmedia":[{"embeddable":true,"href":"https:\/\/www.light-style.eu\/fr\/wp-json\/wp\/v2\/media\/98685"}],"wp:attachment":[{"href":"https:\/\/www.light-style.eu\/fr\/wp-json\/wp\/v2\/media?parent=98657"}],"wp:term":[{"taxonomy":"product_brand","embeddable":true,"href":"https:\/\/www.light-style.eu\/fr\/wp-json\/wp\/v2\/product_brand?post=98657"},{"taxonomy":"product_cat","embeddable":true,"href":"https:\/\/www.light-style.eu\/fr\/wp-json\/wp\/v2\/product_cat?post=98657"},{"taxonomy":"product_tag","embeddable":true,"href":"https:\/\/www.light-style.eu\/fr\/wp-json\/wp\/v2\/product_tag?post=98657"}],"curies":[{"name":"wp","href":"https:\/\/api.w.org\/{rel}","templated":true}]}}